{"id":996,"date":"2021-01-25T11:56:05","date_gmt":"2021-01-25T10:56:05","guid":{"rendered":"https:\/\/rodolphevigne.com\/?post_type=product&#038;p=996"},"modified":"2022-06-24T18:39:27","modified_gmt":"2022-06-24T16:39:27","slug":"soin-masculin-feminin-avec-les-dragons-alfa-omega","status":"publish","type":"product","link":"https:\/\/rodolphevigne.com\/?product=soin-masculin-feminin-avec-les-dragons-alfa-omega","title":{"rendered":"S\u00e9ance sur le Masculin\/F\u00e9minin avec l&rsquo;\u00e9nergie des Dragons Alfa &#038; Om\u00e9ga"},"content":{"rendered":"<div>\n<h4><strong>Bonjour, <\/strong><\/h4>\n<h4><strong>la vie dans son mouvement nous fais \u00e9voluer, nous les humains. Pour ma part le changement que je vis actuellement m\u2019ouvre \u00e0 plus de clart\u00e9 int\u00e9rieur, \u00e9largit mon horizon et d\u2019autres actions\/cr\u00e9ations se proposent \u00e0 moi.<\/strong><\/h4>\n<h4><strong>Cela fais \u00e9voluer ma pratique, l\u2019enrichi et m\u2019am\u00e8ne naturellement \u00e0 vous proposer une nouvelle approche \u00e9nerg\u00e9tique. Elle aussi d\u2019une grande richesse. Ma capacit\u00e9 \u00e0 ouvrir en grand mon canal de lumi\u00e8re et mon c\u0153ur me permet d\u2019acc\u00e9der \u00e0 de hautes \u00e9nergies vibratoires et spirituelles. <\/strong><\/h4>\n<h4><strong>Ce que je vous propose c\u2019est donc de capter pour vous ces hautes \u00e9nergies et de vous les transf\u00e9rer. C\u2019est l\u00e0 que se cantonne mon \u201cr\u00f4le\u201d. Ces \u00e9nergies sont juste et vous recevrez ce qui est juste pour vous.<\/strong><\/h4>\n<h4><strong>L\u2019intervention \u00e9nerg\u00e9tique peut aller de quelques minutes \u00e0 plusieurs dizaine de minutes. Il n\u2019y a pas de plus ou de moins. Seulement ce qui est juste pour vous dans l\u2019instant.<\/strong><\/h4>\n<h4><strong>Le proc\u00e9d\u00e9 est simple. Une fois le paiement effectu\u00e9 vous prenez contact avec moi pour que nous d\u00e9cidions du jour et de l\u2019heure du rendez vous. A ce moment nous prenons le temps d&rsquo;un \u00e9change entre nous et en quelques mots je vous transmet l\u2019\u00e9nergie que vous avez choisi, puis nous raccrochons. Une fois termin\u00e9 nous reprenons contact pour partager le ressenti de votre s\u00e9ance.<\/strong><\/h4>\n<h4><strong>J\u2019\u0153uvre avec des \u00e9nergies que je ressens comme proche de moi sur un plan vibratoire. Elles me sont famili\u00e8re et j\u2019ai une facilit\u00e9 \u00e0 les connecter. J\u2019utilise des Oracles comme support. Il y a l\u2019Oracle des Dragons, des Archanges, des Dauphins et bien \u00eatre d\u2019autres qui vont venir \u00e9toffer mon catalogue. <\/strong><\/h4>\n<h4><strong>Je peux vous aider \u00e0 choisir l\u2019Oracle qui vous correspond dans l\u2019instant ou alors vous savez d\u00e9j\u00e0 avec quelle \u00e9nergie vous voulez interagir.<\/strong><\/h4>\n<h4><strong>Vous pouvez visualiser les \u00e9nergies comme des concepts int\u00e9rieur, des arch\u00e9types que nous avons besoin d\u2019int\u00e9grer en nous pour devenir encore un peu plus conscient. Ce sont \u00e9galement des fr\u00e9quences vibratoires \u00e0 m\u00eame d\u2019\u00e9quilibrer notre vibration et de l\u2019amener \u00e0 plus de justesse.<br \/>\n<\/strong><\/h4>\n<h4><strong>Recevoir de hautes \u00e9nergies est tr\u00e8s lib\u00e9rateur et porteur pour nous Humain. Cela nous permet d\u2019\u00e9voluer sur notre chemin de vie, de gu\u00e9rison au plus pr\u00e8s de notre \u00c2me.<\/strong><\/h4>\n<h4><strong>\u00a0<\/strong><\/h4>\n<\/div>\n<span class=\"et_bloom_bottom_trigger\"><\/span>","protected":false},"excerpt":{"rendered":"<p>Bonjour, la vie dans son mouvement nous fais \u00e9voluer, nous les humains. Pour ma part le changement que je vis actuellement m\u2019ouvre \u00e0 plus de clart\u00e9 int\u00e9rieur, \u00e9largit mon horizon et d\u2019autres actions\/cr\u00e9ations se proposent \u00e0 moi. Cela fais \u00e9voluer ma pratique, l\u2019enrichi et m\u2019am\u00e8ne naturellement \u00e0 vous proposer une nouvelle approche \u00e9nerg\u00e9tique. Elle aussi&hellip;&nbsp;<a href=\"https:\/\/rodolphevigne.com\/?product=soin-masculin-feminin-avec-les-dragons-alfa-omega\" class=\"\" rel=\"bookmark\">Lire la suite &raquo;<span class=\"screen-reader-text\">S\u00e9ance sur le Masculin\/F\u00e9minin avec l&rsquo;\u00e9nergie des Dragons Alfa &#038; Om\u00e9ga<\/span><\/a><\/p>\n","protected":false},"featured_media":978,"template":"","meta":{"neve_meta_sidebar":"","neve_meta_container":"","neve_meta_enable_content_width":"","neve_meta_content_width":0,"neve_meta_title_alignment":"","neve_meta_author_avatar":"","neve_post_elements_order":"","neve_meta_disable_header":"","neve_meta_disable_footer":"","neve_meta_disable_title":"","_ti_tpc_template_sync":false,"_ti_tpc_template_id":""},"class_list":{"0":"post-996","1":"product","2":"type-product","3":"status-publish","4":"has-post-thumbnail","6":"product_cat-individuels","8":"first","9":"instock","10":"taxable","11":"shipping-taxable","12":"purchasable","13":"product-type-simple"},"_links":{"self":[{"href":"https:\/\/rodolphevigne.com\/index.php?rest_route=\/wp\/v2\/product\/996"}],"collection":[{"href":"https:\/\/rodolphevigne.com\/index.php?rest_route=\/wp\/v2\/product"}],"about":[{"href":"https:\/\/rodolphevigne.com\/index.php?rest_route=\/wp\/v2\/types\/product"}],"wp:featuredmedia":[{"embeddable":true,"href":"https:\/\/rodolphevigne.com\/index.php?rest_route=\/wp\/v2\/media\/978"}],"wp:attachment":[{"href":"https:\/\/rodolphevigne.com\/index.php?rest_route=%2Fwp%2Fv2%2Fmedia&parent=996"}],"curies":[{"name":"wp","href":"https:\/\/api.w.org\/{rel}","templated":true}]}}