{"id":340,"date":"2019-11-20T15:12:02","date_gmt":"2019-11-20T14:12:02","guid":{"rendered":"https:\/\/rodolphevigne.com\/?post_type=product&#038;p=340"},"modified":"2022-06-20T11:05:08","modified_gmt":"2022-06-20T09:05:08","slug":"soin-pour-les-enfants-ado","status":"publish","type":"product","link":"https:\/\/rodolphevigne.com\/?product=soin-pour-les-enfants-ado","title":{"rendered":"Soin pour les enfants \/ ado"},"content":{"rendered":"<div class=\"elementor-element elementor-element-b886bf1 elementor-column elementor-col-66 elementor-top-column\" data-id=\"b886bf1\" data-element_type=\"column\">\n<div class=\"elementor-column-wrap elementor-element-populated\">\n<div class=\"elementor-widget-wrap\">\n<div class=\"elementor-element elementor-element-95921b3 elementor-widget elementor-widget-text-editor\" data-id=\"95921b3\" data-element_type=\"widget\" data-widget_type=\"text-editor.default\">\n<div class=\"elementor-widget-container\">\n<div class=\"elementor-text-editor elementor-clearfix\">\n<h4><strong>Pour les enfants \/ ado\u00a0<\/strong><\/h4>\n<h4><em>En pr\u00e9sence ou \u00e0 distance<\/em><\/h4>\n<h4><em>Pour permettre \u00e0 l\u2019enfant de faire fasse aux maladies infantiles. D\u2019avoir la ressource n\u00e9cessaire pour activer et exprimer son potentiel. D\u2019avoir l\u2019\u00e9nergie pour \u201csuivre le rythme\u201d. Pour \u00e9vacuer tension et traumatisme : vie intra-ut\u00e9rine, naissance et autres \u00e9v\u00e9nements li\u00e9 \u00e0 la vie qui peuvent \u00eatre potentiellement traumatisant ou simplement incompris. \u00c9vacuer au plut\u00f4t ses tensions permet \u00e0 l\u2019enfant d\u2019\u00eatre plus lib\u00e9rer. Beaucoup d\u2019adulte son encore emp\u00eatr\u00e9 dans des tensions li\u00e9e \u00e0 l\u2019enfance.\u00a0<\/em><\/h4>\n<h4><em><strong>50 \u20ac s\u00e9ance d\u2019une heure<\/strong><\/em><\/h4>\n<\/div>\n<\/div>\n<\/div>\n<\/div>\n<\/div>\n<\/div>\n<span class=\"et_bloom_bottom_trigger\"><\/span>","protected":false},"excerpt":{"rendered":"<p>Pour les enfants \/ ado\u00a0 En pr\u00e9sence ou \u00e0 distance Pour permettre \u00e0 l\u2019enfant de faire fasse aux maladies infantiles. D\u2019avoir la ressource n\u00e9cessaire pour activer et exprimer son potentiel. D\u2019avoir l\u2019\u00e9nergie pour \u201csuivre le rythme\u201d. Pour \u00e9vacuer tension et traumatisme : vie intra-ut\u00e9rine, naissance et autres \u00e9v\u00e9nements li\u00e9 \u00e0 la vie qui peuvent \u00eatre&hellip;&nbsp;<a href=\"https:\/\/rodolphevigne.com\/?product=soin-pour-les-enfants-ado\" class=\"\" rel=\"bookmark\">Lire la suite &raquo;<span class=\"screen-reader-text\">Soin pour les enfants \/ ado<\/span><\/a><\/p>\n","protected":false},"featured_media":1599,"template":"","meta":{"neve_meta_sidebar":"","neve_meta_container":"","neve_meta_enable_content_width":"","neve_meta_content_width":0,"neve_meta_title_alignment":"","neve_meta_author_avatar":"","neve_post_elements_order":"","neve_meta_disable_header":"","neve_meta_disable_footer":"","neve_meta_disable_title":"","_ti_tpc_template_sync":false,"_ti_tpc_template_id":""},"class_list":{"0":"post-340","1":"product","2":"type-product","3":"status-publish","4":"has-post-thumbnail","6":"product_cat-soin-enfant-ado","8":"first","9":"instock","10":"taxable","11":"shipping-taxable","12":"purchasable","13":"product-type-simple"},"_links":{"self":[{"href":"https:\/\/rodolphevigne.com\/index.php?rest_route=\/wp\/v2\/product\/340"}],"collection":[{"href":"https:\/\/rodolphevigne.com\/index.php?rest_route=\/wp\/v2\/product"}],"about":[{"href":"https:\/\/rodolphevigne.com\/index.php?rest_route=\/wp\/v2\/types\/product"}],"wp:featuredmedia":[{"embeddable":true,"href":"https:\/\/rodolphevigne.com\/index.php?rest_route=\/wp\/v2\/media\/1599"}],"wp:attachment":[{"href":"https:\/\/rodolphevigne.com\/index.php?rest_route=%2Fwp%2Fv2%2Fmedia&parent=340"}],"curies":[{"name":"wp","href":"https:\/\/api.w.org\/{rel}","templated":true}]}}