{"id":335,"date":"2019-11-20T14:57:48","date_gmt":"2019-11-20T13:57:48","guid":{"rendered":"https:\/\/rodolphevigne.com\/?post_type=product&#038;p=335"},"modified":"2022-06-24T18:47:55","modified_gmt":"2022-06-24T16:47:55","slug":"le-soin-familial","status":"publish","type":"product","link":"https:\/\/rodolphevigne.com\/?product=le-soin-familial","title":{"rendered":"La s\u00e9ance familiale"},"content":{"rendered":"<div class=\"elementor-element elementor-element-6633be8 elementor-column elementor-col-66 elementor-top-column\" data-id=\"6633be8\" data-element_type=\"column\">\n<div class=\"elementor-column-wrap elementor-element-populated\">\n<div class=\"elementor-widget-wrap\">\n<div class=\"elementor-element elementor-element-883826d elementor-widget elementor-widget-text-editor\" data-id=\"883826d\" data-element_type=\"widget\" data-widget_type=\"text-editor.default\">\n<div class=\"elementor-widget-container\">\n<div class=\"elementor-text-editor elementor-clearfix\">\n<h4><strong>La s\u00e9ance familiale<\/strong><\/h4>\n<h4><em>Uniquement \u00e0 distance<\/em><\/h4>\n<h4><em>Cette s\u00e9ance permet \u00e0 l\u2019ensemble de la famille d\u2019\u00eatre dans un \u00e9tat d\u2019\u00e9quilibre. Les enfants viennent chercher la ressource chez leur parent, ils leur aient donc important d\u2019avoir acc\u00e8s \u00e0 leur propre ressource. Cet \u00e9tat permet une meilleur communication, des \u00e9changes plus sain, plus juste entre les membres de la famille.\u00a0 Pour un apaisement du climat familial. \u00a0\u00a0 \u00a0 \u00a0 \u00a0<\/em><\/h4>\n<h4><em><strong>22\u20ac par personne, s\u00e9ance d\u2019une heure<\/strong><\/em><\/h4>\n<\/div>\n<\/div>\n<\/div>\n<\/div>\n<\/div>\n<\/div>\n<span class=\"et_bloom_bottom_trigger\"><\/span>","protected":false},"excerpt":{"rendered":"<p>La s\u00e9ance familiale Uniquement \u00e0 distance Cette s\u00e9ance permet \u00e0 l\u2019ensemble de la famille d\u2019\u00eatre dans un \u00e9tat d\u2019\u00e9quilibre. Les enfants viennent chercher la ressource chez leur parent, ils leur aient donc important d\u2019avoir acc\u00e8s \u00e0 leur propre ressource. Cet \u00e9tat permet une meilleur communication, des \u00e9changes plus sain, plus juste entre les membres de&hellip;&nbsp;<a href=\"https:\/\/rodolphevigne.com\/?product=le-soin-familial\" class=\"\" rel=\"bookmark\">Lire la suite &raquo;<span class=\"screen-reader-text\">La s\u00e9ance familiale<\/span><\/a><\/p>\n","protected":false},"featured_media":117,"template":"","meta":{"neve_meta_sidebar":"","neve_meta_container":"","neve_meta_enable_content_width":"","neve_meta_content_width":0,"neve_meta_title_alignment":"","neve_meta_author_avatar":"","neve_post_elements_order":"","neve_meta_disable_header":"","neve_meta_disable_footer":"","neve_meta_disable_title":"","_ti_tpc_template_sync":false,"_ti_tpc_template_id":""},"class_list":{"0":"post-335","1":"product","2":"type-product","3":"status-publish","4":"has-post-thumbnail","6":"product_cat-collectifs","8":"first","9":"instock","10":"taxable","11":"shipping-taxable","12":"purchasable","13":"product-type-simple"},"_links":{"self":[{"href":"https:\/\/rodolphevigne.com\/index.php?rest_route=\/wp\/v2\/product\/335"}],"collection":[{"href":"https:\/\/rodolphevigne.com\/index.php?rest_route=\/wp\/v2\/product"}],"about":[{"href":"https:\/\/rodolphevigne.com\/index.php?rest_route=\/wp\/v2\/types\/product"}],"wp:featuredmedia":[{"embeddable":true,"href":"https:\/\/rodolphevigne.com\/index.php?rest_route=\/wp\/v2\/media\/117"}],"wp:attachment":[{"href":"https:\/\/rodolphevigne.com\/index.php?rest_route=%2Fwp%2Fv2%2Fmedia&parent=335"}],"curies":[{"name":"wp","href":"https:\/\/api.w.org\/{rel}","templated":true}]}}