{"id":329,"date":"2019-11-20T14:30:46","date_gmt":"2019-11-20T13:30:46","guid":{"rendered":"https:\/\/rodolphevigne.com\/?post_type=product&#038;p=329"},"modified":"2025-01-09T14:49:14","modified_gmt":"2025-01-09T13:49:14","slug":"le-soin-collectif","status":"publish","type":"product","link":"https:\/\/rodolphevigne.com\/?product=le-soin-collectif","title":{"rendered":"La s\u00e9ance collective"},"content":{"rendered":"<div class=\"elementor-element elementor-element-237d8f2 elementor-column elementor-col-66 elementor-top-column\" data-id=\"237d8f2\" data-element_type=\"column\">\n<div class=\"elementor-column-wrap elementor-element-populated\">\n<div class=\"elementor-widget-wrap\">\n<div class=\"elementor-element elementor-element-5d551fb elementor-widget elementor-widget-text-editor\" data-id=\"5d551fb\" data-element_type=\"widget\" data-widget_type=\"text-editor.default\">\n<div class=\"elementor-widget-container\">\n<div class=\"elementor-text-editor elementor-clearfix\">\n<h4><em>En pr\u00e9sence ou \u00e0 distance\u00a0\u00a0\u00a0\u00a0\u00a0\u00a0\u00a0\u00a0\u00a0\u00a0\u00a0\u00a0\u00a0\u00a0\u00a0\u00a0\u00a0\u00a0\u00a0\u00a0\u00a0\u00a0\u00a0\u00a0\u00a0\u00a0\u00a0\u00a0\u00a0\u00a0\u00a0\u00a0\u00a0\u00a0\u00a0\u00a0\u00a0\u00a0\u00a0\u00a0\u00a0\u00a0\u00a0\u00a0\u00a0 \u00a0 \u00a0 \u00a0 \u00a0 \u00a0 \u00a0 \u00a0 \u00a0 \u00a0 \u00a0 \u00a0 \u00a0 \u00a0 \u00a0 \u00a0 \u00a0 \u00a0\u00a0<\/em><\/h4>\n<h4><em> Cette s\u00e9ance de groupe permet \u00e0 plusieurs personnes, qu\u2019elles se connaissent ou pas, qu\u2019elles soient dans un m\u00eame lieu ou pas de recevoir un afflux d\u2019\u00e9nergie pour un travail global et en profondeur. De plus des \u00e9changes \u00e9nerg\u00e9tiques qui se font entre les participants apportent une richesse suppl\u00e9mentaire \u00e0 ce moment en permettant une co\u00e9volution. <\/em><\/h4>\n<h4><em>-Lib\u00e9ration\u00a0 \u00e9motionnelles<\/em><\/h4>\n<h4><em>-Harmonisation chakras \/ corps subtils<\/em><\/h4>\n<h4><em>-D\u00e9-cristallisation des \u00e9nergies bloqu\u00e9es et limitantes\u00a0<\/em><\/h4>\n<h4><em>-R\u00e9g\u00e9n\u00e9ration physique<\/em><\/h4>\n<h4><em>\u00a013<strong> \u20ac par personne, s\u00e9ance d\u2019une heure, \u00e0 partir de 3 personnes<\/strong><br \/>\n<\/em><\/h4>\n<p><a href=\"https:\/\/rodolphevigne.com\/?page_id=19\"><em><strong>R\u00e9server<\/strong><\/em><\/a><\/p>\n<\/div>\n<\/div>\n<\/div>\n<\/div>\n<\/div>\n<\/div>\n<span class=\"et_bloom_bottom_trigger\"><\/span>","protected":false},"excerpt":{"rendered":"<p>En pr\u00e9sence ou \u00e0 distance\u00a0\u00a0\u00a0\u00a0\u00a0\u00a0\u00a0\u00a0\u00a0\u00a0\u00a0\u00a0\u00a0\u00a0\u00a0\u00a0\u00a0\u00a0\u00a0\u00a0\u00a0\u00a0\u00a0\u00a0\u00a0\u00a0\u00a0\u00a0\u00a0\u00a0\u00a0\u00a0\u00a0\u00a0\u00a0\u00a0\u00a0\u00a0\u00a0\u00a0\u00a0\u00a0\u00a0\u00a0\u00a0 \u00a0 \u00a0 \u00a0 \u00a0 \u00a0 \u00a0 \u00a0 \u00a0 \u00a0 \u00a0 \u00a0 \u00a0 \u00a0 \u00a0 \u00a0 \u00a0 \u00a0\u00a0 Cette s\u00e9ance de groupe permet \u00e0 plusieurs personnes, qu\u2019elles se connaissent ou pas, qu\u2019elles soient dans un m\u00eame lieu ou pas de recevoir un afflux d\u2019\u00e9nergie pour un travail global et en profondeur.&hellip;&nbsp;<a href=\"https:\/\/rodolphevigne.com\/?product=le-soin-collectif\" class=\"\" rel=\"bookmark\">Lire la suite &raquo;<span class=\"screen-reader-text\">La s\u00e9ance collective<\/span><\/a><\/p>\n","protected":false},"featured_media":245,"template":"","meta":{"neve_meta_sidebar":"","neve_meta_container":"","neve_meta_enable_content_width":"off","neve_meta_content_width":100,"neve_meta_title_alignment":"","neve_meta_author_avatar":"","neve_post_elements_order":"","neve_meta_disable_header":"","neve_meta_disable_footer":"","neve_meta_disable_title":"","_ti_tpc_template_sync":false,"_ti_tpc_template_id":""},"class_list":{"0":"post-329","1":"product","2":"type-product","3":"status-publish","4":"has-post-thumbnail","6":"product_cat-collectifs","8":"first","9":"instock","10":"taxable","11":"shipping-taxable","12":"purchasable","13":"product-type-simple"},"_links":{"self":[{"href":"https:\/\/rodolphevigne.com\/index.php?rest_route=\/wp\/v2\/product\/329"}],"collection":[{"href":"https:\/\/rodolphevigne.com\/index.php?rest_route=\/wp\/v2\/product"}],"about":[{"href":"https:\/\/rodolphevigne.com\/index.php?rest_route=\/wp\/v2\/types\/product"}],"wp:featuredmedia":[{"embeddable":true,"href":"https:\/\/rodolphevigne.com\/index.php?rest_route=\/wp\/v2\/media\/245"}],"wp:attachment":[{"href":"https:\/\/rodolphevigne.com\/index.php?rest_route=%2Fwp%2Fv2%2Fmedia&parent=329"}],"curies":[{"name":"wp","href":"https:\/\/api.w.org\/{rel}","templated":true}]}}