{"id":319,"date":"2019-11-20T12:11:12","date_gmt":"2019-11-20T11:11:12","guid":{"rendered":"https:\/\/rodolphevigne.com\/?post_type=product&#038;p=319"},"modified":"2022-03-07T11:55:28","modified_gmt":"2022-03-07T10:55:28","slug":"nettoyage-des-lieux","status":"publish","type":"product","link":"https:\/\/rodolphevigne.com\/?product=nettoyage-des-lieux","title":{"rendered":"Nettoyage des lieux"},"content":{"rendered":"<div class=\"elementor-element elementor-element-22a399c elementor-column elementor-col-66 elementor-top-column\" data-id=\"22a399c\" data-element_type=\"column\">\n<div class=\"elementor-column-wrap elementor-element-populated\">\n<div class=\"elementor-widget-wrap\">\n<div class=\"elementor-element elementor-element-8ec97cf elementor-widget elementor-widget-text-editor\" data-id=\"8ec97cf\" data-element_type=\"widget\" data-widget_type=\"text-editor.default\">\n<div class=\"elementor-widget-container\">\n<div class=\"elementor-text-editor elementor-clearfix\">\n<h4><em>En pr\u00e9sence ou \u00e0 distance<\/em><strong><br \/>\n<\/strong><\/h4>\n<h4><\/h4>\n<h4><em>Nous sommes en relations avec notre environnement. Et quand un lieu est d\u00e9stabilis\u00e9, porteur de \u201cmauvaise\u201d vibration cela va d\u2019une fa\u00e7on ou d\u2019une autre avoir un effet sur les personnes pr\u00e9sente. Il peut donc parfois \u00eatre judicieux de r\u00e9\u00e9quilibrer ce lieu. A l\u2019aide de l\u2019antenne de Lecher je regarde si il est recommand\u00e9 d\u2019effectuer un travail sur le lieu en question. Cette intervention comprend si\u00a0 n\u00e9cessaire :<br \/>\n<\/em><\/h4>\n<h4><em>-D\u00e9cristallisation des m\u00e9moires et autres \u00e9nergies bloqu\u00e9es<\/em><\/h4>\n<h4><em>-Passage d\u2019\u00e2mes \/ d\u00e9gagement d\u2019entit\u00e9s<\/em><\/h4>\n<h4><em>-R\u00e9tablissement du lien entre habitants et habitat<\/em><\/h4>\n<h4><em>-Remise en circulation du flux \u00e9nerg\u00e9tique naturel<\/em><\/h4>\n<h4><em><strong>\u00a0\u00e0 distance \/ e<\/strong><\/em><em><strong>n pr\u00e9sence \u00e0 d\u00e9finir<\/strong><\/em><\/h4>\n<p><em><strong>Tarif : me consulter \u00e0 voir suivant les besoins<\/strong><\/em><\/p>\n<\/div>\n<\/div>\n<\/div>\n<\/div>\n<\/div>\n<\/div>\n<span class=\"et_bloom_bottom_trigger\"><\/span>","protected":false},"excerpt":{"rendered":"<p>En pr\u00e9sence ou \u00e0 distance Nous sommes en relations avec notre environnement. Et quand un lieu est d\u00e9stabilis\u00e9, porteur de \u201cmauvaise\u201d vibration cela va d\u2019une fa\u00e7on ou d\u2019une autre avoir un effet sur les personnes pr\u00e9sente. Il peut donc parfois \u00eatre judicieux de r\u00e9\u00e9quilibrer ce lieu. A l\u2019aide de l\u2019antenne de Lecher je regarde si&hellip;&nbsp;<a href=\"https:\/\/rodolphevigne.com\/?product=nettoyage-des-lieux\" class=\"\" rel=\"bookmark\">Lire la suite &raquo;<span class=\"screen-reader-text\">Nettoyage des lieux<\/span><\/a><\/p>\n","protected":false},"featured_media":271,"template":"","meta":{"neve_meta_sidebar":"","neve_meta_container":"","neve_meta_enable_content_width":"","neve_meta_content_width":0,"neve_meta_title_alignment":"","neve_meta_author_avatar":"","neve_post_elements_order":"","neve_meta_disable_header":"","neve_meta_disable_footer":"","neve_meta_disable_title":"","_ti_tpc_template_sync":false,"_ti_tpc_template_id":""},"class_list":{"0":"post-319","1":"product","2":"type-product","3":"status-publish","4":"has-post-thumbnail","6":"product_cat-nettoyage-des-lieux","7":"product_cat-soins","9":"first","10":"instock","11":"taxable","12":"shipping-taxable","13":"product-type-simple"},"_links":{"self":[{"href":"https:\/\/rodolphevigne.com\/index.php?rest_route=\/wp\/v2\/product\/319"}],"collection":[{"href":"https:\/\/rodolphevigne.com\/index.php?rest_route=\/wp\/v2\/product"}],"about":[{"href":"https:\/\/rodolphevigne.com\/index.php?rest_route=\/wp\/v2\/types\/product"}],"wp:featuredmedia":[{"embeddable":true,"href":"https:\/\/rodolphevigne.com\/index.php?rest_route=\/wp\/v2\/media\/271"}],"wp:attachment":[{"href":"https:\/\/rodolphevigne.com\/index.php?rest_route=%2Fwp%2Fv2%2Fmedia&parent=319"}],"curies":[{"name":"wp","href":"https:\/\/api.w.org\/{rel}","templated":true}]}}