{"id":317,"date":"2019-11-20T12:04:19","date_gmt":"2019-11-20T11:04:19","guid":{"rendered":"https:\/\/rodolphevigne.com\/?post_type=product&#038;p=317"},"modified":"2022-07-30T16:11:53","modified_gmt":"2022-07-30T14:11:53","slug":"le-soin-individuel","status":"publish","type":"product","link":"https:\/\/rodolphevigne.com\/?product=le-soin-individuel","title":{"rendered":"La s\u00e9ance individuelle"},"content":{"rendered":"<h4><em>En pr\u00e9sence ou \u00e0\u00a0 <\/em><em>distance.<\/em><em>\u00a0\u00a0\u00a0\u00a0\u00a0\u00a0\u00a0\u00a0\u00a0\u00a0\u00a0\u00a0\u00a0\u00a0\u00a0\u00a0\u00a0\u00a0\u00a0\u00a0\u00a0\u00a0\u00a0\u00a0\u00a0\u00a0\u00a0\u00a0\u00a0\u00a0\u00a0\u00a0\u00a0\u00a0\u00a0\u00a0\u00a0\u00a0\u00a0\u00a0\u00a0\u00a0\u00a0\u00a0\u00a0\u00a0\u00a0\u00a0\u00a0\u00a0 <\/em><\/h4>\n<h4><em>Un accompagnement personnalis\u00e9 pour vous permettre de vous exprimer, de r\u00e9g\u00e9n\u00e9rer votre corps, de vous d\u00e9gager des lourdeurs \u00e9motionnels, mental. Entre apport \u00e9nerg\u00e9tique et clair-voyance, je vous donne les moyens d\u2019\u00e9voluer vers un \u00e9tat de mieux \u00eatre. Ce soin comprend si n\u00e9cessaire les :<\/em><\/h4>\n<h4><em>-Lib\u00e9ration Karmique \/ \u00e9motionnelles<\/em><\/h4>\n<h4><em>-Guidance intuitive\u00a0<\/em><\/h4>\n<h4><em>-Nettoyage chakras \/ corps subtils<\/em><\/h4>\n<h4><em>-D\u00e9-cristallisation des \u00e9nergies bloqu\u00e9es et limitantes\u00a0 \u00a0 <\/em><\/h4>\n<h4><em>-R\u00e9g\u00e9n\u00e9ration physique<\/em><\/h4>\n<h4><em><strong>85 \u20ac s\u00e9ance de 60 \u00e0 75 minutes<br \/>\n<\/strong><\/em><\/h4>\n<div id=\"cliquemailclipboardInfo\" class=\"cliquemailHiddenPopup\" style=\"z-index: 1102;\">\n<div id=\"cliquemailcontentTo\"><\/div>\n<\/div>\n<div><\/div>\n<span class=\"et_bloom_bottom_trigger\"><\/span>","protected":false},"excerpt":{"rendered":"<p>En pr\u00e9sence ou \u00e0\u00a0 distance.\u00a0\u00a0\u00a0\u00a0\u00a0\u00a0\u00a0\u00a0\u00a0\u00a0\u00a0\u00a0\u00a0\u00a0\u00a0\u00a0\u00a0\u00a0\u00a0\u00a0\u00a0\u00a0\u00a0\u00a0\u00a0\u00a0\u00a0\u00a0\u00a0\u00a0\u00a0\u00a0\u00a0\u00a0\u00a0\u00a0\u00a0\u00a0\u00a0\u00a0\u00a0\u00a0\u00a0\u00a0\u00a0\u00a0\u00a0\u00a0\u00a0\u00a0 Un accompagnement personnalis\u00e9 pour vous permettre de vous exprimer, de r\u00e9g\u00e9n\u00e9rer votre corps, de vous d\u00e9gager des lourdeurs \u00e9motionnels, mental. Entre apport \u00e9nerg\u00e9tique et clair-voyance, je vous donne les moyens d\u2019\u00e9voluer vers un \u00e9tat de mieux \u00eatre. Ce soin comprend si n\u00e9cessaire les : -Lib\u00e9ration Karmique \/ \u00e9motionnelles -Guidance intuitive\u00a0&hellip;&nbsp;<a href=\"https:\/\/rodolphevigne.com\/?product=le-soin-individuel\" class=\"\" rel=\"bookmark\">Lire la suite &raquo;<span class=\"screen-reader-text\">La s\u00e9ance individuelle<\/span><\/a><\/p>\n","protected":false},"featured_media":246,"template":"","meta":{"neve_meta_sidebar":"","neve_meta_container":"","neve_meta_enable_content_width":"","neve_meta_content_width":0,"neve_meta_title_alignment":"","neve_meta_author_avatar":"","neve_post_elements_order":"","neve_meta_disable_header":"","neve_meta_disable_footer":"","neve_meta_disable_title":"","_ti_tpc_template_sync":false,"_ti_tpc_template_id":""},"class_list":{"0":"post-317","1":"product","2":"type-product","3":"status-publish","4":"has-post-thumbnail","6":"product_cat-individuels","7":"product_cat-individuels-soins","9":"first","10":"instock","11":"taxable","12":"shipping-taxable","13":"purchasable","14":"product-type-simple"},"_links":{"self":[{"href":"https:\/\/rodolphevigne.com\/index.php?rest_route=\/wp\/v2\/product\/317"}],"collection":[{"href":"https:\/\/rodolphevigne.com\/index.php?rest_route=\/wp\/v2\/product"}],"about":[{"href":"https:\/\/rodolphevigne.com\/index.php?rest_route=\/wp\/v2\/types\/product"}],"wp:featuredmedia":[{"embeddable":true,"href":"https:\/\/rodolphevigne.com\/index.php?rest_route=\/wp\/v2\/media\/246"}],"wp:attachment":[{"href":"https:\/\/rodolphevigne.com\/index.php?rest_route=%2Fwp%2Fv2%2Fmedia&parent=317"}],"curies":[{"name":"wp","href":"https:\/\/api.w.org\/{rel}","templated":true}]}}