{"id":1799,"date":"2022-06-13T11:02:27","date_gmt":"2022-06-13T09:02:27","guid":{"rendered":"https:\/\/rodolphevigne.com\/?post_type=product&#038;p=1799"},"modified":"2022-06-13T11:02:28","modified_gmt":"2022-06-13T09:02:28","slug":"cercle-dhommes","status":"publish","type":"product","link":"https:\/\/rodolphevigne.com\/?product=cercle-dhommes","title":{"rendered":"Cercle d&rsquo;Hommes"},"content":{"rendered":"<div class=\"kvgmc6g5 cxmmr5t8 oygrvhab hcukyx3x c1et5uql\">A tous les Hommes qui ont l\u2019envie de se renouveler, de s&rsquo;exprimer, de partager, de s&rsquo;accepter&#8230;<\/div>\n<div><\/div>\n<div class=\"cxmmr5t8 oygrvhab hcukyx3x c1et5uql o9v6fnle\">Je vous propose un temps pour vous d\u00e9poser et vous lib\u00e9rer.<\/div>\n<div class=\"cxmmr5t8 oygrvhab hcukyx3x c1et5uql o9v6fnle\">\n-Accueillir ses \u00e9motions<br \/>\n-Reconnaitre sa vuln\u00e9rabilit\u00e9<br \/>\n-Demand\u00e9 conseil<br \/>\n-Partager son exp\u00e9rience<br \/>\n-\u2026<\/div>\n<div>Dur\u00e9e entre 1H30 &amp; 2H00<\/div>\n<span class=\"et_bloom_bottom_trigger\"><\/span>","protected":false},"excerpt":{"rendered":"<p>A tous les Hommes qui ont l\u2019envie de se renouveler, de s&rsquo;exprimer, de partager, de s&rsquo;accepter&#8230; Je vous propose un temps pour vous d\u00e9poser et vous lib\u00e9rer. -Accueillir ses \u00e9motions -Reconnaitre sa vuln\u00e9rabilit\u00e9 -Demand\u00e9 conseil -Partager son exp\u00e9rience -\u2026 Dur\u00e9e entre 1H30 &amp; 2H00<\/p>\n","protected":false},"featured_media":1779,"template":"","meta":{"neve_meta_sidebar":"","neve_meta_container":"","neve_meta_enable_content_width":"","neve_meta_content_width":0,"neve_meta_title_alignment":"","neve_meta_author_avatar":"","neve_post_elements_order":"","neve_meta_disable_header":"","neve_meta_disable_footer":"","neve_meta_disable_title":"","_ti_tpc_template_sync":false,"_ti_tpc_template_id":""},"class_list":{"0":"post-1799","1":"product","2":"type-product","3":"status-publish","4":"has-post-thumbnail","6":"product_cat-non-classe","8":"first","9":"instock","10":"taxable","11":"shipping-taxable","12":"purchasable","13":"product-type-simple"},"_links":{"self":[{"href":"https:\/\/rodolphevigne.com\/index.php?rest_route=\/wp\/v2\/product\/1799"}],"collection":[{"href":"https:\/\/rodolphevigne.com\/index.php?rest_route=\/wp\/v2\/product"}],"about":[{"href":"https:\/\/rodolphevigne.com\/index.php?rest_route=\/wp\/v2\/types\/product"}],"wp:featuredmedia":[{"embeddable":true,"href":"https:\/\/rodolphevigne.com\/index.php?rest_route=\/wp\/v2\/media\/1779"}],"wp:attachment":[{"href":"https:\/\/rodolphevigne.com\/index.php?rest_route=%2Fwp%2Fv2%2Fmedia&parent=1799"}],"curies":[{"name":"wp","href":"https:\/\/api.w.org\/{rel}","templated":true}]}}