{"id":1754,"date":"2022-05-12T15:09:14","date_gmt":"2022-05-12T13:09:14","guid":{"rendered":"https:\/\/rodolphevigne.com\/?post_type=product&#038;p=1754"},"modified":"2022-05-16T08:37:32","modified_gmt":"2022-05-16T06:37:32","slug":"preinscription-aux-seances-en-presentielle","status":"publish","type":"product","link":"https:\/\/rodolphevigne.com\/?product=preinscription-aux-seances-en-presentielle","title":{"rendered":"Pr\u00e9inscription aux s\u00e9ances en pr\u00e9sentielle"},"content":{"rendered":"<p>Bonjour,<\/p>\n<p>Pour valider votre pr\u00e9sence \u00e0 la s\u00e9ance collective en pr\u00e9sentielle merci de proc\u00e9der au pr\u00e9paiement de la s\u00e9ance.<\/p>\n<p>Le reste de la somme (20\u20ac) reste due et sera \u00e0 r\u00e9gler sur place (esp\u00e8ce ou ch\u00e8que).<\/p>\n<p>Merci de pr\u00e9ciser la date et le lieu de la s\u00e9ance choisie.<\/p>\n<p>Cette somme ne sera pas remboursable \u00e0 partir de 48H00 avant le jour de la s\u00e9ance collective<\/p>\n<p>Merci de votre compr\u00e9hension<\/p>\n<p>Au plaisir de partager ce moment \u00e0 vos c\u00f4t\u00e9s<\/p>\n<p>Rodolphe<\/p>\n<p>&nbsp;<\/p>\n<p>&nbsp;<\/p>\n<p>&nbsp;<\/p>\n<span class=\"et_bloom_bottom_trigger\"><\/span>","protected":false},"excerpt":{"rendered":"<p>Bonjour, Pour valider votre pr\u00e9sence \u00e0 la s\u00e9ance collective en pr\u00e9sentielle merci de proc\u00e9der au pr\u00e9paiement de la s\u00e9ance. Le reste de la somme (20\u20ac) reste due et sera \u00e0 r\u00e9gler sur place (esp\u00e8ce ou ch\u00e8que). Merci de pr\u00e9ciser la date et le lieu de la s\u00e9ance choisie. Cette somme ne sera pas remboursable \u00e0&hellip;&nbsp;<a href=\"https:\/\/rodolphevigne.com\/?product=preinscription-aux-seances-en-presentielle\" class=\"\" rel=\"bookmark\">Lire la suite &raquo;<span class=\"screen-reader-text\">Pr\u00e9inscription aux s\u00e9ances en pr\u00e9sentielle<\/span><\/a><\/p>\n","protected":false},"featured_media":1688,"template":"","meta":{"neve_meta_sidebar":"","neve_meta_container":"","neve_meta_enable_content_width":"","neve_meta_content_width":0,"neve_meta_title_alignment":"","neve_meta_author_avatar":"","neve_post_elements_order":"","neve_meta_disable_header":"","neve_meta_disable_footer":"","neve_meta_disable_title":"","_ti_tpc_template_sync":false,"_ti_tpc_template_id":""},"class_list":{"0":"post-1754","1":"product","2":"type-product","3":"status-publish","4":"has-post-thumbnail","6":"product_cat-collectifs","8":"first","9":"instock","10":"taxable","11":"shipping-taxable","12":"purchasable","13":"product-type-simple"},"_links":{"self":[{"href":"https:\/\/rodolphevigne.com\/index.php?rest_route=\/wp\/v2\/product\/1754"}],"collection":[{"href":"https:\/\/rodolphevigne.com\/index.php?rest_route=\/wp\/v2\/product"}],"about":[{"href":"https:\/\/rodolphevigne.com\/index.php?rest_route=\/wp\/v2\/types\/product"}],"wp:featuredmedia":[{"embeddable":true,"href":"https:\/\/rodolphevigne.com\/index.php?rest_route=\/wp\/v2\/media\/1688"}],"wp:attachment":[{"href":"https:\/\/rodolphevigne.com\/index.php?rest_route=%2Fwp%2Fv2%2Fmedia&parent=1754"}],"curies":[{"name":"wp","href":"https:\/\/api.w.org\/{rel}","templated":true}]}}