{"id":1664,"date":"2022-04-07T17:58:10","date_gmt":"2022-04-07T15:58:10","guid":{"rendered":"https:\/\/rodolphevigne.com\/?post_type=product&#038;p=1664"},"modified":"2022-07-30T16:08:31","modified_gmt":"2022-07-30T14:08:31","slug":"massage-intuitif","status":"publish","type":"product","link":"https:\/\/rodolphevigne.com\/?product=massage-intuitif","title":{"rendered":"Massage intuitif"},"content":{"rendered":"<section class=\"elementor-section elementor-top-section elementor-element elementor-element-042cd5f elementor-section-stretched elementor-section-boxed elementor-section-height-default elementor-section-height-default\" data-id=\"042cd5f\" data-element_type=\"section\" data-settings=\"{&quot;stretch_section&quot;:&quot;section-stretched&quot;}\">\n<div class=\"elementor-container elementor-column-gap-default\">\n<div class=\"elementor-row\">\n<div class=\"elementor-column elementor-col-100 elementor-top-column elementor-element elementor-element-ea817ee\" data-id=\"ea817ee\" data-element_type=\"column\">\n<div class=\"elementor-column-wrap elementor-element-populated\">\n<div class=\"elementor-widget-wrap\">\n<div class=\"elementor-element elementor-element-e833396 elementor-widget elementor-widget-text-editor\" data-id=\"e833396\" data-element_type=\"widget\" data-widget_type=\"text-editor.default\">\n<div class=\"elementor-widget-container\">\n<div class=\"elementor-text-editor elementor-clearfix\">\n<h4><strong>Le massage<\/strong><\/h4>\n<h4><\/h4>\n<h4><strong>Dans un besoin d\u2019ouverture plus large j\u2019ai l\u2019appel int\u00e9rieur de vous proposez des s\u00e9ances de massages corporels.<\/strong><\/h4>\n<h4><strong>L\u2019\u00e9nerg\u00e9tique est une porte d\u2019entr\u00e9e sur notre int\u00e9riorit\u00e9 et le corps en est une lui aussi.<\/strong><\/h4>\n<h4><strong>Mon massage est intuitif, mes mains agiront, se d\u00e9placeront l\u00e0 ou j\u2019en ressens le besoin, l\u2019appel\u2026<\/strong><\/h4>\n<h4><strong>Dans un premier temps vos mots, l\u2019expression de votre besoin donneront le ton de la s\u00e9ance. Nous laisserons \u00e9galement la place \u00e0 ce qui est l\u00e0, qui vibre en vous en proposant un renforcement ou une lib\u00e9ration du corps.<\/strong><\/h4>\n<h4><strong>Si cela se pr\u00e9sente en justesse, je laisserai la place \u00e0 mon intuition qui \u00e0 travers mes mots, agira comme un r\u00e9v\u00e9lateur permettant une lib\u00e9ration physique plus grande.<\/strong><\/h4>\n<h4><strong>Un massage corporel permet, gr\u00e2ce au toucher, de reprendre conscience de son corps mati\u00e8re et de revenir \u00e0 cet espace de ressource premier. Notre corps physique est notre base, c\u2019est \u00e0 partir de lui que nos cr\u00e9ations peuvent voir le jour. Le corps permet l\u2019aboutissement, il donne \u00ab\u00a0corps\u00a0\u00bb.<\/strong><\/h4>\n<h4><strong>C\u2019est aussi l\u00e0, dans le corps, que tout notre \u00eatre se rassemble pour y trouver son unit\u00e9, son \u00e9quilibre. D\u2019o\u00f9 la n\u00e9cessit\u00e9 d\u2019en prendre soin.<\/strong><\/h4>\n<p>&nbsp;<\/p>\n<h4><strong><em>Indications\u00a0:<\/em><\/strong><\/h4>\n<h4><strong>La s\u00e9ance de massage propos\u00e9 \u00e0 vocation \u00e0 \u00eatre un moment de d\u00e9tente et de relaxation pour vous permettre de vous lib\u00e9rer de vos tensions.<\/strong><\/h4>\n<h4><strong>-Je ne propose pas un massage tantrique<\/strong><\/h4>\n<h4><strong>-J\u2019utilise de l\u2019huile, merci de me pr\u00e9ciser une quelconque allergie.<\/strong><\/h4>\n<h4><strong>-Compter un temps de 60 \u00e0 75 minutes pour un co\u00fbt de 85\u20ac<\/strong><\/h4>\n<h4><strong>-Prise de contact au\u00a0: 06 95 72 33 93 ou par mail\u00a0: <a href=\"mailto:rodolphe.vigne777@gmail.com\">rodolphe.vigne777@gmail.com<\/a><\/strong><\/h4>\n<h4><strong>-Cabinet ou domicile, \u00e0 d\u00e9finir ensemble<\/strong><\/h4>\n<h4><strong>R\u00e9servation et paiement<\/strong><\/h4>\n<h4><\/h4>\n<h4><strong>Au plaisir de partager ce moment avec vous<\/strong><\/h4>\n<h4><\/h4>\n<\/div>\n<\/div>\n<\/div>\n<\/div>\n<\/div>\n<\/div>\n<\/div>\n<\/div>\n<\/section>\n<span class=\"et_bloom_bottom_trigger\"><\/span>","protected":false},"excerpt":{"rendered":"<p>Le massage Dans un besoin d\u2019ouverture plus large j\u2019ai l\u2019appel int\u00e9rieur de vous proposez des s\u00e9ances de massages corporels. L\u2019\u00e9nerg\u00e9tique est une porte d\u2019entr\u00e9e sur notre int\u00e9riorit\u00e9 et le corps en est une lui aussi. Mon massage est intuitif, mes mains agiront, se d\u00e9placeront l\u00e0 ou j\u2019en ressens le besoin, l\u2019appel\u2026 Dans un premier temps&hellip;&nbsp;<a href=\"https:\/\/rodolphevigne.com\/?product=massage-intuitif\" class=\"\" rel=\"bookmark\">Lire la suite &raquo;<span class=\"screen-reader-text\">Massage intuitif<\/span><\/a><\/p>\n","protected":false},"featured_media":1665,"template":"","meta":{"neve_meta_sidebar":"","neve_meta_container":"","neve_meta_enable_content_width":"","neve_meta_content_width":0,"neve_meta_title_alignment":"","neve_meta_author_avatar":"","neve_post_elements_order":"","neve_meta_disable_header":"","neve_meta_disable_footer":"","neve_meta_disable_title":"","_ti_tpc_template_sync":false,"_ti_tpc_template_id":""},"class_list":{"0":"post-1664","1":"product","2":"type-product","3":"status-publish","4":"has-post-thumbnail","6":"product_cat-individuels","8":"first","9":"instock","10":"taxable","11":"shipping-taxable","12":"purchasable","13":"product-type-simple"},"_links":{"self":[{"href":"https:\/\/rodolphevigne.com\/index.php?rest_route=\/wp\/v2\/product\/1664"}],"collection":[{"href":"https:\/\/rodolphevigne.com\/index.php?rest_route=\/wp\/v2\/product"}],"about":[{"href":"https:\/\/rodolphevigne.com\/index.php?rest_route=\/wp\/v2\/types\/product"}],"wp:featuredmedia":[{"embeddable":true,"href":"https:\/\/rodolphevigne.com\/index.php?rest_route=\/wp\/v2\/media\/1665"}],"wp:attachment":[{"href":"https:\/\/rodolphevigne.com\/index.php?rest_route=%2Fwp%2Fv2%2Fmedia&parent=1664"}],"curies":[{"name":"wp","href":"https:\/\/api.w.org\/{rel}","templated":true}]}}