{"id":1635,"date":"2022-04-05T22:08:02","date_gmt":"2022-04-05T20:08:02","guid":{"rendered":"https:\/\/rodolphevigne.com\/?post_type=product&#038;p=1635"},"modified":"2022-07-30T16:08:54","modified_gmt":"2022-07-30T14:08:54","slug":"soin-individuel-avec-lenergie-magie-des-dragons-roi","status":"publish","type":"product","link":"https:\/\/rodolphevigne.com\/?product=soin-individuel-avec-lenergie-magie-des-dragons-roi","title":{"rendered":"SOIN INDIVIDUEL AVEC L\u2019ENERGIE\/MAGIE DES DRAGONS ROI"},"content":{"rendered":"<p>SOIN INDIVIDUEL AVEC L\u2019ENERGIE\/MAGIE DES DRAGONS ROI<\/p>\n<p>Je vous propose un soin sp\u00e9cial. Sp\u00e9cial parce que je vais solliciter \u00e0 mes c\u00f4t\u00e9s et donc le v\u00f4tre \u00e9galement, l\u2019\u00e9nergie et la pr\u00e9sence des Dragons. C\u2019est une belle et puissante \u00e9nergie pleine d\u2019Amour et de bienveillance. A la fois douce et puissante.<\/p>\n<span class=\"et_bloom_bottom_trigger\"><\/span>","protected":false},"excerpt":{"rendered":"<p>SOIN INDIVIDUEL AVEC L\u2019ENERGIE\/MAGIE DES DRAGONS ROI Je vous propose un soin sp\u00e9cial. Sp\u00e9cial parce que je vais solliciter \u00e0 mes c\u00f4t\u00e9s et donc le v\u00f4tre \u00e9galement, l\u2019\u00e9nergie et la pr\u00e9sence des Dragons. C\u2019est une belle et puissante \u00e9nergie pleine d\u2019Amour et de bienveillance. A la fois douce et puissante.<\/p>\n","protected":false},"featured_media":1629,"template":"","meta":{"neve_meta_sidebar":"","neve_meta_container":"","neve_meta_enable_content_width":"","neve_meta_content_width":0,"neve_meta_title_alignment":"","neve_meta_author_avatar":"","neve_post_elements_order":"","neve_meta_disable_header":"","neve_meta_disable_footer":"","neve_meta_disable_title":"","_ti_tpc_template_sync":false,"_ti_tpc_template_id":""},"class_list":{"0":"post-1635","1":"product","2":"type-product","3":"status-publish","4":"has-post-thumbnail","6":"product_cat-individuels","8":"first","9":"instock","10":"taxable","11":"shipping-taxable","12":"purchasable","13":"product-type-simple"},"_links":{"self":[{"href":"https:\/\/rodolphevigne.com\/index.php?rest_route=\/wp\/v2\/product\/1635"}],"collection":[{"href":"https:\/\/rodolphevigne.com\/index.php?rest_route=\/wp\/v2\/product"}],"about":[{"href":"https:\/\/rodolphevigne.com\/index.php?rest_route=\/wp\/v2\/types\/product"}],"wp:featuredmedia":[{"embeddable":true,"href":"https:\/\/rodolphevigne.com\/index.php?rest_route=\/wp\/v2\/media\/1629"}],"wp:attachment":[{"href":"https:\/\/rodolphevigne.com\/index.php?rest_route=%2Fwp%2Fv2%2Fmedia&parent=1635"}],"curies":[{"name":"wp","href":"https:\/\/api.w.org\/{rel}","templated":true}]}}