{"id":1493,"date":"2021-09-30T22:15:15","date_gmt":"2021-09-30T20:15:15","guid":{"rendered":"https:\/\/rodolphevigne.com\/?post_type=product&#038;p=1493"},"modified":"2022-03-07T16:27:13","modified_gmt":"2022-03-07T15:27:13","slug":"discussion-entre-gentlemen","status":"publish","type":"product","link":"https:\/\/rodolphevigne.com\/?product=discussion-entre-gentlemen","title":{"rendered":"Atelier de discussion entre Gentlemen"},"content":{"rendered":"<p>Envie de partager votre question du moment \u00e0 un groupe de gentlemen?<\/p>\n<p>Envie de vous ouvrir \u00e0 plus de conscience et recevoir l&rsquo;\u00e9nergie du champs des possibles?<\/p>\n<p>Rendez vous avec Eric MORRA et Rodolphe VIGNE, deux gentlemen \u00e9nerg\u00e9ticiens qui ont \u00e0 c\u0153ur de<\/p>\n<p>contribuer \u00e0 votre cheminement et \u00e0 l&rsquo;\u00e9panouissement du \u00ab\u00a0Sacr\u00e9 Gentleman\u00a0\u00bb qui vit en nous.<\/p>\n<p><strong>Vous avez la possibilit\u00e9 de nous faire part de votre questionnement du moment<\/strong><\/p>\n<p><strong> en nous envoyant votre question, soit par :<\/strong><\/p>\n<p>-Email quelques jours avant \u00e0 rodolphe.vigne@bbox.fr<\/p>\n<p>-Sur le tchat du direct ZOOM<\/p>\n<p>-En direct Live ZOOM<\/p>\n<p><strong>Pour plus d&rsquo;infos, vous pouvez nous contacter :<\/strong><\/p>\n<p>-Eric MORRA : 06 81 42 11 10 \/ eric.morra@hotmail.fr<\/p>\n<p>-Rodolphe VIGNE : 06 95 72 33 93 \/ rodolphe.vigne@bbox.fr<\/p>\n<p><strong>Pour en savoir plus sur :<\/strong><\/p>\n<p>-Eric MORRA &#8211; page Facebook : https:\/\/www.facebook.co\/ericmorra.magnetiseur.energeticien.coach\/<\/p>\n<p>-Rodolphe VIGNE &#8211; page Facebook : https:\/\/www.facebook.com\/equilibresetperspectives<\/p>\n<p><span class=\"tojvnm2t a6sixzi8 abs2jz4q a8s20v7p t1p8iaqh k5wvi7nf q3lfd5jv pk4s997a bipmatt0 cebpdrjk qowsmv63 owwhemhu dp1hu0rb dhp61c6y iyyx5f41\">\u00a0<\/span><\/p>\n<p>&nbsp;<\/p>\n<span class=\"et_bloom_bottom_trigger\"><\/span>","protected":false},"excerpt":{"rendered":"<p>Envie de partager votre question du moment \u00e0 un groupe de gentlemen? Envie de vous ouvrir \u00e0 plus de conscience et recevoir l&rsquo;\u00e9nergie du champs des possibles? Rendez vous avec Eric MORRA et Rodolphe VIGNE, deux gentlemen \u00e9nerg\u00e9ticiens qui ont \u00e0 c\u0153ur de contribuer \u00e0 votre cheminement et \u00e0 l&rsquo;\u00e9panouissement du \u00ab\u00a0Sacr\u00e9 Gentleman\u00a0\u00bb qui vit&hellip;&nbsp;<a href=\"https:\/\/rodolphevigne.com\/?product=discussion-entre-gentlemen\" class=\"\" rel=\"bookmark\">Lire la suite &raquo;<span class=\"screen-reader-text\">Atelier de discussion entre Gentlemen<\/span><\/a><\/p>\n","protected":false},"featured_media":1619,"template":"","meta":{"neve_meta_sidebar":"","neve_meta_container":"","neve_meta_enable_content_width":"","neve_meta_content_width":0,"neve_meta_title_alignment":"","neve_meta_author_avatar":"","neve_post_elements_order":"","neve_meta_disable_header":"","neve_meta_disable_footer":"","neve_meta_disable_title":"","_ti_tpc_template_sync":false,"_ti_tpc_template_id":""},"class_list":{"0":"post-1493","1":"product","2":"type-product","3":"status-publish","4":"has-post-thumbnail","6":"product_cat-collectifs","8":"first","9":"instock","10":"taxable","11":"shipping-taxable","12":"purchasable","13":"product-type-simple"},"_links":{"self":[{"href":"https:\/\/rodolphevigne.com\/index.php?rest_route=\/wp\/v2\/product\/1493"}],"collection":[{"href":"https:\/\/rodolphevigne.com\/index.php?rest_route=\/wp\/v2\/product"}],"about":[{"href":"https:\/\/rodolphevigne.com\/index.php?rest_route=\/wp\/v2\/types\/product"}],"wp:featuredmedia":[{"embeddable":true,"href":"https:\/\/rodolphevigne.com\/index.php?rest_route=\/wp\/v2\/media\/1619"}],"wp:attachment":[{"href":"https:\/\/rodolphevigne.com\/index.php?rest_route=%2Fwp%2Fv2%2Fmedia&parent=1493"}],"curies":[{"name":"wp","href":"https:\/\/api.w.org\/{rel}","templated":true}]}}