{"id":1298,"date":"2021-05-02T12:32:59","date_gmt":"2021-05-02T10:32:59","guid":{"rendered":"https:\/\/rodolphevigne.com\/?post_type=product&#038;p=1298"},"modified":"2022-01-17T12:25:32","modified_gmt":"2022-01-17T11:25:32","slug":"cycle-dharmonisation-des-chakras-paiement-a-la-seance-20e","status":"publish","type":"product","link":"https:\/\/rodolphevigne.com\/?product=cycle-dharmonisation-des-chakras-paiement-a-la-seance-20e","title":{"rendered":"Cycle d\u2019harmonisation des Chakras : Paiement \u00e0 la s\u00e9ance 40\u20ac"},"content":{"rendered":"<h4><strong>J\u2019organise ce cycle d\u2019atelier \u00e0 partir d\u2019un groupe compos\u00e9 de 5 personnes. Nous nous rencontrons 1 fois par mois sur 7 mois pour les 7 chakras principaux. La s\u00e9ance d\u2019une heure. Dans laquelle vous recevez les \u00e9nergies d\u2019\u00e9volutions et gu\u00e9risons en lien avec le chakra cibl\u00e9.<\/strong><\/h4>\n<h4><strong>Vous pouvez vous inscrire en me contactant au 06 95 72 33 93. Par mail : rodolphe.vigne@bbox.fr\u00a0 En vous inscrivant sur l\u2019\u00e9v\u00e9nement Facebook. Une fois le minimum de 5 personnes atteint je vous recontacte pour le lancement du cycle.<\/strong><\/h4>\n<h4><strong>Les ateliers ont lieu sur zoom, vous \u00eates donc chez vous confortablement install\u00e9. Le fait que cela se passe \u00e0 distance n\u2019alt\u00e8re en rien la r\u00e9ception et la qualit\u00e9 de la transmission de l\u2019\u00e9nergie\/information.<\/strong><\/h4>\n<h4><strong>Il vous ai n\u00e9cessaire d\u2019avoir t\u00e9l\u00e9charg\u00e9 l\u2019application zoom et d\u2019avoir ouvert\u00a0 un compte gratuit.<\/strong><\/h4>\n<h4><strong>Le co\u00fbt d\u2019un atelier est de 40\u20ac. Vous avez la possibilit\u00e9 de r\u00e9gler \u00e0 la s\u00e9ance ou de r\u00e9gler l\u2019ensemble des s\u00e9ances pour un co\u00fbt de 240\u20ac en 1 fois ou3X sans frais, pour cela me contacter.<\/strong><\/h4>\n<span class=\"et_bloom_bottom_trigger\"><\/span>","protected":false},"excerpt":{"rendered":"<p>J\u2019organise ce cycle d\u2019atelier \u00e0 partir d\u2019un groupe compos\u00e9 de 5 personnes. Nous nous rencontrons 1 fois par mois sur 7 mois pour les 7 chakras principaux. La s\u00e9ance d\u2019une heure. Dans laquelle vous recevez les \u00e9nergies d\u2019\u00e9volutions et gu\u00e9risons en lien avec le chakra cibl\u00e9. Vous pouvez vous inscrire en me contactant au 06&hellip;&nbsp;<a href=\"https:\/\/rodolphevigne.com\/?product=cycle-dharmonisation-des-chakras-paiement-a-la-seance-20e\" class=\"\" rel=\"bookmark\">Lire la suite &raquo;<span class=\"screen-reader-text\">Cycle d\u2019harmonisation des Chakras : Paiement \u00e0 la s\u00e9ance 40\u20ac<\/span><\/a><\/p>\n","protected":false},"featured_media":1278,"template":"","meta":{"neve_meta_sidebar":"","neve_meta_container":"","neve_meta_enable_content_width":"","neve_meta_content_width":0,"neve_meta_title_alignment":"","neve_meta_author_avatar":"","neve_post_elements_order":"","neve_meta_disable_header":"","neve_meta_disable_footer":"","neve_meta_disable_title":"","_ti_tpc_template_sync":false,"_ti_tpc_template_id":""},"class_list":{"0":"post-1298","1":"product","2":"type-product","3":"status-publish","4":"has-post-thumbnail","6":"product_cat-collectifs","8":"first","9":"instock","10":"taxable","11":"shipping-taxable","12":"purchasable","13":"product-type-simple"},"_links":{"self":[{"href":"https:\/\/rodolphevigne.com\/index.php?rest_route=\/wp\/v2\/product\/1298"}],"collection":[{"href":"https:\/\/rodolphevigne.com\/index.php?rest_route=\/wp\/v2\/product"}],"about":[{"href":"https:\/\/rodolphevigne.com\/index.php?rest_route=\/wp\/v2\/types\/product"}],"wp:featuredmedia":[{"embeddable":true,"href":"https:\/\/rodolphevigne.com\/index.php?rest_route=\/wp\/v2\/media\/1278"}],"wp:attachment":[{"href":"https:\/\/rodolphevigne.com\/index.php?rest_route=%2Fwp%2Fv2%2Fmedia&parent=1298"}],"curies":[{"name":"wp","href":"https:\/\/api.w.org\/{rel}","templated":true}]}}