{"id":1175,"date":"2021-04-21T14:24:52","date_gmt":"2021-04-21T12:24:52","guid":{"rendered":"https:\/\/rodolphevigne.com\/?post_type=product&#038;p=1175"},"modified":"2022-07-30T16:10:56","modified_gmt":"2022-07-30T14:10:56","slug":"initiation-a-lenergie-des-dragons-le-20-juin","status":"publish","type":"product","link":"https:\/\/rodolphevigne.com\/?product=initiation-a-lenergie-des-dragons-le-20-juin","title":{"rendered":"Initiation \u00e0 l&rsquo;\u00e9nergie des Dragons : Le 20 Juin"},"content":{"rendered":"<p><strong>Initiation \u00e0 l&rsquo;\u00e9nergie des Dragons<\/strong><\/p>\n<p>Sur une journ\u00e9e je vous propose d\u2019aller \u00e0 la d\u00e9couverte de la fr\u00e9quence des Dragons. J\u2019ai acc\u00e8s \u00e0 cette fr\u00e9quence et je vous propose lors de cette journ\u00e9e de vous permettre d\u2019acc\u00e9der vous aussi \u00e0 ce champ vibratoire.<\/p>\n<p>Les dragons poss\u00e8dent une belle et puissante \u00e9nergie d\u2019Amour, ils sont des guides et des soutiens pour nous les humains dans cette p\u00e9riode d\u2019\u00e9volution et de changement plan\u00e9taire. Ils l\u2019ont d\u2019ailleurs toujours \u00e9t\u00e9.<\/p>\n<p>Seulement aujourd\u2019hui les dimensions subtiles sont plus accessibles, permettant aux Dragons d\u2019interagir avec notre monde plus facilement, et \u00e0 nous, de les contacter plus facilement aussi. \u00c7a va dans les deux sens.<\/p>\n<p>Il est int\u00e9ressant pour nous d\u2019y avoir acc\u00e8s dans des moments o\u00f9 nous manquons d\u2019entrain, ou le moral est en berne. Mais \u00e9galement pour \u0153uvrer avec eux, pour des soins, des harmonisations ou autres\u2026 Avoir acc\u00e8s \u00e0 leur vibration c\u2019est \u00eatre toujours soutenu.<\/p>\n<p>Rencontrer les Dragons c\u2019est ouvrir son c\u0153ur encore plus grand<\/p>\n<p>Acc\u00e9der \u00e0 leur \u00e9nergie c\u2019est se donner une ressource, un soutien, se sentir accompagn\u00e9 jours apr\u00e8s jour&#8230; C\u2019est comme \u00e7a que fonctionne ma relation avec eux. C\u2019est tr\u00e8s facile pour moi de rentrer en relation avec eux. C\u2019est comme si je retrouvais des amis\u00a0J<\/p>\n<p>Et je vais vous les pr\u00e9senter\u00a0\ud83d\ude09<\/p>\n<p>*L\u2019\u00e9nergie des Dragons sera pr\u00e9sente tout au long de la journ\u00e9e. Vous permettant un travail de lib\u00e9ration et d\u2019ouverture global corps\/\u00e2me\/esprit \u2026Il est n\u00e9cessaire d\u2019\u00eatre soi-m\u00eame \u00e0 un bon taux vibratoire<\/p>\n<p>Chacun\/chacune re\u00e7oit ce qui est juste pour elle\/lui dans la justesse de l\u2019instant.<\/p>\n<p>&nbsp;<\/p>\n<p><span style=\"color: #0000ff;\">D\u00e9roulement de la journ\u00e9e\u00a0:<\/span><\/p>\n<p>Accueil \/ Connexion zoom de 9H15 \u00e0 9H30<\/p>\n<p>Un temps de pr\u00e9sentation avec questions r\u00e9ponses<\/p>\n<p>Un soin collectif avec les Dragons pour faire le lien avec eux, s\u2019accorder avec eux.<\/p>\n<p>Ensuite nous continuerons le travail de connexion \u00e9nerg\u00e9tique avec vos t\u00e9moignages, l\u2019expression de vos besoins ressentis pour continuer l\u2019alignement. Chaque expression personnelle profite \u00e0 l\u2019ensemble du groupe.<\/p>\n<p><span style=\"color: #ff0000;\">Pause d\u00e9jeun\u00e9<\/span><\/p>\n<p><span style=\"color: #0000ff;\">Apr\u00e8s-midi\u00a0:<\/span><\/p>\n<p>Un temps en individuel pour la transmission initiatique<\/p>\n<p>Historique sur les Dragons \u00e0 travers les \u00e2ges<\/p>\n<p>Atelier en bin\u00f4me\u00a0: se connecter \u00e0 un Dragon et \u0153uvrer avec lui, le ressentir. J\u2019assurerai la supervision des bin\u00f4mes. L\u2019application zoom donne acc\u00e8s \u00e0 des salles pour se r\u00e9partir en sous-groupe.<\/p>\n<p>Pour terminer la journ\u00e9e je vous proposerai un dernier temps questions \/ r\u00e9ponses \/ D\u00e9briefing et ajustement.<\/p>\n<p><span style=\"color: #0000ff;\">Pour qui\u00a0?\u00a0:<\/span><\/p>\n<p>Cette journ\u00e9e d\u2019initiation \u00e0 l\u2019\u00e9nergie Dragonnique est ouverte \u00e0 toutes personnes se sentant appel\u00e9 par les Dragons. Que vous soyez th\u00e9rapeute ou non. Actuellement beaucoup de personnes per\u00e7oivent cette \u00e9nergie-l\u00e0. C\u2019est une attirance, une intuition.<\/p>\n<p>-Pour les personnes qui veulent d\u00e9velopper leurs perceptions<\/p>\n<p>-Pour les personnes qui sont dans une d\u00e9marche th\u00e9rapeutique (des soins seront re\u00e7us)<\/p>\n<p>-Pour les personnes qui veulent apprendre \u00e0 se connecter aux diff\u00e9rents plans vibratoires, autres que celui des Dragons.<\/p>\n<p>Comment\u00a0?\u00a0:<\/p>\n<p>Sur une journ\u00e9e de 9H30 \u00e0 17H00 (cela peu d\u00e9border) avec pause d\u00e9jeuner. <span style=\"color: #ff0000;\"><strong>Le 20 Juin<\/strong><\/span>.<\/p>\n<p>La journ\u00e9e de stage sera en visioconf\u00e9rence, pour y participer vous avez besoin de t\u00e9l\u00e9charger l\u2019application zoom et de cr\u00e9er un compte. C\u2019est gratuit. Installez-vous confortablement, pr\u00e9voyez de quoi boire tout au long de la journ\u00e9e.<\/p>\n<p><strong>Le tarif de cette journ\u00e9e de stage est de 180\u20ac. Le nombre de participants(es) est limit\u00e9 \u00e0 12 personnes.<\/strong> \u00a0\u00a0\u00a0\u00a0\u00a0\u00a0\u00a0\u00a0\u00a0\u00a0\u00a0\u00a0\u00a0\u00a0\u00a0\u00a0\u00a0\u00a0\u00a0\u00a0\u00a0\u00a0\u00a0\u00a0\u00a0\u00a0\u00a0\u00a0\u00a0\u00a0\u00a0\u00a0\u00a0\u00a0\u00a0\u00a0\u00a0\u00a0\u00a0\u00a0\u00a0\u00a0\u00a0\u00a0\u00a0\u00a0\u00a0\u00a0\u00a0\u00a0\u00a0\u00a0 <strong>Le paiement vaut inscription. Vous recevrez le lien de connexion le matin m\u00eame du stage.<\/strong><br \/>\n<strong>Pour plus de renseignements vous pouvez \u00e9galement me contacter :\u00a0\u00a0\u00a0 \u00a0\u00a0\u00a0\u00a0\u00a0\u00a0\u00a0\u00a0\u00a0\u00a0\u00a0\u00a0\u00a0\u00a0\u00a0\u00a0\u00a0\u00a0\u00a0\u00a0\u00a0\u00a0\u00a0\u00a0\u00a0\u00a0\u00a0\u00a0\u00a0\u00a0\u00a0\u00a0\u00a0\u00a0\u00a0\u00a0\u00a0\u00a0\u00a0\u00a0\u00a0\u00a0\u00a0\u00a0\u00a0\u00a0\u00a0\u00a0\u00a0\u00a0\u00a0\u00a0\u00a0\u00a0\u00a0\u00a0\u00a0\u00a0\u00a0\u00a0\u00a0\u00a0\u00a0\u00a0\u00a0\u00a0\u00a0\u00a0\u00a0\u00a0\u00a0\u00a0\u00a0\u00a0\u00a0\u00a0\u00a0\u00a0\u00a0\u00a0\u00a0\u00a0\u00a0\u00a0\u00a0\u00a0\u00a0\u00a0\u00a0\u00a0\u00a0\u00a0\u00a0\u00a0\u00a0\u00a0\u00a0\u00a0\u00a0\u00a0\u00a0\u00a0\u00a0\u00a0\u00a0\u00a0\u00a0\u00a0\u00a0\u00a0\u00a0\u00a0 <\/strong><strong>EMAIL<\/strong> : <a href=\"mailto:rodolphe.vigne@bbox.fr\">rodolphe.vigne@bbox.fr<\/a> \u00a0\u00a0\u00a0\u00a0\u00a0\u00a0\u00a0\u00a0\u00a0\u00a0\u00a0\u00a0\u00a0\u00a0\u00a0\u00a0\u00a0\u00a0\u00a0\u00a0\u00a0\u00a0\u00a0\u00a0\u00a0\u00a0\u00a0\u00a0\u00a0\u00a0\u00a0\u00a0\u00a0\u00a0\u00a0\u00a0\u00a0\u00a0\u00a0\u00a0\u00a0\u00a0\u00a0\u00a0\u00a0\u00a0\u00a0 \u00a0 \u00a0 \u00a0 \u00a0 \u00a0 \u00a0 \u00a0 \u00a0 \u00a0 \u00a0 \u00a0 \u00a0 \u00a0 \u00a0 \u00a0 \u00a0 \u00a0 \u00a0 \u00a0 \u00a0 \u00a0 \u00a0 \u00a0 \u00a0 \u00a0 \u00a0 \u00a0 \u00a0 \u00a0 \u00a0 \u00a0 \u00a0 \u00a0 \u00a0 \u00a0 \u00a0 \u00a0 \u00a0 \u00a0 \u00a0 \u00a0 \u00a0 \u00a0 \u00a0 \u00a0 \u00a0 \u00a0 \u00a0 \u00a0 \u00a0 \u00a0 \u00a0 \u00a0 \u00a0 \u00a0 \u00a0 \u00a0 \u00a0 \u00a0 \u00a0 \u00a0 \u00a0 \u00a0 \u00a0 \u00a0 \u00a0 \u00a0 \u00a0 \u00a0 \u00a0 \u00a0 \u00a0 \u00a0 \u00a0 \u00a0 \u00a0 \u00a0\u00a0\u00a0\u00a0\u00a0\u00a0\u00a0 TEL : 06 95 72 33 93<\/p>\n<p>&nbsp;<\/p>\n<p>&nbsp;<\/p>\n<span class=\"et_bloom_bottom_trigger\"><\/span>","protected":false},"excerpt":{"rendered":"<p>Initiation \u00e0 l&rsquo;\u00e9nergie des Dragons Sur une journ\u00e9e je vous propose d\u2019aller \u00e0 la d\u00e9couverte de la fr\u00e9quence des Dragons. J\u2019ai acc\u00e8s \u00e0 cette fr\u00e9quence et je vous propose lors de cette journ\u00e9e de vous permettre d\u2019acc\u00e9der vous aussi \u00e0 ce champ vibratoire. Les dragons poss\u00e8dent une belle et puissante \u00e9nergie d\u2019Amour, ils sont des&hellip;&nbsp;<a href=\"https:\/\/rodolphevigne.com\/?product=initiation-a-lenergie-des-dragons-le-20-juin\" class=\"\" rel=\"bookmark\">Lire la suite &raquo;<span class=\"screen-reader-text\">Initiation \u00e0 l&rsquo;\u00e9nergie des Dragons : Le 20 Juin<\/span><\/a><\/p>\n","protected":false},"featured_media":1176,"template":"","meta":{"neve_meta_sidebar":"","neve_meta_container":"","neve_meta_enable_content_width":"","neve_meta_content_width":0,"neve_meta_title_alignment":"","neve_meta_author_avatar":"","neve_post_elements_order":"","neve_meta_disable_header":"","neve_meta_disable_footer":"","neve_meta_disable_title":"","_ti_tpc_template_sync":false,"_ti_tpc_template_id":""},"class_list":{"0":"post-1175","1":"product","2":"type-product","3":"status-publish","4":"has-post-thumbnail","6":"product_cat-stage","8":"first","9":"instock","10":"taxable","11":"shipping-taxable","12":"purchasable","13":"product-type-simple"},"_links":{"self":[{"href":"https:\/\/rodolphevigne.com\/index.php?rest_route=\/wp\/v2\/product\/1175"}],"collection":[{"href":"https:\/\/rodolphevigne.com\/index.php?rest_route=\/wp\/v2\/product"}],"about":[{"href":"https:\/\/rodolphevigne.com\/index.php?rest_route=\/wp\/v2\/types\/product"}],"wp:featuredmedia":[{"embeddable":true,"href":"https:\/\/rodolphevigne.com\/index.php?rest_route=\/wp\/v2\/media\/1176"}],"wp:attachment":[{"href":"https:\/\/rodolphevigne.com\/index.php?rest_route=%2Fwp%2Fv2%2Fmedia&parent=1175"}],"curies":[{"name":"wp","href":"https:\/\/api.w.org\/{rel}","templated":true}]}}