{"id":1126,"date":"2021-02-22T18:55:00","date_gmt":"2021-02-22T17:55:00","guid":{"rendered":"https:\/\/rodolphevigne.com\/?post_type=product&#038;p=1126"},"modified":"2022-06-24T18:05:43","modified_gmt":"2022-06-24T16:05:43","slug":"soin-express-pour-enfants-et-adolescents","status":"publish","type":"product","link":"https:\/\/rodolphevigne.com\/?product=soin-express-pour-enfants-et-adolescents","title":{"rendered":"S\u00e9ance avec l&rsquo;\u00e9nergie des Oracles pour enfants et adolescents"},"content":{"rendered":"<div class=\"o9v6fnle cxmmr5t8 oygrvhab hcukyx3x c1et5uql ii04i59q\">\n<div dir=\"auto\">Nos enfants ont \u00e9galement ses besoins. La p\u00e9riode actuelle peut paraitre incertaine et \u00eatre tr\u00e8s anxiog\u00e8ne pour beaucoup. Certains de \u00ab\u00a0nos enfants\u00a0\u00bb ne trouvent pas ou plus la force d&rsquo;avancer, de continuer et n&rsquo;arrivent plus \u00e0 se projeter dans un avenir positif.<\/div>\n<\/div>\n<div class=\"o9v6fnle cxmmr5t8 oygrvhab hcukyx3x c1et5uql ii04i59q\">\n<div dir=\"auto\">A nous adultes et parents, garant du bien \u00eatre de la g\u00e9n\u00e9ration \u00e0 venir, de nous permettre et de leur permettre de trouver la ressource int\u00e9rieur qui va permettre le passage \u00e0 \u00ab\u00a0un ensemble\u00a0\u00bb porteur et cr\u00e9ateur.<\/div>\n<div dir=\"auto\">En ce sens et dans cette dynamique je propose le soin express au tarif de 30\u20ac pour les enfants et adolescents<\/div>\n<\/div>\n<span class=\"et_bloom_bottom_trigger\"><\/span>","protected":false},"excerpt":{"rendered":"<p>Nos enfants ont \u00e9galement ses besoins. La p\u00e9riode actuelle peut paraitre incertaine et \u00eatre tr\u00e8s anxiog\u00e8ne pour beaucoup. Certains de \u00ab\u00a0nos enfants\u00a0\u00bb ne trouvent pas ou plus la force d&rsquo;avancer, de continuer et n&rsquo;arrivent plus \u00e0 se projeter dans un avenir positif. A nous adultes et parents, garant du bien \u00eatre de la g\u00e9n\u00e9ration \u00e0&hellip;&nbsp;<a href=\"https:\/\/rodolphevigne.com\/?product=soin-express-pour-enfants-et-adolescents\" class=\"\" rel=\"bookmark\">Lire la suite &raquo;<span class=\"screen-reader-text\">S\u00e9ance avec l&rsquo;\u00e9nergie des Oracles pour enfants et adolescents<\/span><\/a><\/p>\n","protected":false},"featured_media":618,"template":"","meta":{"neve_meta_sidebar":"","neve_meta_container":"","neve_meta_enable_content_width":"","neve_meta_content_width":0,"neve_meta_title_alignment":"","neve_meta_author_avatar":"","neve_post_elements_order":"","neve_meta_disable_header":"","neve_meta_disable_footer":"","neve_meta_disable_title":"","_ti_tpc_template_sync":false,"_ti_tpc_template_id":""},"class_list":{"0":"post-1126","1":"product","2":"type-product","3":"status-publish","4":"has-post-thumbnail","6":"product_cat-individuels","7":"product_cat-soin-enfant-ado","9":"first","10":"instock","11":"taxable","12":"shipping-taxable","13":"purchasable","14":"product-type-simple"},"_links":{"self":[{"href":"https:\/\/rodolphevigne.com\/index.php?rest_route=\/wp\/v2\/product\/1126"}],"collection":[{"href":"https:\/\/rodolphevigne.com\/index.php?rest_route=\/wp\/v2\/product"}],"about":[{"href":"https:\/\/rodolphevigne.com\/index.php?rest_route=\/wp\/v2\/types\/product"}],"wp:featuredmedia":[{"embeddable":true,"href":"https:\/\/rodolphevigne.com\/index.php?rest_route=\/wp\/v2\/media\/618"}],"wp:attachment":[{"href":"https:\/\/rodolphevigne.com\/index.php?rest_route=%2Fwp%2Fv2%2Fmedia&parent=1126"}],"curies":[{"name":"wp","href":"https:\/\/api.w.org\/{rel}","templated":true}]}}