{"id":1125,"date":"2021-02-22T18:38:15","date_gmt":"2021-02-22T17:38:15","guid":{"rendered":"https:\/\/rodolphevigne.com\/?post_type=product&#038;p=1125"},"modified":"2022-07-30T16:09:40","modified_gmt":"2022-07-30T14:09:40","slug":"soin-delphique-sur-3-semaines","status":"publish","type":"product","link":"https:\/\/rodolphevigne.com\/?product=soin-delphique-sur-3-semaines","title":{"rendered":"S\u00e9ance avec l&rsquo;\u00e9nergie des Oracles sur 3 semaines"},"content":{"rendered":"<h5><strong>Je vous propose un accompagnement avec l&rsquo;\u00e9nergie des diff\u00e9rents oracles sur 3 semaines, 1 s\u00e9ance par semaine. En lien avec l&rsquo;oracle nous voyons ensemble quelle \u00e9nergie\u00a0 il vous est n\u00e9cessaire de recevoir. Et tout les 7 jours nous nous contactons pour le transfert vibratoire.<\/strong><\/h5>\n<h5><strong>Tarif 150\u20ac<\/strong><\/h5>\n<div id=\"cliquemailclipboardInfo\" class=\"cliquemailHiddenPopup\" style=\"z-index: 1102;\">\n<div id=\"cliquemailcontentTo\"><\/div>\n<\/div>\n<span class=\"et_bloom_bottom_trigger\"><\/span>","protected":false},"excerpt":{"rendered":"<p>Je vous propose un accompagnement avec l&rsquo;\u00e9nergie des diff\u00e9rents oracles sur 3 semaines, 1 s\u00e9ance par semaine. En lien avec l&rsquo;oracle nous voyons ensemble quelle \u00e9nergie\u00a0 il vous est n\u00e9cessaire de recevoir. Et tout les 7 jours nous nous contactons pour le transfert vibratoire. Tarif 150\u20ac<\/p>\n","protected":false},"featured_media":94,"template":"","meta":{"neve_meta_sidebar":"","neve_meta_container":"","neve_meta_enable_content_width":"","neve_meta_content_width":0,"neve_meta_title_alignment":"","neve_meta_author_avatar":"","neve_post_elements_order":"","neve_meta_disable_header":"","neve_meta_disable_footer":"","neve_meta_disable_title":"","_ti_tpc_template_sync":false,"_ti_tpc_template_id":""},"class_list":{"0":"post-1125","1":"product","2":"type-product","3":"status-publish","4":"has-post-thumbnail","6":"product_cat-individuels","8":"first","9":"instock","10":"taxable","11":"shipping-taxable","12":"purchasable","13":"product-type-simple"},"_links":{"self":[{"href":"https:\/\/rodolphevigne.com\/index.php?rest_route=\/wp\/v2\/product\/1125"}],"collection":[{"href":"https:\/\/rodolphevigne.com\/index.php?rest_route=\/wp\/v2\/product"}],"about":[{"href":"https:\/\/rodolphevigne.com\/index.php?rest_route=\/wp\/v2\/types\/product"}],"wp:featuredmedia":[{"embeddable":true,"href":"https:\/\/rodolphevigne.com\/index.php?rest_route=\/wp\/v2\/media\/94"}],"wp:attachment":[{"href":"https:\/\/rodolphevigne.com\/index.php?rest_route=%2Fwp%2Fv2%2Fmedia&parent=1125"}],"curies":[{"name":"wp","href":"https:\/\/api.w.org\/{rel}","templated":true}]}}