{"id":615,"date":"2019-12-17T16:51:34","date_gmt":"2019-12-17T15:51:34","guid":{"rendered":"https:\/\/rodolphevigne.com\/?page_id=615"},"modified":"2020-02-13T12:20:20","modified_gmt":"2020-02-13T11:20:20","slug":"seances-pour-groupe-denfants","status":"publish","type":"page","link":"https:\/\/rodolphevigne.com\/?page_id=615","title":{"rendered":"S\u00e9ances de groupe pour les enfants"},"content":{"rendered":"\t\t<div data-elementor-type=\"wp-page\" data-elementor-id=\"615\" class=\"elementor elementor-615\">\n\t\t\t\t\t\t<section class=\"elementor-section elementor-top-section elementor-element elementor-element-9e1b8a9 elementor-section-stretched elementor-section-boxed elementor-section-height-default elementor-section-height-default\" data-id=\"9e1b8a9\" data-element_type=\"section\" data-e-type=\"section\" data-settings=\"{&quot;stretch_section&quot;:&quot;section-stretched&quot;}\">\n\t\t\t\t\t\t<div class=\"elementor-container elementor-column-gap-default\">\n\t\t\t\t\t<div class=\"elementor-column elementor-col-100 elementor-top-column elementor-element elementor-element-7e30423\" data-id=\"7e30423\" data-element_type=\"column\" data-e-type=\"column\">\n\t\t\t<div class=\"elementor-widget-wrap elementor-element-populated\">\n\t\t\t\t\t\t<div class=\"elementor-element elementor-element-bdc5249 elementor-widget elementor-widget-text-editor\" data-id=\"bdc5249\" data-element_type=\"widget\" data-e-type=\"widget\" data-widget_type=\"text-editor.default\">\n\t\t\t\t<div class=\"elementor-widget-container\">\n\t\t\t\t\t\t\t\t\t<h4><em><strong>Nous demandons aux enfants de s&rsquo;adapter, de suivre le rythme. Et en r\u00e8gle g\u00e9n\u00e9ral il le font que ce soit pour l&rsquo;\u00e9cole, sur le plan familial&#8230;L&rsquo;espace que je leur propose est un temps de ressourcement pour leur permettre de garder ce mouvement int\u00e9rieur et cette facilit\u00e9 d&rsquo;adaptation. Dans cette espace ils peuvent se lib\u00e9rer des tensions qu&rsquo;ils accumulent. Pour que si besoin ils soient en capacit\u00e9 d&rsquo;ext\u00e9rioriser, d&rsquo;exprimer leur besoins. Le but \u00e9tant que l&rsquo;enfant garde la vivacit\u00e9, la fraicheur li\u00e8 \u00e0 son \u00e2ge dans une expression apais\u00e9.<\/strong><\/em><\/h4><h4><em><strong>Au m\u00eame titre que pour les adultes je cr\u00e9e un espace vibratoire propice \u00e0 l&rsquo;\u00e9vacuation des tensions internes. Cet espace vibratoire permet une r\u00e9g\u00e9n\u00e9ration global en faisant un nettoyage de la structure \u00e9nerg\u00e9tique pour apaiser les couches physique et \u00e9motionnelle. <\/strong><\/em><\/h4><h4><em><strong>Ce soin est complet, il procure un apaisement g\u00e9n\u00e9ral permettant \u00e0 l\u2019enfant d&rsquo;avoir la ressource pour \u00e9voluer et exprimer ses potentiels.<\/strong><\/em><\/h4><h4><em><strong>Dans la continuit\u00e9 des s\u00e9ances cet espace permet aux enfants de s&rsquo;apaiser et d&rsquo;\u00e9vacuer les tensions int\u00e9rieurs qu&rsquo;ils peuvent vivre ou porter.<br \/><\/strong><\/em><\/h4><h4><em><strong>Vous \u00eates un groupe de parents, vous \u00eates int\u00e9ress\u00e9 par ma pratique avec les enfants. Contactez moi et nous verrons ce qui est possible de mettre en place\/ Organiser pour vos enfants.<\/strong> <\/em><\/h4><h4><em><strong>Si vous voulez aller plus loin je propose \u00e9galement :<\/strong><\/em><\/h4><ul><li><h4><em><strong>Des soins individuel pour les enfants<a href=\"https:\/\/rodolphevigne.com\/?product=soin-pour-les-enfants-ado\"><span style=\"color: #0000ff;\"> (voir)<\/span><\/a><\/strong><\/em><\/h4><\/li><li><h4><em><strong>Des soins familiaux<a href=\"https:\/\/rodolphevigne.com\/?product=le-soin-familial\"> <span style=\"color: #0000ff;\">(voir)<\/span><\/a><\/strong><\/em><\/h4><\/li><\/ul>\t\t\t\t\t\t\t\t<\/div>\n\t\t\t\t<\/div>\n\t\t\t\t\t<\/div>\n\t\t<\/div>\n\t\t\t\t\t<\/div>\n\t\t<\/section>\n\t\t\t\t<section class=\"elementor-section elementor-top-section elementor-element elementor-element-138fa2b elementor-section-stretched elementor-section-boxed elementor-section-height-default elementor-section-height-default\" data-id=\"138fa2b\" data-element_type=\"section\" data-e-type=\"section\" data-settings=\"{&quot;stretch_section&quot;:&quot;section-stretched&quot;}\">\n\t\t\t\t\t\t<div class=\"elementor-container elementor-column-gap-default\">\n\t\t\t\t\t<div class=\"elementor-column elementor-col-33 elementor-top-column elementor-element elementor-element-82683ca\" data-id=\"82683ca\" data-element_type=\"column\" data-e-type=\"column\">\n\t\t\t<div class=\"elementor-widget-wrap elementor-element-populated\">\n\t\t\t\t\t\t<div class=\"elementor-element elementor-element-794b514 elementor-widget elementor-widget-image\" data-id=\"794b514\" data-element_type=\"widget\" data-e-type=\"widget\" data-widget_type=\"image.default\">\n\t\t\t\t<div class=\"elementor-widget-container\">\n\t\t\t\t\t\t\t\t\t\t\t\t\t\t\t<img decoding=\"async\" src=\"https:\/\/rodolphevigne.com\/wp-content\/uploads\/2019\/12\/52293476-bc791715259f0e97355c1001da06c1fe.jpg\" title=\"\" alt=\"\" loading=\"lazy\" \/>\t\t\t\t\t\t\t\t\t\t\t\t\t\t\t<\/div>\n\t\t\t\t<\/div>\n\t\t\t\t\t<\/div>\n\t\t<\/div>\n\t\t\t\t<div class=\"elementor-column elementor-col-33 elementor-top-column elementor-element elementor-element-a59a297\" data-id=\"a59a297\" data-element_type=\"column\" data-e-type=\"column\">\n\t\t\t<div class=\"elementor-widget-wrap elementor-element-populated\">\n\t\t\t\t\t\t<div class=\"elementor-element elementor-element-d1a8515 elementor-widget elementor-widget-text-editor\" data-id=\"d1a8515\" data-element_type=\"widget\" data-e-type=\"widget\" data-widget_type=\"text-editor.default\">\n\t\t\t\t<div class=\"elementor-widget-container\">\n\t\t\t\t\t\t\t\t\t<h4 style=\"text-align: center;\"><a href=\"https:\/\/www.centre-o.fr\/instants-o\"><strong><em><span style=\"color: #0000ff;\">Centre O Le Pontet<\/span><\/em><\/strong><\/a><\/h4><h4 style=\"text-align: center;\"><em><a href=\"https:\/\/www.centre-o.fr\/instants-o\">Atelier les Instants O<\/a> <br \/><\/em><\/h4><h4 style=\"text-align: center;\"><em>Tarif : 390\u20ac l&rsquo;ann\u00e9e<\/em><\/h4><h4 style=\"text-align: center;\">(13\u20ac l&rsquo;atelier)<\/h4><h4 style=\"text-align: center;\"><em>Les vendredi<\/em><\/h4><h4 style=\"text-align: center;\"><em>de 17H30 \u00e0 18H30<\/em><\/h4><p>\u00a0<\/p><h4 style=\"text-align: center;\"><em>\u00a0<\/em><\/h4>\t\t\t\t\t\t\t\t<\/div>\n\t\t\t\t<\/div>\n\t\t\t\t\t<\/div>\n\t\t<\/div>\n\t\t\t\t<div class=\"elementor-column elementor-col-33 elementor-top-column elementor-element elementor-element-7be743b\" data-id=\"7be743b\" data-element_type=\"column\" data-e-type=\"column\">\n\t\t\t<div class=\"elementor-widget-wrap elementor-element-populated\">\n\t\t\t\t\t\t<div class=\"elementor-element elementor-element-b6aa171 elementor-widget elementor-widget-google_maps\" data-id=\"b6aa171\" data-element_type=\"widget\" data-e-type=\"widget\" data-widget_type=\"google_maps.default\">\n\t\t\t\t<div class=\"elementor-widget-container\">\n\t\t\t\t\t\t\t<div class=\"elementor-custom-embed\">\n\t\t\t<iframe loading=\"lazy\"\n\t\t\t\t\tsrc=\"https:\/\/maps.google.com\/maps?q=Centre%20O&#038;t=m&#038;z=10&#038;output=embed&#038;iwloc=near\"\n\t\t\t\t\ttitle=\"Centre O\"\n\t\t\t\t\taria-label=\"Centre O\"\n\t\t\t><\/iframe>\n\t\t<\/div>\n\t\t\t\t\t\t<\/div>\n\t\t\t\t<\/div>\n\t\t\t\t\t<\/div>\n\t\t<\/div>\n\t\t\t\t\t<\/div>\n\t\t<\/section>\n\t\t\t\t<\/div>\n\t\t<span class=\"et_bloom_bottom_trigger\"><\/span>","protected":false},"excerpt":{"rendered":"<p>Nous demandons aux enfants de s&rsquo;adapter, de suivre le rythme. Et en r\u00e8gle g\u00e9n\u00e9ral il le font que ce soit [&hellip;]<\/p>\n","protected":false},"author":1,"featured_media":618,"parent":0,"menu_order":0,"comment_status":"closed","ping_status":"closed","template":"","meta":{"site-sidebar-layout":"default","site-content-layout":"","ast-site-content-layout":"default","site-content-style":"default","site-sidebar-style":"default","ast-global-header-display":"","ast-banner-title-visibility":"","ast-main-header-display":"","ast-hfb-above-header-display":"","ast-hfb-below-header-display":"","ast-hfb-mobile-header-display":"","site-post-title":"","ast-breadcrumbs-content":"","ast-featured-img":"","footer-sml-layout":"","ast-disable-related-posts":"","theme-transparent-header-meta":"","adv-header-id-meta":"","stick-header-meta":"","header-above-stick-meta":"","header-main-stick-meta":"","header-below-stick-meta":"","astra-migrate-meta-layouts":"default","ast-page-background-enabled":"default","ast-page-background-meta":{"desktop":{"background-color":"var(--ast-global-color-5)","background-image":"","background-repeat":"repeat","background-position":"center center","background-size":"auto","background-attachment":"scroll","background-type":"","background-media":"","overlay-type":"","overlay-color":"","overlay-opacity":"","overlay-gradient":""},"tablet":{"background-color":"","background-image":"","background-repeat":"repeat","background-position":"center center","background-size":"auto","background-attachment":"scroll","background-type":"","background-media":"","overlay-type":"","overlay-color":"","overlay-opacity":"","overlay-gradient":""},"mobile":{"background-color":"","background-image":"","background-repeat":"repeat","background-position":"center center","background-size":"auto","background-attachment":"scroll","background-type":"","background-media":"","overlay-type":"","overlay-color":"","overlay-opacity":"","overlay-gradient":""}},"ast-content-background-meta":{"desktop":{"background-color":"var(--ast-global-color-4)","background-image":"","background-repeat":"repeat","background-position":"center center","background-size":"auto","background-attachment":"scroll","background-type":"","background-media":"","overlay-type":"","overlay-color":"","overlay-opacity":"","overlay-gradient":""},"tablet":{"background-color":"var(--ast-global-color-4)","background-image":"","background-repeat":"repeat","background-position":"center center","background-size":"auto","background-attachment":"scroll","background-type":"","background-media":"","overlay-type":"","overlay-color":"","overlay-opacity":"","overlay-gradient":""},"mobile":{"background-color":"var(--ast-global-color-4)","background-image":"","background-repeat":"repeat","background-position":"center center","background-size":"auto","background-attachment":"scroll","background-type":"","background-media":"","overlay-type":"","overlay-color":"","overlay-opacity":"","overlay-gradient":""}},"_ti_tpc_template_sync":false,"_ti_tpc_template_id":"","footnotes":""},"class_list":["post-615","page","type-page","status-publish","has-post-thumbnail","hentry"],"_links":{"self":[{"href":"https:\/\/rodolphevigne.com\/index.php?rest_route=\/wp\/v2\/pages\/615","targetHints":{"allow":["GET"]}}],"collection":[{"href":"https:\/\/rodolphevigne.com\/index.php?rest_route=\/wp\/v2\/pages"}],"about":[{"href":"https:\/\/rodolphevigne.com\/index.php?rest_route=\/wp\/v2\/types\/page"}],"author":[{"embeddable":true,"href":"https:\/\/rodolphevigne.com\/index.php?rest_route=\/wp\/v2\/users\/1"}],"replies":[{"embeddable":true,"href":"https:\/\/rodolphevigne.com\/index.php?rest_route=%2Fwp%2Fv2%2Fcomments&post=615"}],"version-history":[{"count":4,"href":"https:\/\/rodolphevigne.com\/index.php?rest_route=\/wp\/v2\/pages\/615\/revisions"}],"predecessor-version":[{"id":653,"href":"https:\/\/rodolphevigne.com\/index.php?rest_route=\/wp\/v2\/pages\/615\/revisions\/653"}],"wp:featuredmedia":[{"embeddable":true,"href":"https:\/\/rodolphevigne.com\/index.php?rest_route=\/wp\/v2\/media\/618"}],"wp:attachment":[{"href":"https:\/\/rodolphevigne.com\/index.php?rest_route=%2Fwp%2Fv2%2Fmedia&parent=615"}],"curies":[{"name":"wp","href":"https:\/\/api.w.org\/{rel}","templated":true}]}}