{"id":49,"date":"2019-04-09T09:47:12","date_gmt":"2019-04-09T07:47:12","guid":{"rendered":"http:\/\/rodolphevigne.com\/?page_id=49"},"modified":"2022-03-14T15:10:40","modified_gmt":"2022-03-14T14:10:40","slug":"me-rencontrer","status":"publish","type":"page","link":"https:\/\/rodolphevigne.com\/?page_id=49","title":{"rendered":"R\u00e9servation &#038; planning"},"content":{"rendered":"\t\t<div data-elementor-type=\"wp-post\" data-elementor-id=\"49\" class=\"elementor elementor-49\">\n\t\t\t\t\t\t<div class=\"elementor-inner\">\n\t\t\t\t<div class=\"elementor-section-wrap\">\n\t\t\t\t\t\t\t\t\t<section class=\"elementor-section elementor-top-section elementor-element elementor-element-e8fe7bc elementor-section-boxed elementor-section-height-default elementor-section-height-default\" data-id=\"e8fe7bc\" data-element_type=\"section\">\n\t\t\t\t\t\t<div class=\"elementor-container elementor-column-gap-default\">\n\t\t\t\t\t\t\t<div class=\"elementor-row\">\n\t\t\t\t\t<div class=\"elementor-column elementor-col-33 elementor-top-column elementor-element elementor-element-415d73b\" data-id=\"415d73b\" data-element_type=\"column\">\n\t\t\t<div class=\"elementor-column-wrap elementor-element-populated\">\n\t\t\t\t\t\t\t<div class=\"elementor-widget-wrap\">\n\t\t\t\t\t\t<div class=\"elementor-element elementor-element-ec24b8b elementor-widget elementor-widget-image\" data-id=\"ec24b8b\" data-element_type=\"widget\" data-widget_type=\"image.default\">\n\t\t\t\t<div class=\"elementor-widget-container\">\n\t\t\t\t\t\t\t\t<div class=\"elementor-image\">\n\t\t\t\t\t\t\t\t\t\t\t\t<img loading=\"lazy\" decoding=\"async\" width=\"322\" height=\"322\" src=\"https:\/\/rodolphevigne.com\/wp-content\/uploads\/2019\/04\/multiface-yin-Copie.png\" class=\"attachment-large size-large\" alt=\"\" srcset=\"https:\/\/rodolphevigne.com\/wp-content\/uploads\/2019\/04\/multiface-yin-Copie.png 322w, https:\/\/rodolphevigne.com\/wp-content\/uploads\/2019\/04\/multiface-yin-Copie-150x150.png 150w, https:\/\/rodolphevigne.com\/wp-content\/uploads\/2019\/04\/multiface-yin-Copie-300x300.png 300w, https:\/\/rodolphevigne.com\/wp-content\/uploads\/2019\/04\/multiface-yin-Copie-100x100.png 100w\" sizes=\"(max-width: 322px) 100vw, 322px\" \/>\t\t\t\t\t\t\t\t\t\t\t\t\t\t<\/div>\n\t\t\t\t\t\t<\/div>\n\t\t\t\t<\/div>\n\t\t\t\t\t\t<\/div>\n\t\t\t\t\t<\/div>\n\t\t<\/div>\n\t\t\t\t<div class=\"elementor-column elementor-col-66 elementor-top-column elementor-element elementor-element-4a3b962\" data-id=\"4a3b962\" data-element_type=\"column\">\n\t\t\t<div class=\"elementor-column-wrap elementor-element-populated\">\n\t\t\t\t\t\t\t<div class=\"elementor-widget-wrap\">\n\t\t\t\t\t\t<div class=\"elementor-element elementor-element-7b41248 elementor-widget elementor-widget-text-editor\" data-id=\"7b41248\" data-element_type=\"widget\" data-widget_type=\"text-editor.default\">\n\t\t\t\t<div class=\"elementor-widget-container\">\n\t\t\t\t\t\t\t\t<div class=\"elementor-text-editor elementor-clearfix\">\n\t\t\t\t<h1><strong><span style=\"color: #0000ff;\"><em>\u00c9quilibre et perspectives<\/em><\/span><\/strong><\/h1><h2><span style=\"color: #99cc00;\"><em><strong>Rodolphe Vigne\u00a0\u00a0\u00a0\u00a0\u00a0\u00a0\u00a0\u00a0\u00a0\u00a0\u00a0\u00a0\u00a0\u00a0\u00a0\u00a0\u00a0\u00a0\u00a0\u00a0\u00a0 \u00a0 Gu\u00e9risseur dans l&rsquo;\u00c2me<\/strong> <\/em><\/span><\/h2><h4><span style=\"color: #000000;\"><em><strong>Contact : 06 95 72 33 93<\/strong><\/em><\/span><\/h4><h4><span style=\"color: #000000;\"><em><strong>rodolphe.vigne@bbox.fr<\/strong><\/em><\/span><\/h4>\t\t\t\t\t<\/div>\n\t\t\t\t\t\t<\/div>\n\t\t\t\t<\/div>\n\t\t\t\t\t\t<\/div>\n\t\t\t\t\t<\/div>\n\t\t<\/div>\n\t\t\t\t\t\t\t\t<\/div>\n\t\t\t\t\t<\/div>\n\t\t<\/section>\n\t\t\t\t<section class=\"elementor-section elementor-top-section elementor-element elementor-element-0bf6a6e elementor-section-boxed elementor-section-height-default elementor-section-height-default\" data-id=\"0bf6a6e\" data-element_type=\"section\">\n\t\t\t\t\t\t<div class=\"elementor-container elementor-column-gap-default\">\n\t\t\t\t\t\t\t<div class=\"elementor-row\">\n\t\t\t\t\t<div class=\"elementor-column elementor-col-100 elementor-top-column elementor-element elementor-element-1bf803f\" data-id=\"1bf803f\" data-element_type=\"column\">\n\t\t\t<div class=\"elementor-column-wrap elementor-element-populated\">\n\t\t\t\t\t\t\t<div class=\"elementor-widget-wrap\">\n\t\t\t\t\t\t<div class=\"elementor-element elementor-element-6eb0887 elementor-widget elementor-widget-text-editor\" data-id=\"6eb0887\" data-element_type=\"widget\" data-widget_type=\"text-editor.default\">\n\t\t\t\t<div class=\"elementor-widget-container\">\n\t\t\t\t\t\t\t\t<div class=\"elementor-text-editor elementor-clearfix\">\n\t\t\t\t<h4><strong><em>Pour prendre un rendez vous m<span class=\"color_34\">erci de remplir le formulaire en pr\u00e9cisant la prestation que vous d\u00e9sirez.\u00a0 Vous pouvez si vous le d\u00e9sirez m&rsquo;indiquer en quelques mots votre besoin. Le r\u00e8glement se fait avant la s\u00e9ance via la <\/span><\/em><span style=\"text-decoration: underline;\"><a href=\"https:\/\/rodolphevigne.com\/?orderby=price&amp;paged=1&amp;post_type=product&amp;cs_preview=\"><em><span class=\"color_34\"><span style=\"color: #0000ff; text-decoration: underline;\">boutique<\/span><\/span><\/em><\/a><\/span><em><span class=\"color_34\"> ou directement au cabinet. Vous avez \u00e9galement la possibilit\u00e9 de prendre RDV au 06 95 72 33 93. Bien \u00e0 vous.<br \/><\/span><\/em><\/strong><\/h4><h4><strong><em>Pour vous inscrire \u00e0 un soin collectif ou participer \u00e0 un autre \u00e9v\u00e9nement contactez moi ou envoyez moi un SMS au 06 95 72 33 93. Consulter le <a href=\"https:\/\/rodolphevigne.com\/?page_id=51&amp;ai1ec=\"><span style=\"color: #ff0000;\"><span style=\"text-decoration: underline;\">calendrier des \u00e9v\u00e9nements<\/span><\/span><\/a>.<\/em><\/strong><\/h4>\t\t\t\t\t<\/div>\n\t\t\t\t\t\t<\/div>\n\t\t\t\t<\/div>\n\t\t\t\t\t\t<\/div>\n\t\t\t\t\t<\/div>\n\t\t<\/div>\n\t\t\t\t\t\t\t\t<\/div>\n\t\t\t\t\t<\/div>\n\t\t<\/section>\n\t\t\t\t<section class=\"elementor-section elementor-top-section elementor-element elementor-element-7c7a330 elementor-section-boxed elementor-section-height-default elementor-section-height-default\" data-id=\"7c7a330\" data-element_type=\"section\">\n\t\t\t\t\t\t<div class=\"elementor-container elementor-column-gap-default\">\n\t\t\t\t\t\t\t<div class=\"elementor-row\">\n\t\t\t\t\t<div class=\"elementor-column elementor-col-100 elementor-top-column elementor-element elementor-element-0ab328c\" data-id=\"0ab328c\" data-element_type=\"column\">\n\t\t\t<div class=\"elementor-column-wrap elementor-element-populated\">\n\t\t\t\t\t\t\t<div class=\"elementor-widget-wrap\">\n\t\t\t\t\t\t<div class=\"elementor-element elementor-element-0c9f770 elementor-widget elementor-widget-text-editor\" data-id=\"0c9f770\" data-element_type=\"widget\" data-widget_type=\"text-editor.default\">\n\t\t\t\t<div class=\"elementor-widget-container\">\n\t\t\t\t\t\t\t\t<div class=\"elementor-text-editor elementor-clearfix\">\n\t\t\t\t<h4 style=\"text-align: center;\"><span style=\"text-decoration: underline;\"><strong><span style=\"color: #0000ff;\"><em>Planning horaire cabinet<br><\/em><\/span><\/strong><\/span><\/h4>\n<h4><strong><em><span style=\"color: #ff0000;\">Lundi :<\/span>&nbsp;&nbsp;&nbsp;&nbsp;&nbsp;&nbsp;&nbsp;&nbsp;&nbsp;&nbsp; 9H30 \/ 12H00&nbsp;&nbsp;&nbsp; 13H30 \/ 16H00<br><\/em><\/strong><\/h4>\n<h4><strong><em><span style=\"color: #ff0000;\">Mardi : &nbsp; &nbsp; &nbsp; &nbsp;&nbsp;<\/span> 9H30 \/ 12H00&nbsp;&nbsp;&nbsp; 13H30 \/ 16H00<\/em><\/strong><\/h4>\n<h4><strong><em><span style=\"color: #ff0000;\">Mercredi :<\/span>&nbsp;&nbsp;&nbsp; 9H30 \/ 12H00&nbsp;&nbsp;&nbsp; <br><\/em><\/strong><\/h4>\n<h4><strong><em><span style=\"color: #ff0000;\">Jeudi : &nbsp; &nbsp; &nbsp; &nbsp;&nbsp;<\/span> 9H30&nbsp; \/ 12H00&nbsp;&nbsp; 13H30 \/ 16H00<br><\/em><\/strong><\/h4>\n<h4><strong><em><span style=\"color: #ff0000;\">Vendredi :<\/span>&nbsp;&nbsp;&nbsp; 9H30 \/ 12H00&nbsp;&nbsp;&nbsp;&nbsp; <br><\/em><\/strong><\/h4>\n<h4>&nbsp;<\/h4>\n<h4><strong><em>Si vos horaires ne correspondent pas aux miennes, contactez moi nous trouverons une solution ensemble.<\/em><\/strong><\/h4>\n<h4><strong><em>Les RDV \u00e0 distance peuvent se faire en soir\u00e9e, \u00e0 d\u00e9finir ensemble.<\/em><\/strong><\/h4>\n<h4 style=\"text-align: center;\"><span style=\"text-decoration: underline;\"><strong><span style=\"color: #0000ff;\"><em>Planning Soin collectif<\/em><\/span><\/strong><\/span><\/h4>\n<h4><strong><em>&nbsp;<\/em><\/strong><\/h4>\n<h4 style=\"text-align: center;\"><a href=\"https:\/\/www.facebook.com\/equilibresetperspectives\/events\"><span style=\"color: #ff0000;\">A voir sur \u00e9v\u00e9nement Facebook<\/span> <\/a><\/h4>\n<h4>&nbsp;<\/h4>\t\t\t\t\t<\/div>\n\t\t\t\t\t\t<\/div>\n\t\t\t\t<\/div>\n\t\t\t\t\t\t<\/div>\n\t\t\t\t\t<\/div>\n\t\t<\/div>\n\t\t\t\t\t\t\t\t<\/div>\n\t\t\t\t\t<\/div>\n\t\t<\/section>\n\t\t\t\t<section class=\"elementor-section elementor-top-section elementor-element elementor-element-f0c93bf elementor-section-boxed elementor-section-height-default elementor-section-height-default\" data-id=\"f0c93bf\" data-element_type=\"section\">\n\t\t\t\t\t\t<div class=\"elementor-container elementor-column-gap-default\">\n\t\t\t\t\t\t\t<div class=\"elementor-row\">\n\t\t\t\t\t<div class=\"elementor-column elementor-col-100 elementor-top-column elementor-element elementor-element-0590f4b\" data-id=\"0590f4b\" data-element_type=\"column\">\n\t\t\t<div class=\"elementor-column-wrap elementor-element-populated\">\n\t\t\t\t\t\t\t<div class=\"elementor-widget-wrap\">\n\t\t\t\t\t\t<div class=\"elementor-element elementor-element-45ed529 elementor-widget elementor-widget-shortcode\" data-id=\"45ed529\" data-element_type=\"widget\" data-widget_type=\"shortcode.default\">\n\t\t\t\t<div class=\"elementor-widget-container\">\n\t\t\t\t\t<div class=\"elementor-shortcode\">[wpforms id=\"170\" title=\"false\" description=\"false\"]<\/div>\n\t\t\t\t<\/div>\n\t\t\t\t<\/div>\n\t\t\t\t\t\t<\/div>\n\t\t\t\t\t<\/div>\n\t\t<\/div>\n\t\t\t\t\t\t\t\t<\/div>\n\t\t\t\t\t<\/div>\n\t\t<\/section>\n\t\t\t\t<section class=\"elementor-section elementor-top-section elementor-element elementor-element-23fc910 elementor-section-boxed elementor-section-height-default elementor-section-height-default\" data-id=\"23fc910\" data-element_type=\"section\">\n\t\t\t\t\t\t<div class=\"elementor-container elementor-column-gap-default\">\n\t\t\t\t\t\t\t<div class=\"elementor-row\">\n\t\t\t\t\t<div class=\"elementor-column elementor-col-100 elementor-top-column elementor-element elementor-element-295e0a5\" data-id=\"295e0a5\" data-element_type=\"column\">\n\t\t\t<div class=\"elementor-column-wrap elementor-element-populated\">\n\t\t\t\t\t\t\t<div class=\"elementor-widget-wrap\">\n\t\t\t\t\t\t<div class=\"elementor-element elementor-element-8be0344 elementor-widget elementor-widget-image\" data-id=\"8be0344\" data-element_type=\"widget\" data-widget_type=\"image.default\">\n\t\t\t\t<div class=\"elementor-widget-container\">\n\t\t\t\t\t\t\t\t<div class=\"elementor-image\">\n\t\t\t\t\t\t\t\t\t\t\t\t<img loading=\"lazy\" decoding=\"async\" width=\"300\" height=\"199\" src=\"https:\/\/rodolphevigne.com\/wp-content\/uploads\/2019\/04\/mains-en-cercle.jpg\" class=\"attachment-large size-large\" alt=\"\" \/>\t\t\t\t\t\t\t\t\t\t\t\t\t\t<\/div>\n\t\t\t\t\t\t<\/div>\n\t\t\t\t<\/div>\n\t\t\t\t\t\t<\/div>\n\t\t\t\t\t<\/div>\n\t\t<\/div>\n\t\t\t\t\t\t\t\t<\/div>\n\t\t\t\t\t<\/div>\n\t\t<\/section>\n\t\t\t\t<section class=\"elementor-section elementor-top-section elementor-element elementor-element-1ff7df8 elementor-section-stretched elementor-section-boxed elementor-section-height-default elementor-section-height-default\" data-id=\"1ff7df8\" data-element_type=\"section\" data-settings=\"{&quot;stretch_section&quot;:&quot;section-stretched&quot;}\">\n\t\t\t\t\t\t<div class=\"elementor-container elementor-column-gap-default\">\n\t\t\t\t\t\t\t<div class=\"elementor-row\">\n\t\t\t\t\t<div class=\"elementor-column elementor-col-100 elementor-top-column elementor-element elementor-element-3d7095f\" data-id=\"3d7095f\" data-element_type=\"column\">\n\t\t\t<div class=\"elementor-column-wrap elementor-element-populated\">\n\t\t\t\t\t\t\t<div class=\"elementor-widget-wrap\">\n\t\t\t\t\t\t<div class=\"elementor-element elementor-element-dd2233a elementor-widget elementor-widget-text-editor\" data-id=\"dd2233a\" data-element_type=\"widget\" data-widget_type=\"text-editor.default\">\n\t\t\t\t<div class=\"elementor-widget-container\">\n\t\t\t\t\t\t\t\t<div class=\"elementor-text-editor elementor-clearfix\">\n\t\t\t\t<h3><em><strong>Vous pouvez me rencontrer lors de divers \u00e9v\u00e8nements que je propose au fil de l&rsquo;ann\u00e9e. Soins collectifs, conf\u00e9rences&#8230; <\/strong><span style=\"text-decoration: underline;\"><a href=\"https:\/\/rodolphevigne.com\/?page_id=51&amp;ai1ec=\"><span style=\"color: #ff0000; text-decoration: underline;\"><strong>Voici le calendrier des \u00e9v\u00e9nements <\/strong><\/span><\/a><\/span><strong>:<\/strong><\/em><\/h3>\t\t\t\t\t<\/div>\n\t\t\t\t\t\t<\/div>\n\t\t\t\t<\/div>\n\t\t\t\t<div class=\"elementor-element elementor-element-54bfe9d elementor-widget elementor-widget-wp-widget-ai1ec_agenda_widget\" data-id=\"54bfe9d\" data-element_type=\"widget\" data-widget_type=\"wp-widget-ai1ec_agenda_widget.default\">\n\t\t\t\t<div class=\"elementor-widget-container\">\n\t\t\t\n\n\t<h5>Evenements et rencontres<\/h5>\n\n<style>\n<!--\n\n-->\n<\/style>\n<div class=\"timely ai1ec-agenda-widget-view ai1ec-clearfix\">\n\n\t\t\t<p class=\"ai1ec-no-results\">\n\t\t\tIl n\u2019y a aucun \u00e9v\u00e8nement \u00e0 venir.\n\t\t<\/p>\n\t \n\t\t\t<div class=\"ai1ec-subscribe-buttons-widget\">\n\t\t\t\t\t\t\t<a class=\"ai1ec-btn ai1ec-btn-default ai1ec-btn-xs ai1ec-pull-right\n\t\t\t\t\tai1ec-calendar-link\"\n\t\t\t\t\thref=\"https&#x3A;&#x2F;&#x2F;rodolphevigne.com&#x2F;&#x3F;page_id&#x3D;51&amp;ai1ec&#x3D;\">\n\t\t\t\t\tVoir le calendrier\n\t\t\t\t\t<i class=\"ai1ec-fa ai1ec-fa-arrow-right\"><\/i>\n\t\t\t\t<\/a>\n\t\t\t\n\t\t\t\t\t<\/div>\n\t \n<\/div>\n\n\n\n\t\t<\/div>\n\t\t\t\t<\/div>\n\t\t\t\t\t\t<\/div>\n\t\t\t\t\t<\/div>\n\t\t<\/div>\n\t\t\t\t\t\t\t\t<\/div>\n\t\t\t\t\t<\/div>\n\t\t<\/section>\n\t\t\t\t<section class=\"elementor-section elementor-top-section elementor-element elementor-element-44b08ab elementor-section-boxed elementor-section-height-default elementor-section-height-default\" data-id=\"44b08ab\" data-element_type=\"section\">\n\t\t\t\t\t\t<div class=\"elementor-container elementor-column-gap-default\">\n\t\t\t\t\t\t\t<div class=\"elementor-row\">\n\t\t\t\t\t<div class=\"elementor-column elementor-col-100 elementor-top-column elementor-element elementor-element-90ac938\" data-id=\"90ac938\" data-element_type=\"column\">\n\t\t\t<div class=\"elementor-column-wrap\">\n\t\t\t\t\t\t\t<div class=\"elementor-widget-wrap\">\n\t\t\t\t\t\t\t\t<\/div>\n\t\t\t\t\t<\/div>\n\t\t<\/div>\n\t\t\t\t\t\t\t\t<\/div>\n\t\t\t\t\t<\/div>\n\t\t<\/section>\n\t\t\t\t<section class=\"elementor-section elementor-top-section elementor-element elementor-element-c830000 elementor-section-boxed elementor-section-height-default elementor-section-height-default\" data-id=\"c830000\" data-element_type=\"section\">\n\t\t\t\t\t\t<div class=\"elementor-container elementor-column-gap-default\">\n\t\t\t\t\t\t\t<div class=\"elementor-row\">\n\t\t\t\t\t<div class=\"elementor-column elementor-col-100 elementor-top-column elementor-element elementor-element-649492e\" data-id=\"649492e\" data-element_type=\"column\">\n\t\t\t<div class=\"elementor-column-wrap\">\n\t\t\t\t\t\t\t<div class=\"elementor-widget-wrap\">\n\t\t\t\t\t\t\t\t<\/div>\n\t\t\t\t\t<\/div>\n\t\t<\/div>\n\t\t\t\t\t\t\t\t<\/div>\n\t\t\t\t\t<\/div>\n\t\t<\/section>\n\t\t\t\t<section class=\"elementor-section elementor-top-section elementor-element elementor-element-6664629 elementor-section-boxed elementor-section-height-default elementor-section-height-default\" data-id=\"6664629\" data-element_type=\"section\">\n\t\t\t\t\t\t<div class=\"elementor-container elementor-column-gap-default\">\n\t\t\t\t\t\t\t<div class=\"elementor-row\">\n\t\t\t\t\t<div class=\"elementor-column elementor-col-100 elementor-top-column elementor-element elementor-element-6b16c72\" data-id=\"6b16c72\" data-element_type=\"column\">\n\t\t\t<div class=\"elementor-column-wrap\">\n\t\t\t\t\t\t\t<div class=\"elementor-widget-wrap\">\n\t\t\t\t\t\t\t\t<\/div>\n\t\t\t\t\t<\/div>\n\t\t<\/div>\n\t\t\t\t\t\t\t\t<\/div>\n\t\t\t\t\t<\/div>\n\t\t<\/section>\n\t\t\t\t<section class=\"elementor-section elementor-top-section elementor-element elementor-element-bfb0d5c elementor-section-stretched elementor-section-boxed elementor-section-height-default elementor-section-height-default\" data-id=\"bfb0d5c\" data-element_type=\"section\" data-settings=\"{&quot;stretch_section&quot;:&quot;section-stretched&quot;}\">\n\t\t\t\t\t\t<div class=\"elementor-container elementor-column-gap-default\">\n\t\t\t\t\t\t\t<div class=\"elementor-row\">\n\t\t\t\t\t<div class=\"elementor-column elementor-col-100 elementor-top-column elementor-element elementor-element-c5fcdfe\" data-id=\"c5fcdfe\" data-element_type=\"column\">\n\t\t\t<div class=\"elementor-column-wrap elementor-element-populated\">\n\t\t\t\t\t\t\t<div class=\"elementor-widget-wrap\">\n\t\t\t\t\t\t<div class=\"elementor-element elementor-element-a507946 elementor-widget elementor-widget-text-editor\" data-id=\"a507946\" data-element_type=\"widget\" data-widget_type=\"text-editor.default\">\n\t\t\t\t<div class=\"elementor-widget-container\">\n\t\t\t\t\t\t\t\t<div class=\"elementor-text-editor elementor-clearfix\">\n\t\t\t\t<p style=\"text-align: center;\"><span style=\"color: #ff0000;\"><strong>Rodolphe Vigne : Gu\u00e9risseur dans l&rsquo;\u00c2me<\/strong><\/span><\/p>\t\t\t\t\t<\/div>\n\t\t\t\t\t\t<\/div>\n\t\t\t\t<\/div>\n\t\t\t\t\t\t<\/div>\n\t\t\t\t\t<\/div>\n\t\t<\/div>\n\t\t\t\t\t\t\t\t<\/div>\n\t\t\t\t\t<\/div>\n\t\t<\/section>\n\t\t\t\t\t\t\t\t\t<\/div>\n\t\t\t<\/div>\n\t\t\t\t\t<\/div>\n\t\t<span class=\"et_bloom_bottom_trigger\"><\/span>","protected":false},"excerpt":{"rendered":"<p>\u00c9quilibre et perspectives Rodolphe Vigne\u00a0\u00a0\u00a0\u00a0\u00a0\u00a0\u00a0\u00a0\u00a0\u00a0\u00a0\u00a0\u00a0\u00a0\u00a0\u00a0\u00a0\u00a0\u00a0\u00a0\u00a0 \u00a0 Gu\u00e9risseur dans l&rsquo;\u00c2me Contact : 06 95 72 33 93 rodolphe.vigne@bbox.fr Pour prendre un rendez vous merci de remplir le formulaire en pr\u00e9cisant la prestation que vous d\u00e9sirez.\u00a0 Vous pouvez si vous le d\u00e9sirez m&rsquo;indiquer en quelques mots votre besoin. Le r\u00e8glement se fait avant la s\u00e9ance via la&hellip;&nbsp;<a href=\"https:\/\/rodolphevigne.com\/?page_id=49\" class=\"\" rel=\"bookmark\">Lire la suite &raquo;<span class=\"screen-reader-text\">R\u00e9servation &#038; planning<\/span><\/a><\/p>\n","protected":false},"author":1,"featured_media":146,"parent":0,"menu_order":0,"comment_status":"closed","ping_status":"closed","template":"","meta":{"neve_meta_sidebar":"","neve_meta_container":"","neve_meta_enable_content_width":"","neve_meta_content_width":0,"neve_meta_title_alignment":"","neve_meta_author_avatar":"","neve_post_elements_order":"","neve_meta_disable_header":"","neve_meta_disable_footer":"","neve_meta_disable_title":"","_ti_tpc_template_sync":false,"_ti_tpc_template_id":"","footnotes":""},"class_list":["post-49","page","type-page","status-publish","has-post-thumbnail","hentry"],"_links":{"self":[{"href":"https:\/\/rodolphevigne.com\/index.php?rest_route=\/wp\/v2\/pages\/49"}],"collection":[{"href":"https:\/\/rodolphevigne.com\/index.php?rest_route=\/wp\/v2\/pages"}],"about":[{"href":"https:\/\/rodolphevigne.com\/index.php?rest_route=\/wp\/v2\/types\/page"}],"author":[{"embeddable":true,"href":"https:\/\/rodolphevigne.com\/index.php?rest_route=\/wp\/v2\/users\/1"}],"replies":[{"embeddable":true,"href":"https:\/\/rodolphevigne.com\/index.php?rest_route=%2Fwp%2Fv2%2Fcomments&post=49"}],"version-history":[{"count":41,"href":"https:\/\/rodolphevigne.com\/index.php?rest_route=\/wp\/v2\/pages\/49\/revisions"}],"predecessor-version":[{"id":1620,"href":"https:\/\/rodolphevigne.com\/index.php?rest_route=\/wp\/v2\/pages\/49\/revisions\/1620"}],"wp:featuredmedia":[{"embeddable":true,"href":"https:\/\/rodolphevigne.com\/index.php?rest_route=\/wp\/v2\/media\/146"}],"wp:attachment":[{"href":"https:\/\/rodolphevigne.com\/index.php?rest_route=%2Fwp%2Fv2%2Fmedia&parent=49"}],"curies":[{"name":"wp","href":"https:\/\/api.w.org\/{rel}","templated":true}]}}