{"id":1723,"date":"2022-04-11T21:10:57","date_gmt":"2022-04-11T19:10:57","guid":{"rendered":"https:\/\/rodolphevigne.com\/?page_id=1723"},"modified":"2022-08-21T18:57:38","modified_gmt":"2022-08-21T16:57:38","slug":"stage","status":"publish","type":"page","link":"https:\/\/rodolphevigne.com\/?page_id=1723","title":{"rendered":"Stage"},"content":{"rendered":"\t\t<div data-elementor-type=\"wp-page\" data-elementor-id=\"1723\" class=\"elementor elementor-1723\">\n\t\t\t\t\t\t<section class=\"elementor-section elementor-top-section elementor-element elementor-element-efc22ca elementor-section-stretched elementor-section-boxed elementor-section-height-default elementor-section-height-default\" data-id=\"efc22ca\" data-element_type=\"section\" data-e-type=\"section\" data-settings=\"{&quot;stretch_section&quot;:&quot;section-stretched&quot;}\">\n\t\t\t\t\t\t<div class=\"elementor-container elementor-column-gap-default\">\n\t\t\t\t\t<div class=\"elementor-column elementor-col-100 elementor-top-column elementor-element elementor-element-d55154f\" data-id=\"d55154f\" data-element_type=\"column\" data-e-type=\"column\">\n\t\t\t<div class=\"elementor-widget-wrap elementor-element-populated\">\n\t\t\t\t\t\t<div class=\"elementor-element elementor-element-49010fc elementor-widget elementor-widget-text-editor\" data-id=\"49010fc\" data-element_type=\"widget\" data-e-type=\"widget\" data-widget_type=\"text-editor.default\">\n\t\t\t\t<div class=\"elementor-widget-container\">\n\t\t\t\t\t\t\t\t\t<h3><strong>Stage pr\u00e9sentation<\/strong><\/h3><h4>\u00a0<\/h4><h4><strong>Au-del\u00e0 de ma pratique individuelle et collective je propose des journ\u00e9es de stage de d\u00e9veloppement personnel et d\u2019apprentissage.<\/strong><\/h4><h4><strong>Je ne vous propose pas de\u00a0formation mais un partage de savoir. Suite \u00e0 mes stages vous ne recevrez pas de dipl\u00f4me. Aujourd\u2019hui je n\u2019ai pas les statuts requis pour cela. A voir plus tard\u2026<\/strong><\/h4><h4><strong>Mon partage est bas\u00e9 sur un savoir \u00eatre et un savoir-faire acquis tout au long de mon parcours de vie sociale, familiale et professionnelle.<\/strong><\/h4><h4><strong>Je mets \u00e9galement en avant mon exp\u00e9rience de vie li\u00e9 \u00e0 mon cheminement humain et spirituel. Les caps franchis, les seuils int\u00e9gr\u00e9s qui m&rsquo;ont amen\u00e9s \u00e0 mon \u00e9tat d&rsquo;\u00eatre actuel et \u00e0 mon ouverture de C\u0153ur. Bien entendu rien n&rsquo;est d\u00e9finitif et l&rsquo;\u00e9volution continue son cours.<\/strong><\/h4><h4><strong>Nos rencontres lors de ces journ\u00e9es ont \u00e9galement une valeur th\u00e9rapeutique. Nos \u00e9changes am\u00e8neront ouverture, compr\u00e9hension et lib\u00e9ration de votre \u00eatre qui je n\u2019en doute pas \u00e0 soif de d\u00e9couverte.<\/strong><\/h4><h4><strong>Dans l\u2019onglet \u00ab\u00a0stage\u00a0\u00bb vous trouverez les diff\u00e9rents modules et autres formules propos\u00e9es et \u00e0 venir.<\/strong><\/h4><h4><strong>En d\u00e9veloppement actuellement\u00a0:<\/strong><\/h4><h4><strong>-Cursus d\u2019accompagnement du Masculin<\/strong><\/h4><h4><strong>-Voyage dans les fr\u00e9quences quantiques module 3, 4 &amp; 5<br \/><\/strong><\/h4><h4><strong>-Apprentissage et positionnement pour une pratique \u00e9nerg\u00e9tique<\/strong><\/h4><h4>\u00a0<\/h4>\t\t\t\t\t\t\t\t<\/div>\n\t\t\t\t<\/div>\n\t\t\t\t\t<\/div>\n\t\t<\/div>\n\t\t\t\t\t<\/div>\n\t\t<\/section>\n\t\t\t\t<section class=\"elementor-section elementor-top-section elementor-element elementor-element-2463791 elementor-section-stretched elementor-section-boxed elementor-section-height-default elementor-section-height-default\" data-id=\"2463791\" data-element_type=\"section\" data-e-type=\"section\" data-settings=\"{&quot;stretch_section&quot;:&quot;section-stretched&quot;}\">\n\t\t\t\t\t\t<div class=\"elementor-container elementor-column-gap-default\">\n\t\t\t\t\t<div class=\"elementor-column elementor-col-100 elementor-top-column elementor-element elementor-element-10ceb3b\" data-id=\"10ceb3b\" data-element_type=\"column\" data-e-type=\"column\">\n\t\t\t<div class=\"elementor-widget-wrap elementor-element-populated\">\n\t\t\t\t\t\t<div class=\"elementor-element elementor-element-3f5d0c8 elementor-widget elementor-widget-text-editor\" data-id=\"3f5d0c8\" data-element_type=\"widget\" data-e-type=\"widget\" data-widget_type=\"text-editor.default\">\n\t\t\t\t<div class=\"elementor-widget-container\">\n\t\t\t\t\t\t\t\t\t<h3 style=\"text-align: center;\"><span style=\"text-decoration: underline;\"><span style=\"color: #800080;\"><em><strong>En ce moment<\/strong><\/em><\/span><\/span><\/h3>\t\t\t\t\t\t\t\t<\/div>\n\t\t\t\t<\/div>\n\t\t\t\t\t<\/div>\n\t\t<\/div>\n\t\t\t\t\t<\/div>\n\t\t<\/section>\n\t\t\t\t<section class=\"elementor-section elementor-top-section elementor-element elementor-element-b20a5b7 elementor-section-stretched elementor-section-boxed elementor-section-height-default elementor-section-height-default\" data-id=\"b20a5b7\" data-element_type=\"section\" data-e-type=\"section\" data-settings=\"{&quot;stretch_section&quot;:&quot;section-stretched&quot;}\">\n\t\t\t\t\t\t<div class=\"elementor-container elementor-column-gap-default\">\n\t\t\t\t\t<div class=\"elementor-column elementor-col-33 elementor-top-column elementor-element elementor-element-d61160b\" data-id=\"d61160b\" data-element_type=\"column\" data-e-type=\"column\">\n\t\t\t<div class=\"elementor-widget-wrap elementor-element-populated\">\n\t\t\t\t\t\t<div class=\"elementor-element elementor-element-f792206 elementor-widget elementor-widget-text-editor\" data-id=\"f792206\" data-element_type=\"widget\" data-e-type=\"widget\" data-widget_type=\"text-editor.default\">\n\t\t\t\t<div class=\"elementor-widget-container\">\n\t\t\t\t\t\t\t\t\t<h4><a href=\"https:\/\/rodolphevigne.com\/?page_id=1561\"><span style=\"color: #0000ff;\"><strong><em>Fr\u00e9quences quantiques module 1<\/em><\/strong><\/span><\/a><\/h4><h4><a href=\"https:\/\/rodolphevigne.com\/?page_id=1729\"><em><strong><span style=\"color: #0000ff;\"><span style=\"color: #3366ff;\">Fr\u00e9quences quantiques module 2<\/span><\/span><\/strong><\/em><\/a><\/h4><h4><strong><a href=\"https:\/\/rodolphevigne.com\/?page_id=1937\"><em><span style=\"color: #33cccc;\">Fr\u00e9quences quantiques module 3 <\/span><\/em><\/a><\/strong><\/h4><h4><strong><a href=\"https:\/\/rodolphevigne.com\/?page_id=1937\"><em><span style=\"color: #33cccc;\">SAMEDI 8 OCTOBRE 2022<\/span><\/em><\/a><\/strong><\/h4><h5><span style=\"color: #ff0000;\"><strong><em>\u00a0<\/em><\/strong><\/span><\/h5>\t\t\t\t\t\t\t\t<\/div>\n\t\t\t\t<\/div>\n\t\t\t\t\t<\/div>\n\t\t<\/div>\n\t\t\t\t<div class=\"elementor-column elementor-col-33 elementor-top-column elementor-element elementor-element-005f827\" data-id=\"005f827\" data-element_type=\"column\" data-e-type=\"column\">\n\t\t\t<div class=\"elementor-widget-wrap elementor-element-populated\">\n\t\t\t\t\t\t<div class=\"elementor-element elementor-element-2435bab elementor-widget elementor-widget-text-editor\" data-id=\"2435bab\" data-element_type=\"widget\" data-e-type=\"widget\" data-widget_type=\"text-editor.default\">\n\t\t\t\t<div class=\"elementor-widget-container\">\n\t\t\t\t\t\t\t\t\t<h4><a href=\"https:\/\/rodolphevigne.com\/?page_id=1178\"><em><span style=\"color: #ff0000;\"><strong><span style=\"color: #0000ff;\">Apprendre \u00e0 se connecter \u00e0 la fr\u00e9quence des<\/span><\/strong><\/span><\/em><\/a><\/h4><h4><a href=\"https:\/\/rodolphevigne.com\/?page_id=1178\"><em><span style=\"color: #ff0000;\"><strong><span style=\"color: #0000ff;\"> Dragons<\/span><\/strong><\/span><\/em><\/a><\/h4><h5><em><strong><span style=\"color: #ff0000;\">Date \u00e0 venir<\/span><\/strong><\/em><\/h5>\t\t\t\t\t\t\t\t<\/div>\n\t\t\t\t<\/div>\n\t\t\t\t\t<\/div>\n\t\t<\/div>\n\t\t\t\t<div class=\"elementor-column elementor-col-33 elementor-top-column elementor-element elementor-element-d189b60\" data-id=\"d189b60\" data-element_type=\"column\" data-e-type=\"column\">\n\t\t\t<div class=\"elementor-widget-wrap\">\n\t\t\t\t\t\t\t<\/div>\n\t\t<\/div>\n\t\t\t\t\t<\/div>\n\t\t<\/section>\n\t\t\t\t<\/div>\n\t\t<span class=\"et_bloom_bottom_trigger\"><\/span>","protected":false},"excerpt":{"rendered":"<p>Stage pr\u00e9sentation \u00a0 Au-del\u00e0 de ma pratique individuelle et collective je propose des journ\u00e9es de stage de d\u00e9veloppement personnel et [&hellip;]<\/p>\n","protected":false},"author":1,"featured_media":1714,"parent":0,"menu_order":0,"comment_status":"closed","ping_status":"closed","template":"","meta":{"site-sidebar-layout":"default","site-content-layout":"","ast-site-content-layout":"default","site-content-style":"default","site-sidebar-style":"default","ast-global-header-display":"","ast-banner-title-visibility":"","ast-main-header-display":"","ast-hfb-above-header-display":"","ast-hfb-below-header-display":"","ast-hfb-mobile-header-display":"","site-post-title":"","ast-breadcrumbs-content":"","ast-featured-img":"","footer-sml-layout":"","ast-disable-related-posts":"","theme-transparent-header-meta":"","adv-header-id-meta":"","stick-header-meta":"","header-above-stick-meta":"","header-main-stick-meta":"","header-below-stick-meta":"","astra-migrate-meta-layouts":"default","ast-page-background-enabled":"default","ast-page-background-meta":{"desktop":{"background-color":"var(--ast-global-color-5)","background-image":"","background-repeat":"repeat","background-position":"center center","background-size":"auto","background-attachment":"scroll","background-type":"","background-media":"","overlay-type":"","overlay-color":"","overlay-opacity":"","overlay-gradient":""},"tablet":{"background-color":"","background-image":"","background-repeat":"repeat","background-position":"center center","background-size":"auto","background-attachment":"scroll","background-type":"","background-media":"","overlay-type":"","overlay-color":"","overlay-opacity":"","overlay-gradient":""},"mobile":{"background-color":"","background-image":"","background-repeat":"repeat","background-position":"center center","background-size":"auto","background-attachment":"scroll","background-type":"","background-media":"","overlay-type":"","overlay-color":"","overlay-opacity":"","overlay-gradient":""}},"ast-content-background-meta":{"desktop":{"background-color":"var(--ast-global-color-4)","background-image":"","background-repeat":"repeat","background-position":"center center","background-size":"auto","background-attachment":"scroll","background-type":"","background-media":"","overlay-type":"","overlay-color":"","overlay-opacity":"","overlay-gradient":""},"tablet":{"background-color":"var(--ast-global-color-4)","background-image":"","background-repeat":"repeat","background-position":"center center","background-size":"auto","background-attachment":"scroll","background-type":"","background-media":"","overlay-type":"","overlay-color":"","overlay-opacity":"","overlay-gradient":""},"mobile":{"background-color":"var(--ast-global-color-4)","background-image":"","background-repeat":"repeat","background-position":"center center","background-size":"auto","background-attachment":"scroll","background-type":"","background-media":"","overlay-type":"","overlay-color":"","overlay-opacity":"","overlay-gradient":""}},"_ti_tpc_template_sync":false,"_ti_tpc_template_id":"","footnotes":""},"class_list":["post-1723","page","type-page","status-publish","has-post-thumbnail","hentry"],"_links":{"self":[{"href":"https:\/\/rodolphevigne.com\/index.php?rest_route=\/wp\/v2\/pages\/1723","targetHints":{"allow":["GET"]}}],"collection":[{"href":"https:\/\/rodolphevigne.com\/index.php?rest_route=\/wp\/v2\/pages"}],"about":[{"href":"https:\/\/rodolphevigne.com\/index.php?rest_route=\/wp\/v2\/types\/page"}],"author":[{"embeddable":true,"href":"https:\/\/rodolphevigne.com\/index.php?rest_route=\/wp\/v2\/users\/1"}],"replies":[{"embeddable":true,"href":"https:\/\/rodolphevigne.com\/index.php?rest_route=%2Fwp%2Fv2%2Fcomments&post=1723"}],"version-history":[{"count":14,"href":"https:\/\/rodolphevigne.com\/index.php?rest_route=\/wp\/v2\/pages\/1723\/revisions"}],"predecessor-version":[{"id":1958,"href":"https:\/\/rodolphevigne.com\/index.php?rest_route=\/wp\/v2\/pages\/1723\/revisions\/1958"}],"wp:featuredmedia":[{"embeddable":true,"href":"https:\/\/rodolphevigne.com\/index.php?rest_route=\/wp\/v2\/media\/1714"}],"wp:attachment":[{"href":"https:\/\/rodolphevigne.com\/index.php?rest_route=%2Fwp%2Fv2%2Fmedia&parent=1723"}],"curies":[{"name":"wp","href":"https:\/\/api.w.org\/{rel}","templated":true}]}}