{"id":1653,"date":"2022-04-07T17:33:23","date_gmt":"2022-04-07T15:33:23","guid":{"rendered":"https:\/\/rodolphevigne.com\/?page_id=1653"},"modified":"2022-08-21T19:18:39","modified_gmt":"2022-08-21T17:18:39","slug":"massage","status":"publish","type":"page","link":"https:\/\/rodolphevigne.com\/?page_id=1653","title":{"rendered":"S\u00e9ance massage"},"content":{"rendered":"\t\t<div data-elementor-type=\"wp-page\" data-elementor-id=\"1653\" class=\"elementor elementor-1653\">\n\t\t\t\t\t\t<section class=\"elementor-section elementor-top-section elementor-element elementor-element-384a1c7 elementor-section-stretched elementor-section-boxed elementor-section-height-default elementor-section-height-default\" data-id=\"384a1c7\" data-element_type=\"section\" data-e-type=\"section\" data-settings=\"{&quot;stretch_section&quot;:&quot;section-stretched&quot;}\">\n\t\t\t\t\t\t<div class=\"elementor-container elementor-column-gap-default\">\n\t\t\t\t\t<div class=\"elementor-column elementor-col-33 elementor-top-column elementor-element elementor-element-7e77eb3\" data-id=\"7e77eb3\" data-element_type=\"column\" data-e-type=\"column\">\n\t\t\t<div class=\"elementor-widget-wrap elementor-element-populated\">\n\t\t\t\t\t\t<div class=\"elementor-element elementor-element-fc4b58b elementor-widget elementor-widget-image\" data-id=\"fc4b58b\" data-element_type=\"widget\" data-e-type=\"widget\" data-widget_type=\"image.default\">\n\t\t\t\t<div class=\"elementor-widget-container\">\n\t\t\t\t\t\t\t\t\t\t\t\t\t\t\t<img fetchpriority=\"high\" decoding=\"async\" width=\"768\" height=\"779\" src=\"https:\/\/rodolphevigne.com\/wp-content\/uploads\/2022\/04\/4549671089995776-HD-768x779.jpg\" class=\"attachment-medium_large size-medium_large wp-image-1658\" alt=\"\" srcset=\"https:\/\/rodolphevigne.com\/wp-content\/uploads\/2022\/04\/4549671089995776-HD-768x779.jpg 768w, https:\/\/rodolphevigne.com\/wp-content\/uploads\/2022\/04\/4549671089995776-HD-296x300.jpg 296w, https:\/\/rodolphevigne.com\/wp-content\/uploads\/2022\/04\/4549671089995776-HD-610x619.jpg 610w, https:\/\/rodolphevigne.com\/wp-content\/uploads\/2022\/04\/4549671089995776-HD-600x609.jpg 600w, https:\/\/rodolphevigne.com\/wp-content\/uploads\/2022\/04\/4549671089995776-HD-100x100.jpg 100w, https:\/\/rodolphevigne.com\/wp-content\/uploads\/2022\/04\/4549671089995776-HD.jpg 914w\" sizes=\"(max-width: 768px) 100vw, 768px\" \/>\t\t\t\t\t\t\t\t\t\t\t\t\t\t\t<\/div>\n\t\t\t\t<\/div>\n\t\t\t\t\t<\/div>\n\t\t<\/div>\n\t\t\t\t<div class=\"elementor-column elementor-col-33 elementor-top-column elementor-element elementor-element-0ba1ae2\" data-id=\"0ba1ae2\" data-element_type=\"column\" data-e-type=\"column\">\n\t\t\t<div class=\"elementor-widget-wrap elementor-element-populated\">\n\t\t\t\t\t\t<div class=\"elementor-element elementor-element-01455e2 elementor-widget elementor-widget-image\" data-id=\"01455e2\" data-element_type=\"widget\" data-e-type=\"widget\" data-widget_type=\"image.default\">\n\t\t\t\t<div class=\"elementor-widget-container\">\n\t\t\t\t\t\t\t\t\t\t\t\t\t\t\t<img decoding=\"async\" width=\"768\" height=\"427\" src=\"https:\/\/rodolphevigne.com\/wp-content\/uploads\/2022\/04\/162324414260c0bd6ec7d31-768x427.jpg\" class=\"attachment-medium_large size-medium_large wp-image-1654\" alt=\"\" srcset=\"https:\/\/rodolphevigne.com\/wp-content\/uploads\/2022\/04\/162324414260c0bd6ec7d31-768x427.jpg 768w, https:\/\/rodolphevigne.com\/wp-content\/uploads\/2022\/04\/162324414260c0bd6ec7d31-300x167.jpg 300w, https:\/\/rodolphevigne.com\/wp-content\/uploads\/2022\/04\/162324414260c0bd6ec7d31-1024x570.jpg 1024w, https:\/\/rodolphevigne.com\/wp-content\/uploads\/2022\/04\/162324414260c0bd6ec7d31-1536x854.jpg 1536w, https:\/\/rodolphevigne.com\/wp-content\/uploads\/2022\/04\/162324414260c0bd6ec7d31-610x339.jpg 610w, https:\/\/rodolphevigne.com\/wp-content\/uploads\/2022\/04\/162324414260c0bd6ec7d31-1320x734.jpg 1320w, https:\/\/rodolphevigne.com\/wp-content\/uploads\/2022\/04\/162324414260c0bd6ec7d31-600x334.jpg 600w, https:\/\/rodolphevigne.com\/wp-content\/uploads\/2022\/04\/162324414260c0bd6ec7d31.jpg 1920w\" sizes=\"(max-width: 768px) 100vw, 768px\" \/>\t\t\t\t\t\t\t\t\t\t\t\t\t\t\t<\/div>\n\t\t\t\t<\/div>\n\t\t\t\t\t<\/div>\n\t\t<\/div>\n\t\t\t\t<div class=\"elementor-column elementor-col-33 elementor-top-column elementor-element elementor-element-f708003\" data-id=\"f708003\" data-element_type=\"column\" data-e-type=\"column\">\n\t\t\t<div class=\"elementor-widget-wrap elementor-element-populated\">\n\t\t\t\t\t\t<div class=\"elementor-element elementor-element-93b9eb1 elementor-widget elementor-widget-image\" data-id=\"93b9eb1\" data-element_type=\"widget\" data-e-type=\"widget\" data-widget_type=\"image.default\">\n\t\t\t\t<div class=\"elementor-widget-container\">\n\t\t\t\t\t\t\t\t\t\t\t\t\t\t\t<img decoding=\"async\" width=\"768\" height=\"768\" src=\"https:\/\/rodolphevigne.com\/wp-content\/uploads\/2022\/04\/Cocooning-By-Tiffany-Massages-La-Reunion-800x800-1-768x768.jpg\" class=\"attachment-medium_large size-medium_large wp-image-1659\" alt=\"\" srcset=\"https:\/\/rodolphevigne.com\/wp-content\/uploads\/2022\/04\/Cocooning-By-Tiffany-Massages-La-Reunion-800x800-1-768x768.jpg 768w, https:\/\/rodolphevigne.com\/wp-content\/uploads\/2022\/04\/Cocooning-By-Tiffany-Massages-La-Reunion-800x800-1-300x300.jpg 300w, https:\/\/rodolphevigne.com\/wp-content\/uploads\/2022\/04\/Cocooning-By-Tiffany-Massages-La-Reunion-800x800-1-150x150.jpg 150w, https:\/\/rodolphevigne.com\/wp-content\/uploads\/2022\/04\/Cocooning-By-Tiffany-Massages-La-Reunion-800x800-1-610x610.jpg 610w, https:\/\/rodolphevigne.com\/wp-content\/uploads\/2022\/04\/Cocooning-By-Tiffany-Massages-La-Reunion-800x800-1-500x500.jpg 500w, https:\/\/rodolphevigne.com\/wp-content\/uploads\/2022\/04\/Cocooning-By-Tiffany-Massages-La-Reunion-800x800-1-600x600.jpg 600w, https:\/\/rodolphevigne.com\/wp-content\/uploads\/2022\/04\/Cocooning-By-Tiffany-Massages-La-Reunion-800x800-1-100x100.jpg 100w, https:\/\/rodolphevigne.com\/wp-content\/uploads\/2022\/04\/Cocooning-By-Tiffany-Massages-La-Reunion-800x800-1.jpg 800w\" sizes=\"(max-width: 768px) 100vw, 768px\" \/>\t\t\t\t\t\t\t\t\t\t\t\t\t\t\t<\/div>\n\t\t\t\t<\/div>\n\t\t\t\t\t<\/div>\n\t\t<\/div>\n\t\t\t\t\t<\/div>\n\t\t<\/section>\n\t\t\t\t<section class=\"elementor-section elementor-top-section elementor-element elementor-element-042cd5f elementor-section-stretched elementor-section-boxed elementor-section-height-default elementor-section-height-default\" data-id=\"042cd5f\" data-element_type=\"section\" data-e-type=\"section\" data-settings=\"{&quot;stretch_section&quot;:&quot;section-stretched&quot;}\">\n\t\t\t\t\t\t<div class=\"elementor-container elementor-column-gap-default\">\n\t\t\t\t\t<div class=\"elementor-column elementor-col-100 elementor-top-column elementor-element elementor-element-ea817ee\" data-id=\"ea817ee\" data-element_type=\"column\" data-e-type=\"column\">\n\t\t\t<div class=\"elementor-widget-wrap elementor-element-populated\">\n\t\t\t\t\t\t<div class=\"elementor-element elementor-element-e833396 elementor-widget elementor-widget-text-editor\" data-id=\"e833396\" data-element_type=\"widget\" data-e-type=\"widget\" data-widget_type=\"text-editor.default\">\n\t\t\t\t<div class=\"elementor-widget-container\">\n\t\t\t\t\t\t\t\t\t<h4><strong>Le massage<\/strong><\/h4><h4>\u00a0<\/h4><h4><strong>Dans un besoin d\u2019ouverture plus large j\u2019ai l\u2019appel int\u00e9rieur de vous proposez des s\u00e9ances de massages corporels.<\/strong><\/h4><h4><strong>L\u2019\u00e9nerg\u00e9tique est une porte d\u2019entr\u00e9e sur notre int\u00e9riorit\u00e9 et le massage en est une lui aussi.<\/strong><\/h4><h4><strong>Mon massage est intuitif, mes mains agiront, se d\u00e9placeront l\u00e0 ou j\u2019en ressens le besoin, l\u2019appel\u2026<\/strong><\/h4><h4><strong>Dans un premier temps vos mots, l\u2019expression de votre besoin donneront le ton de la s\u00e9ance. Nous laisserons \u00e9galement la place \u00e0 ce qui est l\u00e0, qui vibre en vous en proposant un renforcement ou une lib\u00e9ration du corps.<\/strong><\/h4><h4><strong>Si cela se pr\u00e9sente en justesse, je laisserai la place \u00e0 mon intuition qui \u00e0 travers mes mots, agira comme un r\u00e9v\u00e9lateur permettant une lib\u00e9ration physique plus grande.<\/strong><\/h4><h4><strong>Un massage corporel permet, gr\u00e2ce au toucher, de reprendre conscience de son corps mati\u00e8re et de revenir \u00e0 cet espace de ressource premier. Notre corps physique est notre base, c\u2019est \u00e0 partir de lui que nos cr\u00e9ations peuvent voir le jour. Le corps permet l\u2019aboutissement, il donne \u00ab\u00a0corps\u00a0\u00bb.<\/strong><\/h4><h4><strong>C\u2019est aussi l\u00e0, dans le corps, que tout notre \u00eatre se rassemble pour y trouver son unit\u00e9, son \u00e9quilibre. D\u2019o\u00f9 la n\u00e9cessit\u00e9 d\u2019en prendre soin.<\/strong><\/h4><h4><span style=\"text-decoration: underline;\"><strong><em>Indications\u00a0:<\/em><\/strong><\/span><\/h4><h4><strong>La s\u00e9ance de massage propos\u00e9 \u00e0 vocation \u00e0 \u00eatre un moment de d\u00e9tente et de relaxation pour vous permettre de vous lib\u00e9rer de vos tensions.<\/strong><\/h4><h4><strong>-Je ne propose pas de massage tantrique<\/strong><\/h4><h4><strong>-J\u2019utilise de l\u2019huile, merci de me pr\u00e9ciser une quelconque allergie.<\/strong><\/h4><h4><strong>-Prise de contact au\u00a0: 06 95 72 33 93 ou par mail\u00a0: <a href=\"mailto:rodolphe.vigne777@gmail.com\"><em>rodolphe.vigne777@gmail.com<\/em><\/a><\/strong><\/h4><h4><strong>-Cabinet ou domicile, \u00e0 d\u00e9finir ensemble<\/strong><\/h4><h4><strong>-Tarif : 30 minutes = 35\u20ac \/ 60 minutes = 60\u20ac \/ 90 minutes = 90\u20ac<\/strong><\/h4><h4><em><a href=\"https:\/\/rodolphevigne.com\/?product=massage-intuitif\"><strong>R\u00e9servation et paiement<\/strong><\/a><\/em><\/h4><h4>\u00a0<\/h4><h4><strong>Au plaisir de partager ce moment avec vous<\/strong><\/h4><h4>\u00a0<\/h4>\t\t\t\t\t\t\t\t<\/div>\n\t\t\t\t<\/div>\n\t\t\t\t\t<\/div>\n\t\t<\/div>\n\t\t\t\t\t<\/div>\n\t\t<\/section>\n\t\t\t\t<section class=\"elementor-section elementor-top-section elementor-element elementor-element-d8703ff elementor-section-stretched elementor-section-boxed elementor-section-height-default elementor-section-height-default\" data-id=\"d8703ff\" data-element_type=\"section\" data-e-type=\"section\" data-settings=\"{&quot;stretch_section&quot;:&quot;section-stretched&quot;}\">\n\t\t\t\t\t\t<div class=\"elementor-container elementor-column-gap-default\">\n\t\t\t\t\t<div class=\"elementor-column elementor-col-100 elementor-top-column elementor-element elementor-element-1c8af5d\" data-id=\"1c8af5d\" data-element_type=\"column\" data-e-type=\"column\">\n\t\t\t<div class=\"elementor-widget-wrap elementor-element-populated\">\n\t\t\t\t\t\t<div class=\"elementor-element elementor-element-3102041 elementor-widget elementor-widget-image\" data-id=\"3102041\" data-element_type=\"widget\" data-e-type=\"widget\" data-widget_type=\"image.default\">\n\t\t\t\t<div class=\"elementor-widget-container\">\n\t\t\t\t\t\t\t\t\t\t\t\t\t\t\t<img loading=\"lazy\" decoding=\"async\" width=\"825\" height=\"510\" src=\"https:\/\/rodolphevigne.com\/wp-content\/uploads\/2022\/04\/Relaxation-spa-825x510-1.jpg\" class=\"attachment-large size-large wp-image-1656\" alt=\"\" srcset=\"https:\/\/rodolphevigne.com\/wp-content\/uploads\/2022\/04\/Relaxation-spa-825x510-1.jpg 825w, https:\/\/rodolphevigne.com\/wp-content\/uploads\/2022\/04\/Relaxation-spa-825x510-1-300x185.jpg 300w, https:\/\/rodolphevigne.com\/wp-content\/uploads\/2022\/04\/Relaxation-spa-825x510-1-768x475.jpg 768w, https:\/\/rodolphevigne.com\/wp-content\/uploads\/2022\/04\/Relaxation-spa-825x510-1-610x377.jpg 610w, https:\/\/rodolphevigne.com\/wp-content\/uploads\/2022\/04\/Relaxation-spa-825x510-1-600x371.jpg 600w\" sizes=\"(max-width: 825px) 100vw, 825px\" \/>\t\t\t\t\t\t\t\t\t\t\t\t\t\t\t<\/div>\n\t\t\t\t<\/div>\n\t\t\t\t\t<\/div>\n\t\t<\/div>\n\t\t\t\t\t<\/div>\n\t\t<\/section>\n\t\t\t\t<\/div>\n\t\t<span class=\"et_bloom_bottom_trigger\"><\/span>","protected":false},"excerpt":{"rendered":"<p>Le massage \u00a0 Dans un besoin d\u2019ouverture plus large j\u2019ai l\u2019appel int\u00e9rieur de vous proposez des s\u00e9ances de massages corporels. [&hellip;]<\/p>\n","protected":false},"author":1,"featured_media":1654,"parent":0,"menu_order":0,"comment_status":"closed","ping_status":"closed","template":"","meta":{"site-sidebar-layout":"default","site-content-layout":"","ast-site-content-layout":"default","site-content-style":"default","site-sidebar-style":"default","ast-global-header-display":"","ast-banner-title-visibility":"","ast-main-header-display":"","ast-hfb-above-header-display":"","ast-hfb-below-header-display":"","ast-hfb-mobile-header-display":"","site-post-title":"","ast-breadcrumbs-content":"","ast-featured-img":"","footer-sml-layout":"","ast-disable-related-posts":"","theme-transparent-header-meta":"","adv-header-id-meta":"","stick-header-meta":"","header-above-stick-meta":"","header-main-stick-meta":"","header-below-stick-meta":"","astra-migrate-meta-layouts":"default","ast-page-background-enabled":"default","ast-page-background-meta":{"desktop":{"background-color":"var(--ast-global-color-5)","background-image":"","background-repeat":"repeat","background-position":"center center","background-size":"auto","background-attachment":"scroll","background-type":"","background-media":"","overlay-type":"","overlay-color":"","overlay-opacity":"","overlay-gradient":""},"tablet":{"background-color":"","background-image":"","background-repeat":"repeat","background-position":"center center","background-size":"auto","background-attachment":"scroll","background-type":"","background-media":"","overlay-type":"","overlay-color":"","overlay-opacity":"","overlay-gradient":""},"mobile":{"background-color":"","background-image":"","background-repeat":"repeat","background-position":"center center","background-size":"auto","background-attachment":"scroll","background-type":"","background-media":"","overlay-type":"","overlay-color":"","overlay-opacity":"","overlay-gradient":""}},"ast-content-background-meta":{"desktop":{"background-color":"var(--ast-global-color-4)","background-image":"","background-repeat":"repeat","background-position":"center center","background-size":"auto","background-attachment":"scroll","background-type":"","background-media":"","overlay-type":"","overlay-color":"","overlay-opacity":"","overlay-gradient":""},"tablet":{"background-color":"var(--ast-global-color-4)","background-image":"","background-repeat":"repeat","background-position":"center center","background-size":"auto","background-attachment":"scroll","background-type":"","background-media":"","overlay-type":"","overlay-color":"","overlay-opacity":"","overlay-gradient":""},"mobile":{"background-color":"var(--ast-global-color-4)","background-image":"","background-repeat":"repeat","background-position":"center center","background-size":"auto","background-attachment":"scroll","background-type":"","background-media":"","overlay-type":"","overlay-color":"","overlay-opacity":"","overlay-gradient":""}},"_ti_tpc_template_sync":false,"_ti_tpc_template_id":"","footnotes":""},"class_list":["post-1653","page","type-page","status-publish","has-post-thumbnail","hentry"],"_links":{"self":[{"href":"https:\/\/rodolphevigne.com\/index.php?rest_route=\/wp\/v2\/pages\/1653","targetHints":{"allow":["GET"]}}],"collection":[{"href":"https:\/\/rodolphevigne.com\/index.php?rest_route=\/wp\/v2\/pages"}],"about":[{"href":"https:\/\/rodolphevigne.com\/index.php?rest_route=\/wp\/v2\/types\/page"}],"author":[{"embeddable":true,"href":"https:\/\/rodolphevigne.com\/index.php?rest_route=\/wp\/v2\/users\/1"}],"replies":[{"embeddable":true,"href":"https:\/\/rodolphevigne.com\/index.php?rest_route=%2Fwp%2Fv2%2Fcomments&post=1653"}],"version-history":[{"count":13,"href":"https:\/\/rodolphevigne.com\/index.php?rest_route=\/wp\/v2\/pages\/1653\/revisions"}],"predecessor-version":[{"id":1964,"href":"https:\/\/rodolphevigne.com\/index.php?rest_route=\/wp\/v2\/pages\/1653\/revisions\/1964"}],"wp:featuredmedia":[{"embeddable":true,"href":"https:\/\/rodolphevigne.com\/index.php?rest_route=\/wp\/v2\/media\/1654"}],"wp:attachment":[{"href":"https:\/\/rodolphevigne.com\/index.php?rest_route=%2Fwp%2Fv2%2Fmedia&parent=1653"}],"curies":[{"name":"wp","href":"https:\/\/api.w.org\/{rel}","templated":true}]}}