{"id":1647,"date":"2022-04-07T12:08:48","date_gmt":"2022-04-07T10:08:48","guid":{"rendered":"https:\/\/rodolphevigne.com\/?page_id=1647"},"modified":"2022-04-07T12:30:32","modified_gmt":"2022-04-07T10:30:32","slug":"accompagnement-au-masculin","status":"publish","type":"page","link":"https:\/\/rodolphevigne.com\/?page_id=1647","title":{"rendered":"Accompagnement au Masculin"},"content":{"rendered":"\t\t<div data-elementor-type=\"wp-page\" data-elementor-id=\"1647\" class=\"elementor elementor-1647\">\n\t\t\t\t\t\t<section class=\"elementor-section elementor-top-section elementor-element elementor-element-4875ec3 elementor-section-stretched elementor-section-boxed elementor-section-height-default elementor-section-height-default\" data-id=\"4875ec3\" data-element_type=\"section\" data-e-type=\"section\" data-settings=\"{&quot;stretch_section&quot;:&quot;section-stretched&quot;}\">\n\t\t\t\t\t\t<div class=\"elementor-container elementor-column-gap-default\">\n\t\t\t\t\t<div class=\"elementor-column elementor-col-100 elementor-top-column elementor-element elementor-element-a770b71\" data-id=\"a770b71\" data-element_type=\"column\" data-e-type=\"column\">\n\t\t\t<div class=\"elementor-widget-wrap elementor-element-populated\">\n\t\t\t\t\t\t<div class=\"elementor-element elementor-element-9252d87 elementor-widget elementor-widget-image\" data-id=\"9252d87\" data-element_type=\"widget\" data-e-type=\"widget\" data-widget_type=\"image.default\">\n\t\t\t\t<div class=\"elementor-widget-container\">\n\t\t\t\t\t\t\t\t\t\t\t\t\t\t\t<img fetchpriority=\"high\" decoding=\"async\" width=\"407\" height=\"413\" src=\"https:\/\/rodolphevigne.com\/wp-content\/uploads\/2022\/04\/Screenshot-2022-03-03-at-21-51-42-Discussion-entre-Gentlemen.png\" class=\"attachment-large size-large wp-image-1649\" alt=\"\" srcset=\"https:\/\/rodolphevigne.com\/wp-content\/uploads\/2022\/04\/Screenshot-2022-03-03-at-21-51-42-Discussion-entre-Gentlemen.png 407w, https:\/\/rodolphevigne.com\/wp-content\/uploads\/2022\/04\/Screenshot-2022-03-03-at-21-51-42-Discussion-entre-Gentlemen-296x300.png 296w, https:\/\/rodolphevigne.com\/wp-content\/uploads\/2022\/04\/Screenshot-2022-03-03-at-21-51-42-Discussion-entre-Gentlemen-100x100.png 100w\" sizes=\"(max-width: 407px) 100vw, 407px\" \/>\t\t\t\t\t\t\t\t\t\t\t\t\t\t\t<\/div>\n\t\t\t\t<\/div>\n\t\t\t\t\t<\/div>\n\t\t<\/div>\n\t\t\t\t\t<\/div>\n\t\t<\/section>\n\t\t\t\t<section class=\"elementor-section elementor-top-section elementor-element elementor-element-f40d44a elementor-section-stretched elementor-section-boxed elementor-section-height-default elementor-section-height-default\" data-id=\"f40d44a\" data-element_type=\"section\" data-e-type=\"section\" data-settings=\"{&quot;stretch_section&quot;:&quot;section-stretched&quot;}\">\n\t\t\t\t\t\t<div class=\"elementor-container elementor-column-gap-default\">\n\t\t\t\t\t<div class=\"elementor-column elementor-col-100 elementor-top-column elementor-element elementor-element-ed5ad34\" data-id=\"ed5ad34\" data-element_type=\"column\" data-e-type=\"column\">\n\t\t\t<div class=\"elementor-widget-wrap elementor-element-populated\">\n\t\t\t\t\t\t<div class=\"elementor-element elementor-element-88518ae elementor-widget elementor-widget-text-editor\" data-id=\"88518ae\" data-element_type=\"widget\" data-e-type=\"widget\" data-widget_type=\"text-editor.default\">\n\t\t\t\t<div class=\"elementor-widget-container\">\n\t\t\t\t\t\t\t\t\t<h4><strong>\u00a0<\/strong><\/h4><h4><strong>Le groupe \u00ab\u00a0 Les Sacr\u00e9s Gentlemen\u00a0 \u00bb a \u00e9t\u00e9 cr\u00e9\u00e9 par \u00c9ric &amp; Rodolphe pour rassembler les personnes et plus particuli\u00e8rement les Hommes d\u00e9sireux de faire \u00e9voluer leur identit\u00e9 Masculine.<\/strong><\/h4><h4><strong>Cette identit\u00e9 Masculine, il faut bien le dire est, quelque peu mise \u00e0 mal dans notre soci\u00e9t\u00e9 actuelle.<\/strong><\/h4><h4><strong>Et nous trouvons, qu\u2019au-del\u00e0 des apparences et parfois des souffrances, que c\u2019est une \u00ab\u00a0 bonne\u00a0 \u00bb chose. Cela permet la remise en question, le mouvement et, si la volont\u00e9 est l\u00e0, le changement.<\/strong><\/h4><h4><strong>Avant d\u2019en arriver \u00e0 ce changement il y a parfois besoin d\u2019actionner des leviers pour passer des caps, prendre conscience de soi, etc.<\/strong><\/h4><h4><strong>C\u2019est l\u00e0 que nous avons \u00e0 souhait de vous proposer des temps de partages, de discussions autour de nos besoins fondamentaux \u00e0 nous les Hommes.<\/strong><\/h4><h4><strong>Parce qu\u2019il nous semble important de ne pas subir ce changement, mais, au contraire, d\u2019en \u00eatre les acteurs.<\/strong><\/h4><h4><strong>Nous n\u2019excluons pas \u00ab\u00a0 les Femmes\u00a0 \u00bb de ce mouvement de fond. Non, bien au contraire. Nos identit\u00e9s Masculines et F\u00e9minines sont pr\u00e9pond\u00e9rantes pour le changement des uns et des autres.\u00a0 Nous sommes faits pour nous entendre et nous comprendre au-del\u00e0 des clivages.<\/strong><\/h4><h4><strong>Et pour vivre et vibrer cela, le point de d\u00e9part c\u2019est soi, dans une volont\u00e9 et un d\u00e9sir d\u2019int\u00e9grer une identit\u00e9 plus align\u00e9.<\/strong><\/h4><h4><strong>Ce groupe sera donc un lieu o\u00f9 nous pourrons partager et \u00e9changer. Pour nous, cela sera aussi un moyen de communication et de diffusion d&rsquo;\u00e9v\u00e9nements divers et vari\u00e9s que nous vous proposerons. Dans un premier temps sur zoom, puis viendrons des temps de rencontres \u00ab\u00a0 en vrai\u00a0 \u00bb.<\/strong><\/h4><h4><strong>Il est bien \u00e9vident que ce groupe est un espace de respect et d\u2019int\u00e9grit\u00e9. Nous nous r\u00e9servons le droit d\u2019en exclure les personnes qui outrepasseraient ses r\u00e8gles.<\/strong><\/h4><p>\u00a0<\/p><h4><strong>Voici le lien du groupe sur Facebook : <a href=\"https:\/\/www.facebook.com\/groups\/669817164141818\">Les Sacr\u00e9s Gentlemen<\/a><\/strong><\/h4><h4><strong>C&rsquo;est \u00e0 partir de ce groupe que vous pourrez nous suivre Eric et moi.<\/strong><\/h4><h4>\u00a0<\/h4><h4><strong>Pour plus d&rsquo;infos, vous pouvez nous contacter :<\/strong><\/h4><h4><strong>-Eric MORRA : 06 81 42 11 10 \/ eric.morra@hotmail.fr<\/strong><\/h4><h4><strong>-Rodolphe VIGNE : 06 95 72 33 93 \/ rodolphe.vigne777@gmail.com<\/strong><\/h4><h4>\u00a0<\/h4><h4><strong>Au plaisir de vous c\u00f4toyer<\/strong><\/h4><h4><strong>\u00c9ric et Rodolphe<\/strong><\/h4><h4>\u00a0<\/h4><h4>\u00a0<\/h4><h4>\u00a0<\/h4><h4>\u00a0<\/h4><h4>\u00a0<\/h4><h4>\u00a0<\/h4>\t\t\t\t\t\t\t\t<\/div>\n\t\t\t\t<\/div>\n\t\t\t\t\t<\/div>\n\t\t<\/div>\n\t\t\t\t\t<\/div>\n\t\t<\/section>\n\t\t\t\t<\/div>\n\t\t<span class=\"et_bloom_bottom_trigger\"><\/span>","protected":false},"excerpt":{"rendered":"<p>\u00a0 Le groupe \u00ab\u00a0 Les Sacr\u00e9s Gentlemen\u00a0 \u00bb a \u00e9t\u00e9 cr\u00e9\u00e9 par \u00c9ric &amp; Rodolphe pour rassembler les personnes et [&hellip;]<\/p>\n","protected":false},"author":1,"featured_media":1649,"parent":0,"menu_order":0,"comment_status":"closed","ping_status":"closed","template":"","meta":{"site-sidebar-layout":"default","site-content-layout":"","ast-site-content-layout":"default","site-content-style":"default","site-sidebar-style":"default","ast-global-header-display":"","ast-banner-title-visibility":"","ast-main-header-display":"","ast-hfb-above-header-display":"","ast-hfb-below-header-display":"","ast-hfb-mobile-header-display":"","site-post-title":"","ast-breadcrumbs-content":"","ast-featured-img":"","footer-sml-layout":"","ast-disable-related-posts":"","theme-transparent-header-meta":"","adv-header-id-meta":"","stick-header-meta":"","header-above-stick-meta":"","header-main-stick-meta":"","header-below-stick-meta":"","astra-migrate-meta-layouts":"default","ast-page-background-enabled":"default","ast-page-background-meta":{"desktop":{"background-color":"var(--ast-global-color-5)","background-image":"","background-repeat":"repeat","background-position":"center center","background-size":"auto","background-attachment":"scroll","background-type":"","background-media":"","overlay-type":"","overlay-color":"","overlay-opacity":"","overlay-gradient":""},"tablet":{"background-color":"","background-image":"","background-repeat":"repeat","background-position":"center center","background-size":"auto","background-attachment":"scroll","background-type":"","background-media":"","overlay-type":"","overlay-color":"","overlay-opacity":"","overlay-gradient":""},"mobile":{"background-color":"","background-image":"","background-repeat":"repeat","background-position":"center center","background-size":"auto","background-attachment":"scroll","background-type":"","background-media":"","overlay-type":"","overlay-color":"","overlay-opacity":"","overlay-gradient":""}},"ast-content-background-meta":{"desktop":{"background-color":"var(--ast-global-color-4)","background-image":"","background-repeat":"repeat","background-position":"center center","background-size":"auto","background-attachment":"scroll","background-type":"","background-media":"","overlay-type":"","overlay-color":"","overlay-opacity":"","overlay-gradient":""},"tablet":{"background-color":"var(--ast-global-color-4)","background-image":"","background-repeat":"repeat","background-position":"center center","background-size":"auto","background-attachment":"scroll","background-type":"","background-media":"","overlay-type":"","overlay-color":"","overlay-opacity":"","overlay-gradient":""},"mobile":{"background-color":"var(--ast-global-color-4)","background-image":"","background-repeat":"repeat","background-position":"center center","background-size":"auto","background-attachment":"scroll","background-type":"","background-media":"","overlay-type":"","overlay-color":"","overlay-opacity":"","overlay-gradient":""}},"_ti_tpc_template_sync":false,"_ti_tpc_template_id":"","footnotes":""},"class_list":["post-1647","page","type-page","status-publish","has-post-thumbnail","hentry"],"_links":{"self":[{"href":"https:\/\/rodolphevigne.com\/index.php?rest_route=\/wp\/v2\/pages\/1647","targetHints":{"allow":["GET"]}}],"collection":[{"href":"https:\/\/rodolphevigne.com\/index.php?rest_route=\/wp\/v2\/pages"}],"about":[{"href":"https:\/\/rodolphevigne.com\/index.php?rest_route=\/wp\/v2\/types\/page"}],"author":[{"embeddable":true,"href":"https:\/\/rodolphevigne.com\/index.php?rest_route=\/wp\/v2\/users\/1"}],"replies":[{"embeddable":true,"href":"https:\/\/rodolphevigne.com\/index.php?rest_route=%2Fwp%2Fv2%2Fcomments&post=1647"}],"version-history":[{"count":4,"href":"https:\/\/rodolphevigne.com\/index.php?rest_route=\/wp\/v2\/pages\/1647\/revisions"}],"predecessor-version":[{"id":1652,"href":"https:\/\/rodolphevigne.com\/index.php?rest_route=\/wp\/v2\/pages\/1647\/revisions\/1652"}],"wp:featuredmedia":[{"embeddable":true,"href":"https:\/\/rodolphevigne.com\/index.php?rest_route=\/wp\/v2\/media\/1649"}],"wp:attachment":[{"href":"https:\/\/rodolphevigne.com\/index.php?rest_route=%2Fwp%2Fv2%2Fmedia&parent=1647"}],"curies":[{"name":"wp","href":"https:\/\/api.w.org\/{rel}","templated":true}]}}