{"id":1633,"date":"2022-04-05T21:55:18","date_gmt":"2022-04-05T19:55:18","guid":{"rendered":"https:\/\/rodolphevigne.com\/?page_id=1633"},"modified":"2022-04-06T19:10:43","modified_gmt":"2022-04-06T17:10:43","slug":"soin-individuel-avec-lenergie-magie-dragon","status":"publish","type":"page","link":"https:\/\/rodolphevigne.com\/?page_id=1633","title":{"rendered":"SOIN DES DRAGONS \u00ab\u00a0ROI\u00a0\u00bb"},"content":{"rendered":"\t\t<div data-elementor-type=\"wp-page\" data-elementor-id=\"1633\" class=\"elementor elementor-1633\">\n\t\t\t\t\t\t<section class=\"elementor-section elementor-top-section elementor-element elementor-element-279c475 elementor-section-stretched elementor-section-boxed elementor-section-height-default elementor-section-height-default\" data-id=\"279c475\" data-element_type=\"section\" data-e-type=\"section\" data-settings=\"{&quot;stretch_section&quot;:&quot;section-stretched&quot;}\">\n\t\t\t\t\t\t<div class=\"elementor-container elementor-column-gap-default\">\n\t\t\t\t\t<div class=\"elementor-column elementor-col-100 elementor-top-column elementor-element elementor-element-d872f99\" data-id=\"d872f99\" data-element_type=\"column\" data-e-type=\"column\">\n\t\t\t<div class=\"elementor-widget-wrap elementor-element-populated\">\n\t\t\t\t\t\t<div class=\"elementor-element elementor-element-ab091b0 elementor-widget elementor-widget-text-editor\" data-id=\"ab091b0\" data-element_type=\"widget\" data-e-type=\"widget\" data-widget_type=\"text-editor.default\">\n\t\t\t\t<div class=\"elementor-widget-container\">\n\t\t\t\t\t\t\t\t\t<h4>\u00a0<\/h4><h4><span style=\"text-decoration: underline;\"><strong><em>SOIN INDIVIDUEL AVEC L\u2019ENERGIE\/MAGIE DES DRAGONS \u00ab\u00a0ROI\u00a0\u00bb<\/em><br \/><\/strong><\/span><\/h4><p>\u00a0<\/p><h4>Aujourd\u2019hui j\u2019ai le plaisir et la joie de me pr\u00e9senter \u00e0 vous en tant qu\u2019Ambassadeur des Dragons sur Terre. Je suis porteur de la Magie Dragonnique. Une Magie fortement li\u00e9 \u00e0 la Terre. Une Magie porteuse de vie et de renouveau.<\/h4><h4>Je vous propose un soin sp\u00e9cial. Sp\u00e9cial parce que je vais solliciter \u00e0 mes c\u00f4t\u00e9s et donc le v\u00f4tre \u00e9galement, l\u2019\u00e9nergie et la pr\u00e9sence des Dragons. C\u2019est une belle et puissante \u00e9nergie pleine d\u2019Amour et de bienveillance. A la fois douce et puissante.<\/h4><h4>Cette \u00e9nergie va cheminer en vous et aller dans votre profondeur pour y effectuer des reconnections, des mises \u00e0 jour et des lib\u00e9rations. Le tout pour \u00e9quilibrer votre mouvement interne, votre mouvement de vie et d\u2019\u00e9volution. Les soins Dragons sont tr\u00e8s denses, ils permettent de faire le vide et de connecter la \u00ab pr\u00e9sence \u00bb en soi.<\/h4><h4>\u00a0<\/h4><h4>J\u2019ai connecter\/rencontrer les Dragons il y a d\u00e9j\u00e0 quelques ann\u00e9es. Lors d\u2019un soin \u00e0 distance un magnifique Dragon de couleur verte et venu me soutenir. Depuis lors d\u2019autres Dragons m\u2019ont rejoint et m\u2019\u00e9paule dans mon propre mouvement d\u2019aventure\/ouverture et d\u2019\u00e9volution.\u00a0\u00a0\u00a0\u00a0\u00a0\u00a0\u00a0\u00a0 C\u2019est donc tout \u00e0 fait naturellement que je vous propose \u00e0 vous aussi de pouvoir b\u00e9n\u00e9ficier de leur noble et riche pr\u00e9sence.<\/h4><h4>Mon \u00e9volution personnelle me permet maintenant d\u2019accueillir et d\u2019acc\u00e9der \u00e0 la vibration des Dragons Roi. C\u2019est une conscience plus large qui va vous permettre d\u2019atteindre des strates int\u00e9rieures plus profondes et herm\u00e9tiques, celles qui n\u2019ont souvent d\u2019autres choix que de s\u2019exprimer et se r\u00e9percut\u00e9 sur le corps mati\u00e8re.<\/h4><h4>De plus, \u00ab\u00a0les Dragons Roi\u00a0\u00bb, ceux qui se sont fait Roi, vous accompagnent dans votre royaume int\u00e9rieur pour y d\u00e9velopper votre propre souverainet\u00e9.<\/h4><h4>\u00a0<\/h4><h4>Le mouvement propos\u00e9 dans ma pratique \u00e9nerg\u00e9tique est profond et puissant. Il est par principe engageant. Ce n\u2019est ni plus ni moins un engagement envers soi-m\u00eame pour la personne qui choisit cet accompagnement.<\/h4><p>\u00a0<\/p><h4>100\u20ac s\u00e9ance de 60 \u00e0 75 minutes<\/h4><p><a href=\"https:\/\/rodolphevigne.com\/?post_type=product&amp;p=1635&amp;preview=true\"><em><strong>R\u00e9server<\/strong><\/em><\/a><\/p><h4>\u00a0<\/h4>\t\t\t\t\t\t\t\t<\/div>\n\t\t\t\t<\/div>\n\t\t\t\t\t<\/div>\n\t\t<\/div>\n\t\t\t\t\t<\/div>\n\t\t<\/section>\n\t\t\t\t<section class=\"elementor-section elementor-top-section elementor-element elementor-element-df1216e elementor-section-stretched elementor-section-boxed elementor-section-height-default elementor-section-height-default\" data-id=\"df1216e\" data-element_type=\"section\" data-e-type=\"section\" data-settings=\"{&quot;stretch_section&quot;:&quot;section-stretched&quot;}\">\n\t\t\t\t\t\t<div class=\"elementor-container elementor-column-gap-default\">\n\t\t\t\t\t<div class=\"elementor-column elementor-col-33 elementor-top-column elementor-element elementor-element-3885075\" data-id=\"3885075\" data-element_type=\"column\" data-e-type=\"column\">\n\t\t\t<div class=\"elementor-widget-wrap elementor-element-populated\">\n\t\t\t\t\t\t<div class=\"elementor-element elementor-element-5589941 elementor-widget elementor-widget-image\" data-id=\"5589941\" data-element_type=\"widget\" data-e-type=\"widget\" data-widget_type=\"image.default\">\n\t\t\t\t<div class=\"elementor-widget-container\">\n\t\t\t\t\t\t\t\t\t\t\t\t\t\t\t<img decoding=\"async\" width=\"300\" height=\"157\" src=\"https:\/\/rodolphevigne.com\/wp-content\/uploads\/2022\/04\/Screenshot_2020-06-26-Soin-Dragonnique-300x157.png\" class=\"attachment-medium size-medium wp-image-1629\" alt=\"\" srcset=\"https:\/\/rodolphevigne.com\/wp-content\/uploads\/2022\/04\/Screenshot_2020-06-26-Soin-Dragonnique-300x157.png 300w, https:\/\/rodolphevigne.com\/wp-content\/uploads\/2022\/04\/Screenshot_2020-06-26-Soin-Dragonnique-600x315.png 600w, https:\/\/rodolphevigne.com\/wp-content\/uploads\/2022\/04\/Screenshot_2020-06-26-Soin-Dragonnique.png 602w\" sizes=\"(max-width: 300px) 100vw, 300px\" \/>\t\t\t\t\t\t\t\t\t\t\t\t\t\t\t<\/div>\n\t\t\t\t<\/div>\n\t\t\t\t\t<\/div>\n\t\t<\/div>\n\t\t\t\t<div class=\"elementor-column elementor-col-33 elementor-top-column elementor-element elementor-element-71db431\" data-id=\"71db431\" data-element_type=\"column\" data-e-type=\"column\">\n\t\t\t<div class=\"elementor-widget-wrap elementor-element-populated\">\n\t\t\t\t\t\t<div class=\"elementor-element elementor-element-b923b11 elementor-widget elementor-widget-image\" data-id=\"b923b11\" data-element_type=\"widget\" data-e-type=\"widget\" data-widget_type=\"image.default\">\n\t\t\t\t<div class=\"elementor-widget-container\">\n\t\t\t\t\t\t\t\t\t\t\t\t\t\t\t<img fetchpriority=\"high\" decoding=\"async\" width=\"772\" height=\"960\" src=\"https:\/\/rodolphevigne.com\/wp-content\/uploads\/2021\/02\/facebook_1601319969851_6716422754826479029.jpg\" class=\"attachment-large size-large wp-image-1127\" alt=\"\" srcset=\"https:\/\/rodolphevigne.com\/wp-content\/uploads\/2021\/02\/facebook_1601319969851_6716422754826479029.jpg 772w, https:\/\/rodolphevigne.com\/wp-content\/uploads\/2021\/02\/facebook_1601319969851_6716422754826479029-241x300.jpg 241w, https:\/\/rodolphevigne.com\/wp-content\/uploads\/2021\/02\/facebook_1601319969851_6716422754826479029-768x955.jpg 768w, https:\/\/rodolphevigne.com\/wp-content\/uploads\/2021\/02\/facebook_1601319969851_6716422754826479029-610x759.jpg 610w, https:\/\/rodolphevigne.com\/wp-content\/uploads\/2021\/02\/facebook_1601319969851_6716422754826479029-58x72.jpg 58w, https:\/\/rodolphevigne.com\/wp-content\/uploads\/2021\/02\/facebook_1601319969851_6716422754826479029-600x746.jpg 600w\" sizes=\"(max-width: 772px) 100vw, 772px\" \/>\t\t\t\t\t\t\t\t\t\t\t\t\t\t\t<\/div>\n\t\t\t\t<\/div>\n\t\t\t\t\t<\/div>\n\t\t<\/div>\n\t\t\t\t<div class=\"elementor-column elementor-col-33 elementor-top-column elementor-element elementor-element-8daa5cb\" data-id=\"8daa5cb\" data-element_type=\"column\" data-e-type=\"column\">\n\t\t\t<div class=\"elementor-widget-wrap elementor-element-populated\">\n\t\t\t\t\t\t<div class=\"elementor-element elementor-element-0f93543 elementor-widget elementor-widget-image\" data-id=\"0f93543\" data-element_type=\"widget\" data-e-type=\"widget\" data-widget_type=\"image.default\">\n\t\t\t\t<div class=\"elementor-widget-container\">\n\t\t\t\t\t\t\t\t\t\t\t\t\t\t\t<img decoding=\"async\" src=\"https:\/\/rodolphevigne.com\/wp-content\/uploads\/2022\/04\/156313097_337382454323836_602054227097582950_n.jpg\" title=\"156313097_337382454323836_602054227097582950_n\" alt=\"156313097_337382454323836_602054227097582950_n\" loading=\"lazy\" \/>\t\t\t\t\t\t\t\t\t\t\t\t\t\t\t<\/div>\n\t\t\t\t<\/div>\n\t\t\t\t\t<\/div>\n\t\t<\/div>\n\t\t\t\t\t<\/div>\n\t\t<\/section>\n\t\t\t\t<\/div>\n\t\t<span class=\"et_bloom_bottom_trigger\"><\/span>","protected":false},"excerpt":{"rendered":"<p>\u00a0 SOIN INDIVIDUEL AVEC L\u2019ENERGIE\/MAGIE DES DRAGONS \u00ab\u00a0ROI\u00a0\u00bb \u00a0 Aujourd\u2019hui j\u2019ai le plaisir et la joie de me pr\u00e9senter \u00e0 [&hellip;]<\/p>\n","protected":false},"author":1,"featured_media":1128,"parent":0,"menu_order":0,"comment_status":"closed","ping_status":"closed","template":"","meta":{"site-sidebar-layout":"default","site-content-layout":"","ast-site-content-layout":"default","site-content-style":"default","site-sidebar-style":"default","ast-global-header-display":"","ast-banner-title-visibility":"","ast-main-header-display":"","ast-hfb-above-header-display":"","ast-hfb-below-header-display":"","ast-hfb-mobile-header-display":"","site-post-title":"","ast-breadcrumbs-content":"","ast-featured-img":"","footer-sml-layout":"","ast-disable-related-posts":"","theme-transparent-header-meta":"","adv-header-id-meta":"","stick-header-meta":"","header-above-stick-meta":"","header-main-stick-meta":"","header-below-stick-meta":"","astra-migrate-meta-layouts":"default","ast-page-background-enabled":"default","ast-page-background-meta":{"desktop":{"background-color":"var(--ast-global-color-5)","background-image":"","background-repeat":"repeat","background-position":"center center","background-size":"auto","background-attachment":"scroll","background-type":"","background-media":"","overlay-type":"","overlay-color":"","overlay-opacity":"","overlay-gradient":""},"tablet":{"background-color":"","background-image":"","background-repeat":"repeat","background-position":"center center","background-size":"auto","background-attachment":"scroll","background-type":"","background-media":"","overlay-type":"","overlay-color":"","overlay-opacity":"","overlay-gradient":""},"mobile":{"background-color":"","background-image":"","background-repeat":"repeat","background-position":"center center","background-size":"auto","background-attachment":"scroll","background-type":"","background-media":"","overlay-type":"","overlay-color":"","overlay-opacity":"","overlay-gradient":""}},"ast-content-background-meta":{"desktop":{"background-color":"var(--ast-global-color-4)","background-image":"","background-repeat":"repeat","background-position":"center center","background-size":"auto","background-attachment":"scroll","background-type":"","background-media":"","overlay-type":"","overlay-color":"","overlay-opacity":"","overlay-gradient":""},"tablet":{"background-color":"var(--ast-global-color-4)","background-image":"","background-repeat":"repeat","background-position":"center center","background-size":"auto","background-attachment":"scroll","background-type":"","background-media":"","overlay-type":"","overlay-color":"","overlay-opacity":"","overlay-gradient":""},"mobile":{"background-color":"var(--ast-global-color-4)","background-image":"","background-repeat":"repeat","background-position":"center center","background-size":"auto","background-attachment":"scroll","background-type":"","background-media":"","overlay-type":"","overlay-color":"","overlay-opacity":"","overlay-gradient":""}},"_ti_tpc_template_sync":false,"_ti_tpc_template_id":"","footnotes":""},"class_list":["post-1633","page","type-page","status-publish","has-post-thumbnail","hentry"],"_links":{"self":[{"href":"https:\/\/rodolphevigne.com\/index.php?rest_route=\/wp\/v2\/pages\/1633","targetHints":{"allow":["GET"]}}],"collection":[{"href":"https:\/\/rodolphevigne.com\/index.php?rest_route=\/wp\/v2\/pages"}],"about":[{"href":"https:\/\/rodolphevigne.com\/index.php?rest_route=\/wp\/v2\/types\/page"}],"author":[{"embeddable":true,"href":"https:\/\/rodolphevigne.com\/index.php?rest_route=\/wp\/v2\/users\/1"}],"replies":[{"embeddable":true,"href":"https:\/\/rodolphevigne.com\/index.php?rest_route=%2Fwp%2Fv2%2Fcomments&post=1633"}],"version-history":[{"count":9,"href":"https:\/\/rodolphevigne.com\/index.php?rest_route=\/wp\/v2\/pages\/1633\/revisions"}],"predecessor-version":[{"id":1646,"href":"https:\/\/rodolphevigne.com\/index.php?rest_route=\/wp\/v2\/pages\/1633\/revisions\/1646"}],"wp:featuredmedia":[{"embeddable":true,"href":"https:\/\/rodolphevigne.com\/index.php?rest_route=\/wp\/v2\/media\/1128"}],"wp:attachment":[{"href":"https:\/\/rodolphevigne.com\/index.php?rest_route=%2Fwp%2Fv2%2Fmedia&parent=1633"}],"curies":[{"name":"wp","href":"https:\/\/api.w.org\/{rel}","templated":true}]}}