{"id":1570,"date":"2021-12-16T22:31:23","date_gmt":"2021-12-16T21:31:23","guid":{"rendered":"https:\/\/rodolphevigne.com\/?page_id=1570"},"modified":"2022-04-19T14:46:33","modified_gmt":"2022-04-19T12:46:33","slug":"cycle-de-transmission-vibratoire-les-5-blessures-de-lame-sortir-du-cycle-de-souffrance","status":"publish","type":"page","link":"https:\/\/rodolphevigne.com\/?page_id=1570","title":{"rendered":"Cycle de transmission vibratoire \u00ab\u00a0Les 5 blessures de l&rsquo;\u00c2me, sortir du cycle de souffrance\u00a0\u00bb"},"content":{"rendered":"\t\t<div data-elementor-type=\"wp-page\" data-elementor-id=\"1570\" class=\"elementor elementor-1570\">\n\t\t\t\t\t\t<section class=\"elementor-section elementor-top-section elementor-element elementor-element-176b172 elementor-section-stretched elementor-section-boxed elementor-section-height-default elementor-section-height-default\" data-id=\"176b172\" data-element_type=\"section\" data-e-type=\"section\" data-settings=\"{&quot;stretch_section&quot;:&quot;section-stretched&quot;}\">\n\t\t\t\t\t\t<div class=\"elementor-container elementor-column-gap-default\">\n\t\t\t\t\t<div class=\"elementor-column elementor-col-25 elementor-top-column elementor-element elementor-element-0fa124e\" data-id=\"0fa124e\" data-element_type=\"column\" data-e-type=\"column\">\n\t\t\t<div class=\"elementor-widget-wrap\">\n\t\t\t\t\t\t\t<\/div>\n\t\t<\/div>\n\t\t\t\t<div class=\"elementor-column elementor-col-50 elementor-top-column elementor-element elementor-element-834992f\" data-id=\"834992f\" data-element_type=\"column\" data-e-type=\"column\">\n\t\t\t<div class=\"elementor-widget-wrap elementor-element-populated\">\n\t\t\t\t\t\t<div class=\"elementor-element elementor-element-1841ab6 elementor-widget elementor-widget-image\" data-id=\"1841ab6\" data-element_type=\"widget\" data-e-type=\"widget\" data-widget_type=\"image.default\">\n\t\t\t\t<div class=\"elementor-widget-container\">\n\t\t\t\t\t\t\t\t\t\t\t\t\t\t\t<img fetchpriority=\"high\" decoding=\"async\" width=\"1024\" height=\"819\" src=\"https:\/\/rodolphevigne.com\/wp-content\/uploads\/2021\/12\/Sortir-du-cycle-de-souffrance-1024x819.jpg\" class=\"attachment-large size-large wp-image-1571\" alt=\"\" srcset=\"https:\/\/rodolphevigne.com\/wp-content\/uploads\/2021\/12\/Sortir-du-cycle-de-souffrance-1024x819.jpg 1024w, https:\/\/rodolphevigne.com\/wp-content\/uploads\/2021\/12\/Sortir-du-cycle-de-souffrance-300x240.jpg 300w, https:\/\/rodolphevigne.com\/wp-content\/uploads\/2021\/12\/Sortir-du-cycle-de-souffrance-768x614.jpg 768w, https:\/\/rodolphevigne.com\/wp-content\/uploads\/2021\/12\/Sortir-du-cycle-de-souffrance-1536x1229.jpg 1536w, https:\/\/rodolphevigne.com\/wp-content\/uploads\/2021\/12\/Sortir-du-cycle-de-souffrance-610x488.jpg 610w, https:\/\/rodolphevigne.com\/wp-content\/uploads\/2021\/12\/Sortir-du-cycle-de-souffrance-1320x1056.jpg 1320w, https:\/\/rodolphevigne.com\/wp-content\/uploads\/2021\/12\/Sortir-du-cycle-de-souffrance-600x480.jpg 600w, https:\/\/rodolphevigne.com\/wp-content\/uploads\/2021\/12\/Sortir-du-cycle-de-souffrance.jpg 2000w\" sizes=\"(max-width: 1024px) 100vw, 1024px\" \/>\t\t\t\t\t\t\t\t\t\t\t\t\t\t\t<\/div>\n\t\t\t\t<\/div>\n\t\t\t\t\t<\/div>\n\t\t<\/div>\n\t\t\t\t<div class=\"elementor-column elementor-col-25 elementor-top-column elementor-element elementor-element-047bfee\" data-id=\"047bfee\" data-element_type=\"column\" data-e-type=\"column\">\n\t\t\t<div class=\"elementor-widget-wrap\">\n\t\t\t\t\t\t\t<\/div>\n\t\t<\/div>\n\t\t\t\t\t<\/div>\n\t\t<\/section>\n\t\t\t\t<section class=\"elementor-section elementor-top-section elementor-element elementor-element-f362a85 elementor-section-stretched elementor-section-boxed elementor-section-height-default elementor-section-height-default\" data-id=\"f362a85\" data-element_type=\"section\" data-e-type=\"section\" data-settings=\"{&quot;stretch_section&quot;:&quot;section-stretched&quot;}\">\n\t\t\t\t\t\t<div class=\"elementor-container elementor-column-gap-default\">\n\t\t\t\t\t<div class=\"elementor-column elementor-col-100 elementor-top-column elementor-element elementor-element-12d9c70\" data-id=\"12d9c70\" data-element_type=\"column\" data-e-type=\"column\">\n\t\t\t<div class=\"elementor-widget-wrap elementor-element-populated\">\n\t\t\t\t\t\t<div class=\"elementor-element elementor-element-1419f29 elementor-widget elementor-widget-text-editor\" data-id=\"1419f29\" data-element_type=\"widget\" data-e-type=\"widget\" data-widget_type=\"text-editor.default\">\n\t\t\t\t<div class=\"elementor-widget-container\">\n\t\t\t\t\t\t\t\t\t<h4><strong>Bonjour et bienvenue<\/strong><\/h4><h4><strong>Voil\u00e0 ce que je vous propose\u00a0: \u00e9quilibrer des \u00e9motions, des m\u00e9moires int\u00e9rieures qui sont en souffrance et qui s\u2019exprime dans notre quotidien par des maux physiques ou des \u00e9tats d\u2019\u00eatre pesant, m\u00e9lancolique\u2026<\/strong><\/h4><h4><strong>Ce que chacun peu plus ou moins exp\u00e9rimenter dans sa propre vie.<\/strong><\/h4><h4><strong>Malgr\u00e9 les souffrances qui peuvent d\u00e9couler de ces \u00ab\u00a0\u00e9tats d\u2019\u00c2me\u00a0\u00bb, ils peuvent \u00eatre aussi vus comme r\u00e9v\u00e9lateur. Ils sont des portes d\u2019entr\u00e9es sur notre int\u00e9riorit\u00e9, nous montrant l\u00e0 ou une action de pacification est n\u00e9cessaire. Nous les faisons remonter \u00e0 la surface pour les comprendre et les lib\u00e9rer.<\/strong><\/h4><h4><strong>C\u2019est en agissant dans ces espaces int\u00e9rieurs que la gu\u00e9rison dite spirituelle se fait. Engendrant tout un processus de r\u00e9alignement global permettant en bout de processus la lib\u00e9ration\/gu\u00e9rison du corps physique.<\/strong><\/h4><h4><strong>Comme disait Platon \u00ab<em>Les maux du corps sont les mots de l\u2019\u00e2me, ainsi on ne doit pas chercher \u00e0 gu\u00e9rir le corps sans chercher \u00e0 gu\u00e9rir l\u2019\u00e2me.\u00a0\u00bb<\/em>\u00a0<\/strong><\/h4><h4><strong>Et c\u2019est ce que je vous propose avec ce cycle sur la gu\u00e9rison des 5 blessures de l\u2019\u00c2me. Il est en lien avec le livre de Lise Bourbeau. C\u2019est \u00e9crits font r\u00e9f\u00e9rence et sont une base de travail d\u2019\u00e9veil et de prise de conscience, il serait dommage de s\u2019en passer.<\/strong><\/h4><h4><strong>Bien s\u00fbr il est \u00e0 mon sens r\u00e9ducteur de dire que seul 5 grandes blessures existent. Mais elles sont la base primordiale dont beaucoup d\u2019autres blessures peuvent d\u00e9couler selon l\u2019exp\u00e9rience individuelle de chacun.e. Agir sur elles c\u2019est aussi agir sur la multitude de blessures que nous pouvons porter et exprimer inconsciemment.<\/strong><\/h4><h4><strong>Il est \u00e9galement n\u00e9cessaire de comprendre que nous les humains nous sommes comme des oignons plusieurs couches, \u00e9paisseurs sont l\u00e0 avant d\u2019arriver au C\u0153ur. Il nous est n\u00e9cessaire d\u2019accepter que gu\u00e9rir c\u2019est aussi cheminer en soi \u00e0 son propre rythme d\u2019\u00e9volution.<\/strong><\/h4><h4>\u00a0<\/h4><h4>\u00a0<\/h4><h4><strong>Concr\u00e8tement comment \u00e7a se passe\u2026 Je vais utiliser mes capacit\u00e9s \u00e0 canaliser des \u00e9nergies d\u2019un plan spirituel plus \u00e9lev\u00e9 que notre dimension humaine et dans lequel les fr\u00e9quences vibratoires sont propices \u00e0 la gu\u00e9rison, \u00e0 l\u2019\u00e9volution.<\/strong><\/h4><h4><strong>Cet espace est prot\u00e9ger, chacune des personnes pr\u00e9sente pourra recevoir le flux \u00e9nerg\u00e9tique juste et n\u00e9cessaire dans l\u2019instant pour vivre sa propre gu\u00e9rison int\u00e9rieure.<\/strong><\/h4><h4><strong>Ce cycle comportera 5 rencontres de transmission vibratoire, une pour chacune des 5 grandes blessures nomm\u00e9 \u00e0 savoir\u00a0:<\/strong><\/h4><h4><strong>&#8211; La blessure du rejet<\/strong><\/h4><h4><strong>-La blessure d\u2019abandon<\/strong><\/h4><h4><strong>-La blessure d\u2019humiliation<\/strong><\/h4><h4><strong>-La blessure de trahison<\/strong><\/h4><h4><strong>-La blessure d\u2019injustice<\/strong><\/h4><h4><strong>Les gu\u00e9risons int\u00e9rieures permettent d\u2019installer en soi un nouveau rythme, notre mental et notre \u00e9tat \u00e9motionnel une fois apais\u00e9, plus au clair peuvent commencer \u00e0 se lib\u00e9rer, s\u2019apaiser et laisser se mettre en place de nouveau comportement, de nouvelles fa\u00e7on de se positionner, de voir le monde qui nous entoure. Simplement parce que notre monde int\u00e9rieur \u00e0 bouger, \u00e9voluer.<\/strong><\/h4><h4><strong>Cela se passe sur un plan quantique, celui de l\u2019information. Vous n\u2019avez donc rien \u00e0 faire pendant la transmission. Votre \u00eatre profond re\u00e7oit et int\u00e8gre automatiquement ce dont il a besoin.<\/strong><\/h4><h4><strong> Chaque personne vie\/vibre cet espace \u00e0 sa mani\u00e8re avec son propre ressenti. Nous finissons par un temps d&rsquo;\u00e9change dans lequel chacun, chacune peut s&rsquo;exprimer. Cet espace est toujours propice pour continuer \u00e0 se lib\u00e9rer.L\u2019\u00e9nergie d\u00e9ploy\u00e9e \u00e0 chaque s\u00e9ance continue de s&rsquo;infuser pendant 3 jours et vous accompagnera tout le long de ce cycle permettant une int\u00e9gration dans le temps et en profondeur. <\/strong><\/h4><h4><strong>J\u2019organise ce cycle d\u2019atelier \u00e0 partir d\u2019un groupe compos\u00e9 de 5 personnes. Nous nous rencontrons 1 fois par mois , jour \u00e0 d\u00e9finir ensemble une fois le groupe constitu\u00e9. La s\u00e9ance d\u2019une heure. Dans laquelle vous recevez les \u00e9nergies d\u2019\u00e9volutions et gu\u00e9risons en lien avec la blessure en question. Vous pouvez \u00e9galement choisir de ne participer qu&rsquo;a la ou aux blessures qui vous parlent le plus.<\/strong><\/h4><h4><span style=\"color: #ff0000;\"><strong>Vous pouvez vous inscrire en me contactant au 06 95 72 33 93. Par mail : rodolphe.vigne@bbox.fr\u00a0 En vous inscrivant sur l&rsquo;\u00e9v\u00e9nement Facebook. Une fois le minimum de 5 personnes atteint je vous recontacte pour le lancement du cycle.<\/strong><\/span><\/h4><h4><strong>Les ateliers ont lieu sur zoom, vous \u00eates donc chez vous confortablement install\u00e9. Le fait que cela se passe \u00e0 distance n&rsquo;alt\u00e8re en rien la r\u00e9ception et la qualit\u00e9 de la transmission de l&rsquo;\u00e9nergie\/information.<\/strong><\/h4><h4><strong>Il vous ai n\u00e9cessaire d&rsquo;avoir t\u00e9l\u00e9charg\u00e9 l&rsquo;application zoom et d&rsquo;avoir ouvert\u00a0 un compte gratuit.<\/strong><\/h4><h4><strong>Le co\u00fbt d&rsquo;un atelier est de 40\u20ac. Vous avez la possibilit\u00e9 de r\u00e9gler \u00e0 la s\u00e9ance ou de r\u00e9gler l&rsquo;ensemble des s\u00e9ances pour un co\u00fbt de 170\u20ac, en 3X sans frais <\/strong><strong>pour cela me contacter.<\/strong><\/h4><h4><strong>\u00a0<\/strong><\/h4><h4><strong>Vous avez la possibilit\u00e9 de r\u00e9gler le montant du cycle en une seul fois (160\u20ac) ou\u00a0 par s\u00e9ance (40\u20ac). Par PayPal ou par ch\u00e8que.Vous avez \u00e9galement la possibilit\u00e9 de participer \u00e0 la s\u00e9ance que vous choisissez sans effectuer le cycle complet.<br \/><\/strong><\/h4><h4><strong>Pour plus de renseignements vous pouvez me contacter au 06 95 72 33 93 ou par mail \u00e0 rodolphe.vigne@bbox.fr<br \/><\/strong><\/h4><h4><a href=\"https:\/\/rodolphevigne.com\/?product=cycle-des-blessures-de-lame-a-la-seance-40e\"><span style=\"color: #0000ff;\"><em><strong>Paiement \u00e0 la s\u00e9ance<\/strong><\/em><\/span><\/a><\/h4><h4><em><a href=\"https:\/\/rodolphevigne.com\/?product=cycle-des-blessures-de-lame-cycle-complet-160e\"><span style=\"color: #00ff00;\"><strong>Paiement du cycle complet<\/strong><\/span><\/a><\/em><\/h4><h4>\u00a0<\/h4><h4>\u00a0<\/h4><h4>\u00a0<\/h4><h4>\u00a0<\/h4>\t\t\t\t\t\t\t\t<\/div>\n\t\t\t\t<\/div>\n\t\t\t\t\t<\/div>\n\t\t<\/div>\n\t\t\t\t\t<\/div>\n\t\t<\/section>\n\t\t\t\t<section class=\"elementor-section elementor-top-section elementor-element elementor-element-6c6412a elementor-section-stretched elementor-section-boxed elementor-section-height-default elementor-section-height-default\" data-id=\"6c6412a\" data-element_type=\"section\" data-e-type=\"section\" data-settings=\"{&quot;stretch_section&quot;:&quot;section-stretched&quot;}\">\n\t\t\t\t\t\t<div class=\"elementor-container elementor-column-gap-default\">\n\t\t\t\t\t<div class=\"elementor-column elementor-col-33 elementor-top-column elementor-element elementor-element-6767a46\" data-id=\"6767a46\" data-element_type=\"column\" data-e-type=\"column\">\n\t\t\t<div class=\"elementor-widget-wrap elementor-element-populated\">\n\t\t\t\t\t\t<div class=\"elementor-element elementor-element-405a380 elementor-widget elementor-widget-image\" data-id=\"405a380\" data-element_type=\"widget\" data-e-type=\"widget\" data-widget_type=\"image.default\">\n\t\t\t\t<div class=\"elementor-widget-container\">\n\t\t\t\t\t\t\t\t\t\t\t\t\t\t\t<img decoding=\"async\" src=\"https:\/\/rodolphevigne.com\/wp-content\/plugins\/elementor\/assets\/images\/placeholder.png\" title=\"\" alt=\"\" loading=\"lazy\" \/>\t\t\t\t\t\t\t\t\t\t\t\t\t\t\t<\/div>\n\t\t\t\t<\/div>\n\t\t\t\t\t<\/div>\n\t\t<\/div>\n\t\t\t\t<div class=\"elementor-column elementor-col-66 elementor-top-column elementor-element elementor-element-78d49d6\" data-id=\"78d49d6\" data-element_type=\"column\" data-e-type=\"column\">\n\t\t\t<div class=\"elementor-widget-wrap\">\n\t\t\t\t\t\t\t<\/div>\n\t\t<\/div>\n\t\t\t\t\t<\/div>\n\t\t<\/section>\n\t\t\t\t<\/div>\n\t\t<span class=\"et_bloom_bottom_trigger\"><\/span>","protected":false},"excerpt":{"rendered":"<p>Bonjour et bienvenue Voil\u00e0 ce que je vous propose\u00a0: \u00e9quilibrer des \u00e9motions, des m\u00e9moires int\u00e9rieures qui sont en souffrance et [&hellip;]<\/p>\n","protected":false},"author":1,"featured_media":1555,"parent":0,"menu_order":0,"comment_status":"closed","ping_status":"closed","template":"","meta":{"site-sidebar-layout":"default","site-content-layout":"","ast-site-content-layout":"default","site-content-style":"default","site-sidebar-style":"default","ast-global-header-display":"","ast-banner-title-visibility":"","ast-main-header-display":"","ast-hfb-above-header-display":"","ast-hfb-below-header-display":"","ast-hfb-mobile-header-display":"","site-post-title":"","ast-breadcrumbs-content":"","ast-featured-img":"","footer-sml-layout":"","ast-disable-related-posts":"","theme-transparent-header-meta":"","adv-header-id-meta":"","stick-header-meta":"","header-above-stick-meta":"","header-main-stick-meta":"","header-below-stick-meta":"","astra-migrate-meta-layouts":"default","ast-page-background-enabled":"default","ast-page-background-meta":{"desktop":{"background-color":"var(--ast-global-color-5)","background-image":"","background-repeat":"repeat","background-position":"center center","background-size":"auto","background-attachment":"scroll","background-type":"","background-media":"","overlay-type":"","overlay-color":"","overlay-opacity":"","overlay-gradient":""},"tablet":{"background-color":"","background-image":"","background-repeat":"repeat","background-position":"center center","background-size":"auto","background-attachment":"scroll","background-type":"","background-media":"","overlay-type":"","overlay-color":"","overlay-opacity":"","overlay-gradient":""},"mobile":{"background-color":"","background-image":"","background-repeat":"repeat","background-position":"center center","background-size":"auto","background-attachment":"scroll","background-type":"","background-media":"","overlay-type":"","overlay-color":"","overlay-opacity":"","overlay-gradient":""}},"ast-content-background-meta":{"desktop":{"background-color":"var(--ast-global-color-4)","background-image":"","background-repeat":"repeat","background-position":"center center","background-size":"auto","background-attachment":"scroll","background-type":"","background-media":"","overlay-type":"","overlay-color":"","overlay-opacity":"","overlay-gradient":""},"tablet":{"background-color":"var(--ast-global-color-4)","background-image":"","background-repeat":"repeat","background-position":"center center","background-size":"auto","background-attachment":"scroll","background-type":"","background-media":"","overlay-type":"","overlay-color":"","overlay-opacity":"","overlay-gradient":""},"mobile":{"background-color":"var(--ast-global-color-4)","background-image":"","background-repeat":"repeat","background-position":"center center","background-size":"auto","background-attachment":"scroll","background-type":"","background-media":"","overlay-type":"","overlay-color":"","overlay-opacity":"","overlay-gradient":""}},"_ti_tpc_template_sync":false,"_ti_tpc_template_id":"","footnotes":""},"class_list":["post-1570","page","type-page","status-publish","has-post-thumbnail","hentry"],"_links":{"self":[{"href":"https:\/\/rodolphevigne.com\/index.php?rest_route=\/wp\/v2\/pages\/1570","targetHints":{"allow":["GET"]}}],"collection":[{"href":"https:\/\/rodolphevigne.com\/index.php?rest_route=\/wp\/v2\/pages"}],"about":[{"href":"https:\/\/rodolphevigne.com\/index.php?rest_route=\/wp\/v2\/types\/page"}],"author":[{"embeddable":true,"href":"https:\/\/rodolphevigne.com\/index.php?rest_route=\/wp\/v2\/users\/1"}],"replies":[{"embeddable":true,"href":"https:\/\/rodolphevigne.com\/index.php?rest_route=%2Fwp%2Fv2%2Fcomments&post=1570"}],"version-history":[{"count":9,"href":"https:\/\/rodolphevigne.com\/index.php?rest_route=\/wp\/v2\/pages\/1570\/revisions"}],"predecessor-version":[{"id":1742,"href":"https:\/\/rodolphevigne.com\/index.php?rest_route=\/wp\/v2\/pages\/1570\/revisions\/1742"}],"wp:featuredmedia":[{"embeddable":true,"href":"https:\/\/rodolphevigne.com\/index.php?rest_route=\/wp\/v2\/media\/1555"}],"wp:attachment":[{"href":"https:\/\/rodolphevigne.com\/index.php?rest_route=%2Fwp%2Fv2%2Fmedia&parent=1570"}],"curies":[{"name":"wp","href":"https:\/\/api.w.org\/{rel}","templated":true}]}}