{"id":1561,"date":"2021-12-15T14:49:09","date_gmt":"2021-12-15T13:49:09","guid":{"rendered":"https:\/\/rodolphevigne.com\/?page_id=1561"},"modified":"2022-06-29T17:17:02","modified_gmt":"2022-06-29T15:17:02","slug":"stages","status":"publish","type":"page","link":"https:\/\/rodolphevigne.com\/?page_id=1561","title":{"rendered":"Fr\u00e9quences quantiques Module  1"},"content":{"rendered":"\t\t<div data-elementor-type=\"wp-page\" data-elementor-id=\"1561\" class=\"elementor elementor-1561\">\n\t\t\t\t\t\t<section class=\"elementor-section elementor-top-section elementor-element elementor-element-a2edfd5 elementor-section-stretched elementor-section-boxed elementor-section-height-default elementor-section-height-default\" data-id=\"a2edfd5\" data-element_type=\"section\" data-e-type=\"section\" data-settings=\"{&quot;stretch_section&quot;:&quot;section-stretched&quot;}\">\n\t\t\t\t\t\t<div class=\"elementor-container elementor-column-gap-default\">\n\t\t\t\t\t<div class=\"elementor-column elementor-col-33 elementor-top-column elementor-element elementor-element-7afef50\" data-id=\"7afef50\" data-element_type=\"column\" data-e-type=\"column\">\n\t\t\t<div class=\"elementor-widget-wrap elementor-element-populated\">\n\t\t\t\t\t\t<div class=\"elementor-element elementor-element-2503244 elementor-widget elementor-widget-image\" data-id=\"2503244\" data-element_type=\"widget\" data-e-type=\"widget\" data-widget_type=\"image.default\">\n\t\t\t\t<div class=\"elementor-widget-container\">\n\t\t\t\t\t\t\t\t\t\t\t\t\t\t\t<img fetchpriority=\"high\" decoding=\"async\" width=\"734\" height=\"414\" src=\"https:\/\/rodolphevigne.com\/wp-content\/uploads\/2021\/12\/Screenshot-2021-12-15-at-17-46-18-Discussion-entre-Gentlemen.png\" class=\"attachment-large size-large wp-image-1567\" alt=\"\" srcset=\"https:\/\/rodolphevigne.com\/wp-content\/uploads\/2021\/12\/Screenshot-2021-12-15-at-17-46-18-Discussion-entre-Gentlemen.png 734w, https:\/\/rodolphevigne.com\/wp-content\/uploads\/2021\/12\/Screenshot-2021-12-15-at-17-46-18-Discussion-entre-Gentlemen-300x169.png 300w, https:\/\/rodolphevigne.com\/wp-content\/uploads\/2021\/12\/Screenshot-2021-12-15-at-17-46-18-Discussion-entre-Gentlemen-610x344.png 610w, https:\/\/rodolphevigne.com\/wp-content\/uploads\/2021\/12\/Screenshot-2021-12-15-at-17-46-18-Discussion-entre-Gentlemen-600x338.png 600w\" sizes=\"(max-width: 734px) 100vw, 734px\" \/>\t\t\t\t\t\t\t\t\t\t\t\t\t\t\t<\/div>\n\t\t\t\t<\/div>\n\t\t\t\t\t<\/div>\n\t\t<\/div>\n\t\t\t\t<div class=\"elementor-column elementor-col-66 elementor-top-column elementor-element elementor-element-252d3fb\" data-id=\"252d3fb\" data-element_type=\"column\" data-e-type=\"column\">\n\t\t\t<div class=\"elementor-widget-wrap elementor-element-populated\">\n\t\t\t\t\t\t<div class=\"elementor-element elementor-element-f8d85f7 elementor-widget elementor-widget-text-editor\" data-id=\"f8d85f7\" data-element_type=\"widget\" data-e-type=\"widget\" data-widget_type=\"text-editor.default\">\n\t\t\t\t<div class=\"elementor-widget-container\">\n\t\t\t\t\t\t\t\t\t<h4 class=\"kvgmc6g5 cxmmr5t8 oygrvhab hcukyx3x c1et5uql\">\u00ab Voyage au C\u0153ur des Fr\u00e9quences Quantiques\u00bb<\/h4><h4 class=\"cxmmr5t8 oygrvhab hcukyx3x c1et5uql o9v6fnle\">Les fr\u00e9quences quantiques, qu\u2019est-ce que c\u2019est ?<\/h4><h4 class=\"cxmmr5t8 oygrvhab hcukyx3x c1et5uql o9v6fnle\">C\u2019est peut-\u00eatre par-l\u00e0 que nous allons commencer. Nous vous invitons \u00e0 regarder en vous avec votre C\u0153ur d\u2019enfant. Souvenez-vous de tous ces mondes fantastiques, f\u00e9eriques, merveilleux que nous regardions dans certains dessins anim\u00e9s, dans nos r\u00eaves ou auxquels vous aviez ou avez encore acc\u00e8s ? Des lieux o\u00f9 nous avions envie d\u2019aller et d\u2019y \u00eatre accueillis parce que nous en sentions la chaleur et l\u2019Amour qui en \u00e9manait. Nous parlons de ces espaces-l\u00e0 et nous vous proposons de faire un voyage dans ces espaces. Ils sont bien r\u00e9els, bien pr\u00e9sents. Disons qu\u2019ils vibrent sur une autre fr\u00e9quence, sur un autre plan vibratoire qui est accessible avec le C\u0153ur.<\/h4>\t\t\t\t\t\t\t\t<\/div>\n\t\t\t\t<\/div>\n\t\t\t\t\t<\/div>\n\t\t<\/div>\n\t\t\t\t\t<\/div>\n\t\t<\/section>\n\t\t\t\t<section class=\"elementor-section elementor-top-section elementor-element elementor-element-268123e elementor-section-stretched elementor-section-boxed elementor-section-height-default elementor-section-height-default\" data-id=\"268123e\" data-element_type=\"section\" data-e-type=\"section\" data-settings=\"{&quot;stretch_section&quot;:&quot;section-stretched&quot;}\">\n\t\t\t\t\t\t<div class=\"elementor-container elementor-column-gap-default\">\n\t\t\t\t\t<div class=\"elementor-column elementor-col-100 elementor-top-column elementor-element elementor-element-e86907f\" data-id=\"e86907f\" data-element_type=\"column\" data-e-type=\"column\">\n\t\t\t<div class=\"elementor-widget-wrap elementor-element-populated\">\n\t\t\t\t\t\t<div class=\"elementor-element elementor-element-8bb8dc4 elementor-widget elementor-widget-text-editor\" data-id=\"8bb8dc4\" data-element_type=\"widget\" data-e-type=\"widget\" data-widget_type=\"text-editor.default\">\n\t\t\t\t<div class=\"elementor-widget-container\">\n\t\t\t\t\t\t\t\t\t<h4 class=\"cxmmr5t8 oygrvhab hcukyx3x c1et5uql o9v6fnle\">Pourquoi acc\u00e9der \u00e0 ces espaces ? Quels en sont les bienfaits ?<\/h4><h4 class=\"cxmmr5t8 oygrvhab hcukyx3x c1et5uql o9v6fnle\">C\u2019est tr\u00e8s simple, d\u2019ailleurs tout est toujours tr\u00e8s simple quand cela vient du C\u0153ur\u2026 Ces fr\u00e9quences contiennent une immense \u00e9nergie d\u2019Amour, une lumi\u00e8re \u00e9clatante qui nous traverse et nous transporte au plus profond de notre \u00eatre pour y vivre d\u2019intenses gu\u00e9risons, des mises en lumi\u00e8re propices au changement et \u00e0 notre \u00e9volution personnelle et commune. Oui, nous disons bien commune, une personne qui gu\u00e9ri et \u00e9volue, permet \u00e0 l\u2019ensemble de vibrer plus haut. Elle all\u00e8ge le monde de son fardeau personnel. C\u2019est une de nos responsabilit\u00e9s et un de nos pouvoirs \u00e0 nous les Humains.<\/h4><h4 class=\"cxmmr5t8 oygrvhab hcukyx3x c1et5uql o9v6fnle\">Nous sommes \u00e0 la fois multiples et Un. La s\u00e9paration n\u2019est qu\u2019illusoire. Alors il y aura ce que vous allez vous permettre de vivre et ce que vous allez permettre \u00e0 l\u2019ensemble. Ce sont des vases communicants. Cet atelier n\u2019arrive pas par hasard, non certainement pas. Il y a un rassemblement qui se fait, qui se met en place pour faciliter la transition plan\u00e9taire globale. Globale dans le sens o\u00f9 tous les diff\u00e9rents r\u00e8gnes sont impact\u00e9s et en mouvement d\u2019\u00e9volution.<\/h4><h4 class=\"cxmmr5t8 oygrvhab hcukyx3x c1et5uql o9v6fnle\">C\u2019est dans ce mouvement d\u2019\u00e9l\u00e9vation g\u00e9n\u00e9rale que Marie-Jos\u00e9 et moi-m\u00eame nous nous positionnons et nous r\u00e9alisons. L\u2019information de base, c\u2019est qu\u2019\u00e0 l\u2019heure actuelle des personnes en transition ont besoin, si elles le choisissent, de se lib\u00e9rer de vieux blocages encore en elles. Les Ames portent \u00e9galement encore des blocages et de vieilles blessures profondes, elles limitent la restructuration de l\u2019ADN humain. Tout cela demande une \u00e9nergie intense, puissante qui sera accessible dans les fr\u00e9quences quantiques dans lesquelles nous vous proposons de voyager.<\/h4><h4 class=\"cxmmr5t8 oygrvhab hcukyx3x c1et5uql o9v6fnle\">Pour terminer nous aimerions vous apporter notre t\u00e9moignage sur la visite et la navigation que avons fait et continuons \u00e0 faire dans ces fr\u00e9quences. Personnellement j\u2019y ai trouv\u00e9 une intensit\u00e9 d\u2019Amour que j\u2019avais encore peu rencontr\u00e9, peu v\u00e9cu. Dans ces espaces d\u2019Amour tout ce fait naturellement, le mental et l\u2019\u00e9go laissent place pour un accueil en profondeur. Une Joie immense me d\u00e9borde et j\u2019ai toujours beaucoup d\u2019\u00e9motions en y acc\u00e9dant. D\u2019autres modules vont s\u2019ajouter \u00e0 celui-ci. Une compl\u00e9mentarit\u00e9 va les relier, comme des \u00e9tapes interm\u00e9diaires de l\u2019un \u00e0 l\u2019autre.<\/h4><h4 class=\"cxmmr5t8 oygrvhab hcukyx3x c1et5uql o9v6fnle\">Dans ce module 1, nous irons visiter les fr\u00e9quences \u00abdes Couleurs, des Cristaux de la Terre et de Terre M\u00e8re\u00bb. Le sacr\u00e9 est en toutes choses pour celui ou celle qui sait le reconna\u00eetre en lui, en elle.<br \/>Marie-Jos\u00e9 &amp; Rodolphe<br \/>Samedi 26 f\u00e9vrier<br \/>9h &#8211; 17h<br \/>30360 MONTEILS<br \/>Atelier co-anim\u00e9<\/h4><h4 class=\"cxmmr5t8 oygrvhab hcukyx3x c1et5uql o9v6fnle\">Marie Jos\u00e9 GARCIA-GUERARD &amp; Rodolphe VIGNE<\/h4><h4 class=\"cxmmr5t8 oygrvhab hcukyx3x c1et5uql o9v6fnle\">Module 1 : Couleurs, Cristaux de la Terre, Terre M\u00e8re<\/h4><h4 class=\"cxmmr5t8 oygrvhab hcukyx3x c1et5uql o9v6fnle\">Il n\u2019y a pas de pr\u00e9requis, simplement une envie d\u2019\u00e9voluer, de se mettre en lumi\u00e8re. Au-del\u00e0 de ces espaces vibratoires tout se fait et se r\u00e9alise humainement dans nos actions, nos paroles\u2026<br \/>Alors nous vous demandons de respecter l\u2019espace qui sera cr\u00e9\u00e9 par votre calme, vos paroles adapt\u00e9es et par votre accueil int\u00e9rieur<\/h4><h4 class=\"cxmmr5t8 oygrvhab hcukyx3x c1et5uql o9v6fnle\">COMPL\u00c9MENT D\u2019INFORMATION<br \/>Repas tir\u00e9 du sac.<br \/>A apporter : Coussin de m\u00e9ditation, tapis de sol ou tout \u00e9l\u00e9ment vous permettant d\u2019\u00eatre \u00e0 l\u2019aise. Une bouteille d\u2019eau. Il y a des chaises sur place. V\u00eatements confortables.<br \/>Lieu : DOMAINE DES SENS<br \/>494 Les Coupades 30360 MONTEILS<br \/>Horaires : Samedi 9h-17h<\/h4><h4 class=\"cxmmr5t8 oygrvhab hcukyx3x c1et5uql o9v6fnle\">TARIF : 111 \u20ac par personne, les chiffres contribuent eux aussi \u00e0 l\u2019\u00e9quilibre et \u00e0 l\u2019alignement de cette \u00ab journ\u00e9e \u00bb.<\/h4><h4 class=\"cxmmr5t8 oygrvhab hcukyx3x c1et5uql o9v6fnle\">Bulletin d\u2019inscription \u00e0 demander par mail : rodolphe.vigne@bbox.fr ou mariejo@spirale-sacree.com<\/h4><h4 class=\"cxmmr5t8 oygrvhab hcukyx3x c1et5uql o9v6fnle\">Renseignement :<br \/>Marie-Jos\u00e9 GARCIA-GUERARD<br \/>T\u00e9l. 06 50 73 01 62<\/h4><h4 class=\"cxmmr5t8 oygrvhab hcukyx3x c1et5uql o9v6fnle\">Rodolphe VIGNE<br \/>T\u00e9l. 06 95 72 33 93<\/h4>\t\t\t\t\t\t\t\t<\/div>\n\t\t\t\t<\/div>\n\t\t\t\t\t<\/div>\n\t\t<\/div>\n\t\t\t\t\t<\/div>\n\t\t<\/section>\n\t\t\t\t<\/div>\n\t\t<span class=\"et_bloom_bottom_trigger\"><\/span>","protected":false},"excerpt":{"rendered":"<p>\u00ab Voyage au C\u0153ur des Fr\u00e9quences Quantiques\u00bb Les fr\u00e9quences quantiques, qu\u2019est-ce que c\u2019est ? C\u2019est peut-\u00eatre par-l\u00e0 que nous allons [&hellip;]<\/p>\n","protected":false},"author":1,"featured_media":1716,"parent":0,"menu_order":0,"comment_status":"closed","ping_status":"closed","template":"","meta":{"site-sidebar-layout":"default","site-content-layout":"","ast-site-content-layout":"default","site-content-style":"default","site-sidebar-style":"default","ast-global-header-display":"","ast-banner-title-visibility":"","ast-main-header-display":"","ast-hfb-above-header-display":"","ast-hfb-below-header-display":"","ast-hfb-mobile-header-display":"","site-post-title":"","ast-breadcrumbs-content":"","ast-featured-img":"","footer-sml-layout":"","ast-disable-related-posts":"","theme-transparent-header-meta":"","adv-header-id-meta":"","stick-header-meta":"","header-above-stick-meta":"","header-main-stick-meta":"","header-below-stick-meta":"","astra-migrate-meta-layouts":"default","ast-page-background-enabled":"default","ast-page-background-meta":{"desktop":{"background-color":"var(--ast-global-color-5)","background-image":"","background-repeat":"repeat","background-position":"center center","background-size":"auto","background-attachment":"scroll","background-type":"","background-media":"","overlay-type":"","overlay-color":"","overlay-opacity":"","overlay-gradient":""},"tablet":{"background-color":"","background-image":"","background-repeat":"repeat","background-position":"center center","background-size":"auto","background-attachment":"scroll","background-type":"","background-media":"","overlay-type":"","overlay-color":"","overlay-opacity":"","overlay-gradient":""},"mobile":{"background-color":"","background-image":"","background-repeat":"repeat","background-position":"center center","background-size":"auto","background-attachment":"scroll","background-type":"","background-media":"","overlay-type":"","overlay-color":"","overlay-opacity":"","overlay-gradient":""}},"ast-content-background-meta":{"desktop":{"background-color":"var(--ast-global-color-4)","background-image":"","background-repeat":"repeat","background-position":"center center","background-size":"auto","background-attachment":"scroll","background-type":"","background-media":"","overlay-type":"","overlay-color":"","overlay-opacity":"","overlay-gradient":""},"tablet":{"background-color":"var(--ast-global-color-4)","background-image":"","background-repeat":"repeat","background-position":"center center","background-size":"auto","background-attachment":"scroll","background-type":"","background-media":"","overlay-type":"","overlay-color":"","overlay-opacity":"","overlay-gradient":""},"mobile":{"background-color":"var(--ast-global-color-4)","background-image":"","background-repeat":"repeat","background-position":"center center","background-size":"auto","background-attachment":"scroll","background-type":"","background-media":"","overlay-type":"","overlay-color":"","overlay-opacity":"","overlay-gradient":""}},"_ti_tpc_template_sync":false,"_ti_tpc_template_id":"","footnotes":""},"class_list":["post-1561","page","type-page","status-publish","has-post-thumbnail","hentry"],"_links":{"self":[{"href":"https:\/\/rodolphevigne.com\/index.php?rest_route=\/wp\/v2\/pages\/1561","targetHints":{"allow":["GET"]}}],"collection":[{"href":"https:\/\/rodolphevigne.com\/index.php?rest_route=\/wp\/v2\/pages"}],"about":[{"href":"https:\/\/rodolphevigne.com\/index.php?rest_route=\/wp\/v2\/types\/page"}],"author":[{"embeddable":true,"href":"https:\/\/rodolphevigne.com\/index.php?rest_route=\/wp\/v2\/users\/1"}],"replies":[{"embeddable":true,"href":"https:\/\/rodolphevigne.com\/index.php?rest_route=%2Fwp%2Fv2%2Fcomments&post=1561"}],"version-history":[{"count":13,"href":"https:\/\/rodolphevigne.com\/index.php?rest_route=\/wp\/v2\/pages\/1561\/revisions"}],"predecessor-version":[{"id":1887,"href":"https:\/\/rodolphevigne.com\/index.php?rest_route=\/wp\/v2\/pages\/1561\/revisions\/1887"}],"wp:featuredmedia":[{"embeddable":true,"href":"https:\/\/rodolphevigne.com\/index.php?rest_route=\/wp\/v2\/media\/1716"}],"wp:attachment":[{"href":"https:\/\/rodolphevigne.com\/index.php?rest_route=%2Fwp%2Fv2%2Fmedia&parent=1561"}],"curies":[{"name":"wp","href":"https:\/\/api.w.org\/{rel}","templated":true}]}}