{"id":1178,"date":"2021-04-21T16:58:00","date_gmt":"2021-04-21T14:58:00","guid":{"rendered":"https:\/\/rodolphevigne.com\/?page_id=1178"},"modified":"2022-05-27T18:05:45","modified_gmt":"2022-05-27T16:05:45","slug":"stage-2","status":"publish","type":"page","link":"https:\/\/rodolphevigne.com\/?page_id=1178","title":{"rendered":"Stage : Connexion \u00e0 l&rsquo;\u00e9nergie des Dragons"},"content":{"rendered":"\t\t<div data-elementor-type=\"wp-page\" data-elementor-id=\"1178\" class=\"elementor elementor-1178\">\n\t\t\t\t\t\t<section class=\"elementor-section elementor-top-section elementor-element elementor-element-61e2f19 elementor-section-boxed elementor-section-height-default elementor-section-height-default\" data-id=\"61e2f19\" data-element_type=\"section\" data-e-type=\"section\">\n\t\t\t\t\t\t<div class=\"elementor-container elementor-column-gap-default\">\n\t\t\t\t\t<div class=\"elementor-column elementor-col-33 elementor-top-column elementor-element elementor-element-3c0c19b\" data-id=\"3c0c19b\" data-element_type=\"column\" data-e-type=\"column\">\n\t\t\t<div class=\"elementor-widget-wrap elementor-element-populated\">\n\t\t\t\t\t\t<div class=\"elementor-element elementor-element-78029dd elementor-widget elementor-widget-image\" data-id=\"78029dd\" data-element_type=\"widget\" data-e-type=\"widget\" data-widget_type=\"image.default\">\n\t\t\t\t<div class=\"elementor-widget-container\">\n\t\t\t\t\t\t\t\t\t\t\t\t\t\t\t<img fetchpriority=\"high\" decoding=\"async\" width=\"322\" height=\"322\" src=\"https:\/\/rodolphevigne.com\/wp-content\/uploads\/2019\/04\/multiface-yin-Copie.png\" class=\"attachment-large size-large wp-image-124\" alt=\"\" srcset=\"https:\/\/rodolphevigne.com\/wp-content\/uploads\/2019\/04\/multiface-yin-Copie.png 322w, https:\/\/rodolphevigne.com\/wp-content\/uploads\/2019\/04\/multiface-yin-Copie-150x150.png 150w, https:\/\/rodolphevigne.com\/wp-content\/uploads\/2019\/04\/multiface-yin-Copie-300x300.png 300w, https:\/\/rodolphevigne.com\/wp-content\/uploads\/2019\/04\/multiface-yin-Copie-100x100.png 100w\" sizes=\"(max-width: 322px) 100vw, 322px\" \/>\t\t\t\t\t\t\t\t\t\t\t\t\t\t\t<\/div>\n\t\t\t\t<\/div>\n\t\t\t\t\t<\/div>\n\t\t<\/div>\n\t\t\t\t<div class=\"elementor-column elementor-col-66 elementor-top-column elementor-element elementor-element-8d97dd7\" data-id=\"8d97dd7\" data-element_type=\"column\" data-e-type=\"column\">\n\t\t\t<div class=\"elementor-widget-wrap elementor-element-populated\">\n\t\t\t\t\t\t<div class=\"elementor-element elementor-element-077ca02 elementor-widget elementor-widget-text-editor\" data-id=\"077ca02\" data-element_type=\"widget\" data-e-type=\"widget\" data-widget_type=\"text-editor.default\">\n\t\t\t\t<div class=\"elementor-widget-container\">\n\t\t\t\t\t\t\t\t\t<h1><span style=\"color: #0000ff;\"><strong><em>\u00c9quilibre et perspectives<\/em><\/strong><\/span><\/h1><h2><em><span style=\"color: #99cc00;\"><strong>Rodolphe Vigne\u00a0\u00a0\u00a0\u00a0\u00a0\u00a0\u00a0\u00a0\u00a0\u00a0\u00a0\u00a0\u00a0\u00a0\u00a0\u00a0\u00a0\u00a0\u00a0\u00a0\u00a0 \u00a0 Gu\u00e9risseur dans l\u2019\u00c2me<\/strong><\/span><br \/><\/em><\/h2><h4><span style=\"color: #000000;\"><em><strong>Contact : 06 95 72 33 93<\/strong><\/em><\/span><\/h4><h4><span style=\"color: #000000;\"><em><strong>rodolphe.vigne@bbox.fr<\/strong><\/em><\/span><\/h4>\t\t\t\t\t\t\t\t<\/div>\n\t\t\t\t<\/div>\n\t\t\t\t\t<\/div>\n\t\t<\/div>\n\t\t\t\t\t<\/div>\n\t\t<\/section>\n\t\t\t\t<section class=\"elementor-section elementor-top-section elementor-element elementor-element-31f0f48 elementor-section-stretched elementor-section-boxed elementor-section-height-default elementor-section-height-default\" data-id=\"31f0f48\" data-element_type=\"section\" data-e-type=\"section\" data-settings=\"{&quot;stretch_section&quot;:&quot;section-stretched&quot;}\">\n\t\t\t\t\t\t<div class=\"elementor-container elementor-column-gap-default\">\n\t\t\t\t\t<div class=\"elementor-column elementor-col-33 elementor-top-column elementor-element elementor-element-5b3d544\" data-id=\"5b3d544\" data-element_type=\"column\" data-e-type=\"column\">\n\t\t\t<div class=\"elementor-widget-wrap elementor-element-populated\">\n\t\t\t\t\t\t<div class=\"elementor-element elementor-element-d447c8d elementor-widget elementor-widget-image\" data-id=\"d447c8d\" data-element_type=\"widget\" data-e-type=\"widget\" data-widget_type=\"image.default\">\n\t\t\t\t<div class=\"elementor-widget-container\">\n\t\t\t\t\t\t\t\t\t\t\t\t\t\t\t<img decoding=\"async\" width=\"300\" height=\"253\" src=\"https:\/\/rodolphevigne.com\/wp-content\/uploads\/2021\/04\/104459678_740805756666699_555913160613291343_n-300x253.jpg\" class=\"attachment-medium size-medium wp-image-1176\" alt=\"\" srcset=\"https:\/\/rodolphevigne.com\/wp-content\/uploads\/2021\/04\/104459678_740805756666699_555913160613291343_n-300x253.jpg 300w, https:\/\/rodolphevigne.com\/wp-content\/uploads\/2021\/04\/104459678_740805756666699_555913160613291343_n-610x513.jpg 610w, https:\/\/rodolphevigne.com\/wp-content\/uploads\/2021\/04\/104459678_740805756666699_555913160613291343_n-600x505.jpg 600w, https:\/\/rodolphevigne.com\/wp-content\/uploads\/2021\/04\/104459678_740805756666699_555913160613291343_n.jpg 720w\" sizes=\"(max-width: 300px) 100vw, 300px\" \/>\t\t\t\t\t\t\t\t\t\t\t\t\t\t\t<\/div>\n\t\t\t\t<\/div>\n\t\t\t\t\t<\/div>\n\t\t<\/div>\n\t\t\t\t<div class=\"elementor-column elementor-col-33 elementor-top-column elementor-element elementor-element-4ffdf78\" data-id=\"4ffdf78\" data-element_type=\"column\" data-e-type=\"column\">\n\t\t\t<div class=\"elementor-widget-wrap elementor-element-populated\">\n\t\t\t\t\t\t<div class=\"elementor-element elementor-element-895c321 elementor-widget elementor-widget-image\" data-id=\"895c321\" data-element_type=\"widget\" data-e-type=\"widget\" data-widget_type=\"image.default\">\n\t\t\t\t<div class=\"elementor-widget-container\">\n\t\t\t\t\t\t\t\t\t\t\t\t\t\t\t<img decoding=\"async\" width=\"741\" height=\"483\" src=\"https:\/\/rodolphevigne.com\/wp-content\/uploads\/2022\/05\/Screenshot-2022-05-27-at-18-03-48-celeritup-rodolphe-dragons-resultats-de-la-recherche-Facebook.png\" class=\"attachment-large size-large wp-image-1767\" alt=\"\" srcset=\"https:\/\/rodolphevigne.com\/wp-content\/uploads\/2022\/05\/Screenshot-2022-05-27-at-18-03-48-celeritup-rodolphe-dragons-resultats-de-la-recherche-Facebook.png 741w, https:\/\/rodolphevigne.com\/wp-content\/uploads\/2022\/05\/Screenshot-2022-05-27-at-18-03-48-celeritup-rodolphe-dragons-resultats-de-la-recherche-Facebook-300x196.png 300w, https:\/\/rodolphevigne.com\/wp-content\/uploads\/2022\/05\/Screenshot-2022-05-27-at-18-03-48-celeritup-rodolphe-dragons-resultats-de-la-recherche-Facebook-610x398.png 610w, https:\/\/rodolphevigne.com\/wp-content\/uploads\/2022\/05\/Screenshot-2022-05-27-at-18-03-48-celeritup-rodolphe-dragons-resultats-de-la-recherche-Facebook-360x235.png 360w, https:\/\/rodolphevigne.com\/wp-content\/uploads\/2022\/05\/Screenshot-2022-05-27-at-18-03-48-celeritup-rodolphe-dragons-resultats-de-la-recherche-Facebook-600x391.png 600w\" sizes=\"(max-width: 741px) 100vw, 741px\" \/>\t\t\t\t\t\t\t\t\t\t\t\t\t\t\t<\/div>\n\t\t\t\t<\/div>\n\t\t\t\t\t<\/div>\n\t\t<\/div>\n\t\t\t\t<div class=\"elementor-column elementor-col-33 elementor-top-column elementor-element elementor-element-ef51b78\" data-id=\"ef51b78\" data-element_type=\"column\" data-e-type=\"column\">\n\t\t\t<div class=\"elementor-widget-wrap elementor-element-populated\">\n\t\t\t\t\t\t<div class=\"elementor-element elementor-element-f14ad32 elementor-widget elementor-widget-text-editor\" data-id=\"f14ad32\" data-element_type=\"widget\" data-e-type=\"widget\" data-widget_type=\"text-editor.default\">\n\t\t\t\t<div class=\"elementor-widget-container\">\n\t\t\t\t\t\t\t\t\t<p><strong>Le lien de la vid\u00e9o \u00e0 copier coll\u00e9 dans votre moteur de recherche : <a href=\"https:\/\/www.facebook.com\/www.celeritup.fr\/videos\/485949489273829\">https:\/\/www.facebook.com\/www.celeritup.fr\/videos\/485949489273829<\/a><\/strong><\/p>\t\t\t\t\t\t\t\t<\/div>\n\t\t\t\t<\/div>\n\t\t\t\t\t<\/div>\n\t\t<\/div>\n\t\t\t\t\t<\/div>\n\t\t<\/section>\n\t\t\t\t<section class=\"elementor-section elementor-top-section elementor-element elementor-element-0093e78 elementor-section-stretched elementor-section-boxed elementor-section-height-default elementor-section-height-default\" data-id=\"0093e78\" data-element_type=\"section\" data-e-type=\"section\" data-settings=\"{&quot;stretch_section&quot;:&quot;section-stretched&quot;}\">\n\t\t\t\t\t\t<div class=\"elementor-container elementor-column-gap-default\">\n\t\t\t\t\t<div class=\"elementor-column elementor-col-100 elementor-top-column elementor-element elementor-element-933241e\" data-id=\"933241e\" data-element_type=\"column\" data-e-type=\"column\">\n\t\t\t<div class=\"elementor-widget-wrap elementor-element-populated\">\n\t\t\t\t\t\t\t<\/div>\n\t\t<\/div>\n\t\t\t\t\t<\/div>\n\t\t<\/section>\n\t\t\t\t<section class=\"elementor-section elementor-top-section elementor-element elementor-element-6e529f3 elementor-section-stretched elementor-section-boxed elementor-section-height-default elementor-section-height-default\" data-id=\"6e529f3\" data-element_type=\"section\" data-e-type=\"section\" data-settings=\"{&quot;stretch_section&quot;:&quot;section-stretched&quot;}\">\n\t\t\t\t\t\t<div class=\"elementor-container elementor-column-gap-default\">\n\t\t\t\t\t<div class=\"elementor-column elementor-col-50 elementor-top-column elementor-element elementor-element-32d66a8\" data-id=\"32d66a8\" data-element_type=\"column\" data-e-type=\"column\">\n\t\t\t<div class=\"elementor-widget-wrap\">\n\t\t\t\t\t\t\t<\/div>\n\t\t<\/div>\n\t\t\t\t<div class=\"elementor-column elementor-col-50 elementor-top-column elementor-element elementor-element-c36ef3f\" data-id=\"c36ef3f\" data-element_type=\"column\" data-e-type=\"column\">\n\t\t\t<div class=\"elementor-widget-wrap elementor-element-populated\">\n\t\t\t\t\t\t<div class=\"elementor-element elementor-element-dcb5bd0 elementor-widget elementor-widget-image\" data-id=\"dcb5bd0\" data-element_type=\"widget\" data-e-type=\"widget\" data-widget_type=\"image.default\">\n\t\t\t\t<div class=\"elementor-widget-container\">\n\t\t\t\t\t\t\t\t\t\t\t\t\t\t\t\t<a href=\"https:\/\/www.facebook.com\/113982406666752\/videos\/485949489273829\">\n\t\t\t\t\t\t\t<img decoding=\"async\" src=\"https:\/\/rodolphevigne.com\/wp-content\/uploads\/2021\/05\/Screenshot_2021-04-10-Facebook-Live-Facebook.png\" title=\"\" alt=\"\" loading=\"lazy\" \/>\t\t\t\t\t\t\t\t<\/a>\n\t\t\t\t\t\t\t\t\t\t\t\t\t\t\t<\/div>\n\t\t\t\t<\/div>\n\t\t\t\t\t<\/div>\n\t\t<\/div>\n\t\t\t\t\t<\/div>\n\t\t<\/section>\n\t\t\t\t<section class=\"elementor-section elementor-top-section elementor-element elementor-element-4bd3b9b elementor-section-stretched elementor-section-boxed elementor-section-height-default elementor-section-height-default\" data-id=\"4bd3b9b\" data-element_type=\"section\" data-e-type=\"section\" data-settings=\"{&quot;stretch_section&quot;:&quot;section-stretched&quot;}\">\n\t\t\t\t\t\t<div class=\"elementor-container elementor-column-gap-default\">\n\t\t\t\t\t<div class=\"elementor-column elementor-col-100 elementor-top-column elementor-element elementor-element-991497b\" data-id=\"991497b\" data-element_type=\"column\" data-e-type=\"column\">\n\t\t\t<div class=\"elementor-widget-wrap elementor-element-populated\">\n\t\t\t\t\t\t<div class=\"elementor-element elementor-element-2b49ee2 elementor-widget elementor-widget-text-editor\" data-id=\"2b49ee2\" data-element_type=\"widget\" data-e-type=\"widget\" data-widget_type=\"text-editor.default\">\n\t\t\t\t<div class=\"elementor-widget-container\">\n\t\t\t\t\t\t\t\t\t<h3 style=\"text-align: center;\"><em><strong><span style=\"color: #0000ff;\">\u00a0<\/span><\/strong><\/em><\/h3><h3><em><strong>Sur une journ\u00e9e je vous propose d\u2019aller \u00e0 la d\u00e9couverte de la fr\u00e9quence des Dragons. J\u2019ai acc\u00e8s \u00e0 cette fr\u00e9quence et je vous propose lors de cette journ\u00e9e de vous permettre d\u2019acc\u00e9der vous aussi \u00e0 ce champ vibratoire.<\/strong><\/em><\/h3><h3><em><strong>Les dragons poss\u00e8dent une belle et puissante \u00e9nergie d\u2019Amour, ils sont des guides et des soutiens pour nous les humains dans cette p\u00e9riode d\u2019\u00e9volution et de changement plan\u00e9taire. Ils l\u2019ont d\u2019ailleurs toujours \u00e9t\u00e9.<\/strong><\/em><\/h3><h3><em><strong>Aujourd\u2019hui sur notre plan\u00e8te, les dimensions subtiles sont plus accessibles, permettant aux Dragons d\u2019interagir avec notre monde plus facilement, et \u00e0 nous, de les contacter plus facilement aussi. \u00c7a va dans les deux sens.<\/strong><\/em><\/h3><h3><em><strong>Il est int\u00e9ressant pour nous d\u2019y avoir acc\u00e8s dans des moments o\u00f9 nous manquons d\u2019entrain, ou le moral est en berne. Mais \u00e9galement pour \u0153uvrer avec eux, pour des soins, des harmonisations ou autres\u2026 Avoir acc\u00e8s \u00e0 leur vibration c\u2019est \u00eatre toujours soutenu.<\/strong><\/em><\/h3><h3><em><strong>Rencontrer les Dragons c\u2019est ouvrir son c\u0153ur encore plus grand<\/strong><\/em><\/h3><h3><em><strong>Acc\u00e9der \u00e0 leur \u00e9nergie c\u2019est se donner une ressource, un soutien, se sentir accompagn\u00e9 jours apr\u00e8s jour&#8230; C\u2019est comme \u00e7a que fonctionne ma relation avec eux. C\u2019est tr\u00e8s facile pour moi de rentrer en relation avec eux. C\u2019est comme si je retrouvais des \u00ab\u00a0Fr\u00e8res\u00a0\u00bb.<\/strong><\/em><\/h3><h3><em><strong>Et je vais vous les pr\u00e9senter\u00a0\ud83d\ude09<\/strong><\/em><\/h3><h3><em><strong>*L\u2019\u00e9nergie des Dragons sera pr\u00e9sente tout au long de la journ\u00e9e. Vous permettant un travail de lib\u00e9ration et d\u2019ouverture global corps\/\u00e2me\/esprit \u2026Il est n\u00e9cessaire d\u2019\u00eatre soi-m\u00eame \u00e0 un bon taux vibratoire<\/strong><\/em><\/h3><h3><em><strong>Chacun\/chacune re\u00e7oit ce qui est juste pour elle\/lui dans la justesse de l\u2019instant.<\/strong><\/em><\/h3><h3>\u00a0<\/h3><h3><em><strong>D\u00e9roulement de la journ\u00e9e\u00a0:<\/strong><\/em><\/h3><h3><em><strong>Accueil \/ Connexion zoom de 9H15 \u00e0 9H30<\/strong><\/em><\/h3><h3><em><strong>Un temps de pr\u00e9sentation avec questions r\u00e9ponses<\/strong><\/em><\/h3><h3><em><strong>-Int\u00e9gration des attributs d\u00e9j\u00e0 pr\u00e9sent<\/strong><\/em><\/h3><h3><em><strong>-Ouverture des canaux de perceptions, r\u00e9ceptions et expressions<\/strong><\/em><\/h3><h3><em><strong>Un soin collectif avec les Dragons pour faire le lien avec eux, s\u2019accorder avec eux.<\/strong><\/em><\/h3><h3><em><strong>Ensuite nous continuerons le travail de connexion \u00e9nerg\u00e9tique avec vos t\u00e9moignages, l\u2019expression de vos besoins ressentis pour continuer l\u2019alignement. Chaque expression personnelle profite \u00e0 l\u2019ensemble du groupe.<\/strong><\/em><\/h3><h3><em><strong>Pause d\u00e9jeun\u00e9<\/strong><\/em><\/h3><h3><em><strong>Apr\u00e8s-midi\u00a0:<\/strong><\/em><\/h3><h3><em><strong>Un temps en individuel pour la transmission initiatique<\/strong><\/em><\/h3><h3><em><strong>Historique sur les Dragons \u00e0 travers les \u00e2ges<\/strong><\/em><\/h3><h3><em><strong>Atelier en bin\u00f4me\u00a0: se connecter \u00e0 un Dragon et \u0153uvrer avec lui, le ressentir. J\u2019assurerai la supervision des bin\u00f4mes. L\u2019application zoom donne acc\u00e8s \u00e0 des salles pour se r\u00e9partir en sous-groupe.<\/strong><\/em><\/h3><h3><em><strong>Pour terminer la journ\u00e9e je vous proposerai un dernier temps questions \/ r\u00e9ponses \/ D\u00e9briefing et ajustement.<\/strong><\/em><\/h3><h3><em><strong>Pour qui\u00a0?\u00a0:<\/strong><\/em><\/h3><h3><em><strong>Cette journ\u00e9e d\u2019initiation \u00e0 l\u2019\u00e9nergie Dragonnique est ouverte \u00e0 toutes personnes se sentant appel\u00e9 par les Dragons. Que vous soyez th\u00e9rapeute ou non. Actuellement beaucoup de personnes per\u00e7oivent cette \u00e9nergie-l\u00e0. C\u2019est une attirance, une intuition.<\/strong><\/em><\/h3><h3><em><strong>-Pour les personnes qui veulent d\u00e9velopper leurs perceptions<\/strong><\/em><\/h3><h3><em><strong>-Pour les personnes qui sont dans une d\u00e9marche th\u00e9rapeutique (des soins seront re\u00e7us)<\/strong><\/em><\/h3><h3><em><strong>-Pour les personnes qui veulent apprendre \u00e0 se connecter aux diff\u00e9rents plans vibratoires, autres que celui des Dragons.<\/strong><\/em><\/h3><h3><em><strong>Comment\u00a0?\u00a0:<\/strong><\/em><\/h3><h3><em><strong>Sur une journ\u00e9e de 9H30 \u00e0 17H00 (cela peu d\u00e9border) avec pause d\u00e9jeuner.\u00a0<\/strong><\/em><\/h3><h3><em><strong>La journ\u00e9e de stage peut \u00eatre en visioconf\u00e9rence ou en pr\u00e9sence.<\/strong><\/em><\/h3><h3><em><strong>Pour y participer en visio, vous avez besoin de t\u00e9l\u00e9charger l\u2019application zoom et de cr\u00e9er un compte. C\u2019est gratuit. Installez-vous confortablement, pr\u00e9voyez de quoi boire tout au long de la journ\u00e9e.<\/strong><\/em><\/h3><h3><em><strong><a href=\"https:\/\/rodolphevigne.com\/?product=initiation-a-lenergie-des-dragons-le-20-juin\">Le tarif de cette journ\u00e9e de stage est de 180\u20ac.<\/a><\/strong><\/em><\/h3><h3><em><strong> Le paiement vaut inscription. Vous recevrez le lien de connexion le matin m\u00eame du stage.<\/strong><\/em><br \/><em><strong>Pour plus de renseignements vous pouvez \u00e9galement me contacter :\u00a0\u00a0\u00a0 \u00a0\u00a0\u00a0\u00a0\u00a0\u00a0\u00a0\u00a0\u00a0\u00a0\u00a0\u00a0\u00a0\u00a0\u00a0\u00a0\u00a0\u00a0\u00a0\u00a0\u00a0\u00a0\u00a0\u00a0\u00a0 \u00a0 \u00a0 \u00a0 \u00a0 \u00a0\u00a0 \u00a0 \u00a0 \u00a0 \u00a0 \u00a0 \u00a0 \u00a0 EMAIL : <a href=\"rodolphe.vigne777@gmail.com\">rodolphe.vigne777@gmail.com<\/a> \u00a0\u00a0\u00a0\u00a0\u00a0\u00a0\u00a0\u00a0\u00a0\u00a0 \u00a0 \u00a0 \u00a0 \u00a0 \u00a0 \u00a0 \u00a0\u00a0\u00a0\u00a0\u00a0\u00a0\u00a0\u00a0\u00a0\u00a0\u00a0\u00a0\u00a0\u00a0\u00a0\u00a0\u00a0\u00a0\u00a0\u00a0\u00a0\u00a0\u00a0\u00a0\u00a0\u00a0\u00a0\u00a0\u00a0\u00a0\u00a0\u00a0\u00a0\u00a0\u00a0 \u00a0\u00a0\u00a0 \u00a0 \u00a0 \u00a0 \u00a0 \u00a0 \u00a0 \u00a0 \u00a0 \u00a0 \u00a0 \u00a0 \u00a0 \u00a0 \u00a0 \u00a0 \u00a0 \u00a0 \u00a0 \u00a0 \u00a0 \u00a0\u00a0 \u00a0 \u00a0 \u00a0 \u00a0 \u00a0\u00a0 TEL : 06 95 72 33 93<\/strong><\/em><\/h3>\t\t\t\t\t\t\t\t<\/div>\n\t\t\t\t<\/div>\n\t\t\t\t\t<\/div>\n\t\t<\/div>\n\t\t\t\t\t<\/div>\n\t\t<\/section>\n\t\t\t\t<\/div>\n\t\t<span class=\"et_bloom_bottom_trigger\"><\/span>","protected":false},"excerpt":{"rendered":"<p>\u00c9quilibre et perspectives Rodolphe Vigne\u00a0\u00a0\u00a0\u00a0\u00a0\u00a0\u00a0\u00a0\u00a0\u00a0\u00a0\u00a0\u00a0\u00a0\u00a0\u00a0\u00a0\u00a0\u00a0\u00a0\u00a0 \u00a0 Gu\u00e9risseur dans l\u2019\u00c2me Contact : 06 95 72 33 93 rodolphe.vigne@bbox.fr Le lien de [&hellip;]<\/p>\n","protected":false},"author":1,"featured_media":1180,"parent":0,"menu_order":0,"comment_status":"closed","ping_status":"closed","template":"","meta":{"site-sidebar-layout":"default","site-content-layout":"","ast-site-content-layout":"default","site-content-style":"default","site-sidebar-style":"default","ast-global-header-display":"","ast-banner-title-visibility":"","ast-main-header-display":"","ast-hfb-above-header-display":"","ast-hfb-below-header-display":"","ast-hfb-mobile-header-display":"","site-post-title":"","ast-breadcrumbs-content":"","ast-featured-img":"","footer-sml-layout":"","ast-disable-related-posts":"","theme-transparent-header-meta":"","adv-header-id-meta":"","stick-header-meta":"","header-above-stick-meta":"","header-main-stick-meta":"","header-below-stick-meta":"","astra-migrate-meta-layouts":"default","ast-page-background-enabled":"default","ast-page-background-meta":{"desktop":{"background-color":"var(--ast-global-color-5)","background-image":"","background-repeat":"repeat","background-position":"center center","background-size":"auto","background-attachment":"scroll","background-type":"","background-media":"","overlay-type":"","overlay-color":"","overlay-opacity":"","overlay-gradient":""},"tablet":{"background-color":"","background-image":"","background-repeat":"repeat","background-position":"center center","background-size":"auto","background-attachment":"scroll","background-type":"","background-media":"","overlay-type":"","overlay-color":"","overlay-opacity":"","overlay-gradient":""},"mobile":{"background-color":"","background-image":"","background-repeat":"repeat","background-position":"center center","background-size":"auto","background-attachment":"scroll","background-type":"","background-media":"","overlay-type":"","overlay-color":"","overlay-opacity":"","overlay-gradient":""}},"ast-content-background-meta":{"desktop":{"background-color":"var(--ast-global-color-4)","background-image":"","background-repeat":"repeat","background-position":"center center","background-size":"auto","background-attachment":"scroll","background-type":"","background-media":"","overlay-type":"","overlay-color":"","overlay-opacity":"","overlay-gradient":""},"tablet":{"background-color":"var(--ast-global-color-4)","background-image":"","background-repeat":"repeat","background-position":"center center","background-size":"auto","background-attachment":"scroll","background-type":"","background-media":"","overlay-type":"","overlay-color":"","overlay-opacity":"","overlay-gradient":""},"mobile":{"background-color":"var(--ast-global-color-4)","background-image":"","background-repeat":"repeat","background-position":"center center","background-size":"auto","background-attachment":"scroll","background-type":"","background-media":"","overlay-type":"","overlay-color":"","overlay-opacity":"","overlay-gradient":""}},"_ti_tpc_template_sync":false,"_ti_tpc_template_id":"","footnotes":""},"class_list":["post-1178","page","type-page","status-publish","has-post-thumbnail","hentry"],"_links":{"self":[{"href":"https:\/\/rodolphevigne.com\/index.php?rest_route=\/wp\/v2\/pages\/1178","targetHints":{"allow":["GET"]}}],"collection":[{"href":"https:\/\/rodolphevigne.com\/index.php?rest_route=\/wp\/v2\/pages"}],"about":[{"href":"https:\/\/rodolphevigne.com\/index.php?rest_route=\/wp\/v2\/types\/page"}],"author":[{"embeddable":true,"href":"https:\/\/rodolphevigne.com\/index.php?rest_route=\/wp\/v2\/users\/1"}],"replies":[{"embeddable":true,"href":"https:\/\/rodolphevigne.com\/index.php?rest_route=%2Fwp%2Fv2%2Fcomments&post=1178"}],"version-history":[{"count":19,"href":"https:\/\/rodolphevigne.com\/index.php?rest_route=\/wp\/v2\/pages\/1178\/revisions"}],"predecessor-version":[{"id":1768,"href":"https:\/\/rodolphevigne.com\/index.php?rest_route=\/wp\/v2\/pages\/1178\/revisions\/1768"}],"wp:featuredmedia":[{"embeddable":true,"href":"https:\/\/rodolphevigne.com\/index.php?rest_route=\/wp\/v2\/media\/1180"}],"wp:attachment":[{"href":"https:\/\/rodolphevigne.com\/index.php?rest_route=%2Fwp%2Fv2%2Fmedia&parent=1178"}],"curies":[{"name":"wp","href":"https:\/\/api.w.org\/{rel}","templated":true}]}}